{"id":787,"date":"2023-05-05T15:03:19","date_gmt":"2023-05-05T14:03:19","guid":{"rendered":"http:\/\/eufoodsecurityhub.org\/bones-practiques\/"},"modified":"2023-08-28T07:11:40","modified_gmt":"2023-08-28T06:11:40","slug":"bones-practiques","status":"publish","type":"page","link":"https:\/\/eufoodsecurityhub.org\/ca\/bones-practiques\/","title":{"rendered":"Bones pr\u00e0ctiques"},"content":{"rendered":"\t\t<div data-elementor-type=\"wp-page\" data-elementor-id=\"787\" class=\"elementor elementor-787 elementor-345\" data-elementor-post-type=\"page\">\n\t\t\t\t\t\t<section class=\"elementor-section elementor-top-section elementor-element elementor-element-b24e560 elementor-section-boxed elementor-section-height-default elementor-section-height-default\" data-id=\"b24e560\" data-element_type=\"section\" data-e-type=\"section\">\n\t\t\t\t\t\t<div class=\"elementor-container elementor-column-gap-default\">\n\t\t\t\t\t<div class=\"elementor-column elementor-col-33 elementor-top-column elementor-element elementor-element-9563708\" data-id=\"9563708\" data-element_type=\"column\" data-e-type=\"column\">\n\t\t\t<div class=\"elementor-widget-wrap elementor-element-populated\">\n\t\t\t\t\t\t<div class=\"elementor-element elementor-element-22796c0 elementor-widget__width-inherit elementor-widget elementor-widget-image\" data-id=\"22796c0\" data-element_type=\"widget\" data-e-type=\"widget\" data-widget_type=\"image.default\">\n\t\t\t\t<div class=\"elementor-widget-container\">\n\t\t\t\t\t\t\t\t\t\t\t\t\t\t\t<img decoding=\"async\" src=\"https:\/\/eufoodsecurityhub.org\/wp-content\/uploads\/2023\/05\/puntos-cortos.png\" title=\"puntos cortos\" alt=\"puntos cortos\" loading=\"lazy\" \/>\t\t\t\t\t\t\t\t\t\t\t\t\t\t\t<\/div>\n\t\t\t\t<\/div>\n\t\t\t\t\t<\/div>\n\t\t<\/div>\n\t\t\t\t<div class=\"elementor-column elementor-col-33 elementor-top-column elementor-element elementor-element-7a2d879\" data-id=\"7a2d879\" data-element_type=\"column\" data-e-type=\"column\">\n\t\t\t<div class=\"elementor-widget-wrap elementor-element-populated\">\n\t\t\t\t\t\t<div class=\"elementor-element elementor-element-a53ac7f elementor-widget elementor-widget-heading\" data-id=\"a53ac7f\" data-element_type=\"widget\" data-e-type=\"widget\" data-widget_type=\"heading.default\">\n\t\t\t\t<div class=\"elementor-widget-container\">\n\t\t\t\t\t<h2 class=\"elementor-heading-title elementor-size-default\">Bones pr\u00e0ctiques<\/h2>\t\t\t\t<\/div>\n\t\t\t\t<\/div>\n\t\t\t\t\t<\/div>\n\t\t<\/div>\n\t\t\t\t<div class=\"elementor-column elementor-col-33 elementor-top-column elementor-element elementor-element-6e3c876\" data-id=\"6e3c876\" data-element_type=\"column\" data-e-type=\"column\">\n\t\t\t<div class=\"elementor-widget-wrap elementor-element-populated\">\n\t\t\t\t\t\t<div class=\"elementor-element elementor-element-40911d1 elementor-widget__width-inherit elementor-widget elementor-widget-image\" data-id=\"40911d1\" data-element_type=\"widget\" data-e-type=\"widget\" data-widget_type=\"image.default\">\n\t\t\t\t<div class=\"elementor-widget-container\">\n\t\t\t\t\t\t\t\t\t\t\t\t\t\t\t<img decoding=\"async\" src=\"https:\/\/eufoodsecurityhub.org\/wp-content\/uploads\/2023\/05\/puntos-cortos.png\" title=\"puntos cortos\" alt=\"puntos cortos\" loading=\"lazy\" \/>\t\t\t\t\t\t\t\t\t\t\t\t\t\t\t<\/div>\n\t\t\t\t<\/div>\n\t\t\t\t\t<\/div>\n\t\t<\/div>\n\t\t\t\t\t<\/div>\n\t\t<\/section>\n\t\t\t\t<section class=\"elementor-section elementor-top-section elementor-element elementor-element-4766b3a elementor-section-boxed elementor-section-height-default elementor-section-height-default\" data-id=\"4766b3a\" data-element_type=\"section\" data-e-type=\"section\" data-settings=\"{&quot;background_background&quot;:&quot;classic&quot;}\">\n\t\t\t\t\t\t<div class=\"elementor-container elementor-column-gap-default\">\n\t\t\t\t\t<div class=\"elementor-column elementor-col-100 elementor-top-column elementor-element elementor-element-de77598\" data-id=\"de77598\" data-element_type=\"column\" data-e-type=\"column\">\n\t\t\t<div class=\"elementor-widget-wrap elementor-element-populated\">\n\t\t\t\t\t\t<div class=\"elementor-element elementor-element-a550ae2 elementor-widget elementor-widget-heading\" data-id=\"a550ae2\" data-element_type=\"widget\" data-e-type=\"widget\" data-widget_type=\"heading.default\">\n\t\t\t\t<div class=\"elementor-widget-container\">\n\t\t\t\t\t<h2 class=\"elementor-heading-title elementor-size-default\">El projecte EU Food Security HUB \u00e9s complementari a les seg\u00fcents iniciatives dutes a terme per les organitzacions del Consorci: <\/h2>\t\t\t\t<\/div>\n\t\t\t\t<\/div>\n\t\t\t\t\t<\/div>\n\t\t<\/div>\n\t\t\t\t\t<\/div>\n\t\t<\/section>\n\t\t\t\t<section class=\"elementor-section elementor-top-section elementor-element elementor-element-6740546 elementor-section-boxed elementor-section-height-default elementor-section-height-default\" data-id=\"6740546\" data-element_type=\"section\" data-e-type=\"section\">\n\t\t\t\t\t\t<div class=\"elementor-container elementor-column-gap-no\">\n\t\t\t\t\t<div class=\"elementor-column elementor-col-50 elementor-top-column elementor-element elementor-element-bd12cee\" data-id=\"bd12cee\" data-element_type=\"column\" data-e-type=\"column\">\n\t\t\t<div class=\"elementor-widget-wrap elementor-element-populated\">\n\t\t\t\t\t\t<div class=\"elementor-element elementor-element-6ed72f9 elementor-widget elementor-widget-image\" data-id=\"6ed72f9\" data-element_type=\"widget\" data-e-type=\"widget\" data-widget_type=\"image.default\">\n\t\t\t\t<div class=\"elementor-widget-container\">\n\t\t\t\t\t\t\t\t\t\t\t\t\t\t\t<img fetchpriority=\"high\" decoding=\"async\" width=\"1169\" height=\"927\" src=\"https:\/\/eufoodsecurityhub.org\/wp-content\/uploads\/2023\/05\/PRAC-1.png\" class=\"attachment-full size-full wp-image-348\" alt=\"\" srcset=\"https:\/\/eufoodsecurityhub.org\/wp-content\/uploads\/2023\/05\/PRAC-1.png 1169w, https:\/\/eufoodsecurityhub.org\/wp-content\/uploads\/2023\/05\/PRAC-1-300x238.png 300w, https:\/\/eufoodsecurityhub.org\/wp-content\/uploads\/2023\/05\/PRAC-1-1024x812.png 1024w, https:\/\/eufoodsecurityhub.org\/wp-content\/uploads\/2023\/05\/PRAC-1-768x609.png 768w\" sizes=\"(max-width: 1169px) 100vw, 1169px\" \/>\t\t\t\t\t\t\t\t\t\t\t\t\t\t\t<\/div>\n\t\t\t\t<\/div>\n\t\t\t\t<div class=\"elementor-element elementor-element-c459d2e elementor-align-center elementor-widget elementor-widget-button\" data-id=\"c459d2e\" data-element_type=\"widget\" data-e-type=\"widget\" data-widget_type=\"button.default\">\n\t\t\t\t<div class=\"elementor-widget-container\">\n\t\t\t\t\t\t\t\t\t<div class=\"elementor-button-wrapper\">\n\t\t\t\t\t<a class=\"elementor-button elementor-button-link elementor-size-md\" href=\"https:\/\/abd.ong\/programas\/la-botiga\/%20\" target=\"_blank\">\n\t\t\t\t\t\t<span class=\"elementor-button-content-wrapper\">\n\t\t\t\t\t\t\t\t\t<span class=\"elementor-button-text\">VISITA EL WEB<\/span>\n\t\t\t\t\t<\/span>\n\t\t\t\t\t<\/a>\n\t\t\t\t<\/div>\n\t\t\t\t\t\t\t\t<\/div>\n\t\t\t\t<\/div>\n\t\t\t\t<div class=\"elementor-element elementor-element-83455b2 elementor-widget__width-initial elementor-widget elementor-widget-text-editor\" data-id=\"83455b2\" data-element_type=\"widget\" data-e-type=\"widget\" data-widget_type=\"text-editor.default\">\n\t\t\t\t<div class=\"elementor-widget-container\">\n\t\t\t\t\t\t\t\t\t<p class=\"p1\"><b>La Botiga,<\/b> gestionada per ABD, \u00e9s una cooperativa p\u00fablica de l&#8217;Ajuntament del Prat de Llobregat que t\u00e9 com a objectiu combatre la inseguretat aliment\u00e0ria, a trav\u00e9s de l&#8217;apoderament comunitari i la inclusi\u00f3 sociolaboral de grups vulnerables. La Botiga sorgeix com a resposta a les estrat\u00e8gies tradicionals de distribuci\u00f3 d&#8217;aliments, creant un espai innovador obert a tota la ciutadania. Alguns dels valors que es promouen s\u00f3n l&#8217;activaci\u00f3 comunit\u00e0ria, els h\u00e0bits saludables, el consum de productes locals i socialment responsables, la cohesi\u00f3 social i la lluita contra els residus alimentaris.<span class=\"Apple-converted-space\"> <\/span><\/p>\n\t\t\t\t\t\t\t\t<\/div>\n\t\t\t\t<\/div>\n\t\t\t\t\t<\/div>\n\t\t<\/div>\n\t\t\t\t<div class=\"elementor-column elementor-col-50 elementor-top-column elementor-element elementor-element-0c8202c\" data-id=\"0c8202c\" data-element_type=\"column\" data-e-type=\"column\">\n\t\t\t<div class=\"elementor-widget-wrap elementor-element-populated\">\n\t\t\t\t\t\t<div class=\"elementor-element elementor-element-722f5e6 elementor-widget elementor-widget-image\" data-id=\"722f5e6\" data-element_type=\"widget\" data-e-type=\"widget\" data-widget_type=\"image.default\">\n\t\t\t\t<div class=\"elementor-widget-container\">\n\t\t\t\t\t\t\t\t\t\t\t\t\t\t\t<img decoding=\"async\" width=\"1169\" height=\"927\" src=\"https:\/\/eufoodsecurityhub.org\/wp-content\/uploads\/2023\/05\/PRac-2.png\" class=\"attachment-full size-full wp-image-354\" alt=\"\" srcset=\"https:\/\/eufoodsecurityhub.org\/wp-content\/uploads\/2023\/05\/PRac-2.png 1169w, https:\/\/eufoodsecurityhub.org\/wp-content\/uploads\/2023\/05\/PRac-2-300x238.png 300w, https:\/\/eufoodsecurityhub.org\/wp-content\/uploads\/2023\/05\/PRac-2-1024x812.png 1024w, https:\/\/eufoodsecurityhub.org\/wp-content\/uploads\/2023\/05\/PRac-2-768x609.png 768w\" sizes=\"(max-width: 1169px) 100vw, 1169px\" \/>\t\t\t\t\t\t\t\t\t\t\t\t\t\t\t<\/div>\n\t\t\t\t<\/div>\n\t\t\t\t<div class=\"elementor-element elementor-element-85bfd27 elementor-widget__width-initial elementor-widget elementor-widget-text-editor\" data-id=\"85bfd27\" data-element_type=\"widget\" data-e-type=\"widget\" data-widget_type=\"text-editor.default\">\n\t\t\t\t<div class=\"elementor-widget-container\">\n\t\t\t\t\t\t\t\t\t<p class=\"p1\"><b>The Social Kitchen<\/b> de IASIS \u00e9s una iniciativa que ofereix serveis alimentaris a la ciutadania del municipi de Nova Filad\u00e8lfia a Chalkidona (Atenes) i est\u00e0 orientada a les persones que s&#8217;enfronten a situacions de vulnerabilitat. El seu objectiu principal \u00e9s cobrir les necessitats b\u00e0siques de les persones que es troben en un estat de pobresa o sense llar.&nbsp;<span style=\"letter-spacing: 0px;\">Alguns dels serveis prestats per The Social Kitchen s\u00f3n: diagn\u00f2stic i mobilitzaci\u00f3 de la ciutadania vulnerable per satisfer les seves necessitats i redefinir les seves vides; l&#8217;enlla\u00e7 d&#8217;individus amb serveis socials per a la informaci\u00f3 i el suport; l&#8217;apoderament psicosocial; l&#8217;acc\u00e9s a menjar i roba neta.<\/span><\/p>\n\t\t\t\t\t\t\t\t<\/div>\n\t\t\t\t<\/div>\n\t\t\t\t\t<\/div>\n\t\t<\/div>\n\t\t\t\t\t<\/div>\n\t\t<\/section>\n\t\t\t\t<section class=\"elementor-section elementor-top-section elementor-element elementor-element-306b9ac elementor-section-boxed elementor-section-height-default elementor-section-height-default\" data-id=\"306b9ac\" data-element_type=\"section\" data-e-type=\"section\">\n\t\t\t\t\t\t<div class=\"elementor-container elementor-column-gap-no\">\n\t\t\t\t\t<div class=\"elementor-column elementor-col-50 elementor-top-column elementor-element elementor-element-262ab93\" data-id=\"262ab93\" data-element_type=\"column\" data-e-type=\"column\">\n\t\t\t<div class=\"elementor-widget-wrap elementor-element-populated\">\n\t\t\t\t\t\t<div class=\"elementor-element elementor-element-aa87537 elementor-widget elementor-widget-image\" data-id=\"aa87537\" data-element_type=\"widget\" data-e-type=\"widget\" data-widget_type=\"image.default\">\n\t\t\t\t<div class=\"elementor-widget-container\">\n\t\t\t\t\t\t\t\t\t\t\t\t\t\t\t<img decoding=\"async\" width=\"1169\" height=\"927\" src=\"https:\/\/eufoodsecurityhub.org\/wp-content\/uploads\/2023\/05\/Prac-3.png\" class=\"attachment-full size-full wp-image-360\" alt=\"\" srcset=\"https:\/\/eufoodsecurityhub.org\/wp-content\/uploads\/2023\/05\/Prac-3.png 1169w, https:\/\/eufoodsecurityhub.org\/wp-content\/uploads\/2023\/05\/Prac-3-300x238.png 300w, https:\/\/eufoodsecurityhub.org\/wp-content\/uploads\/2023\/05\/Prac-3-1024x812.png 1024w, https:\/\/eufoodsecurityhub.org\/wp-content\/uploads\/2023\/05\/Prac-3-768x609.png 768w\" sizes=\"(max-width: 1169px) 100vw, 1169px\" \/>\t\t\t\t\t\t\t\t\t\t\t\t\t\t\t<\/div>\n\t\t\t\t<\/div>\n\t\t\t\t<div class=\"elementor-element elementor-element-2bd3374 elementor-align-center elementor-widget elementor-widget-button\" data-id=\"2bd3374\" data-element_type=\"widget\" data-e-type=\"widget\" data-widget_type=\"button.default\">\n\t\t\t\t<div class=\"elementor-widget-container\">\n\t\t\t\t\t\t\t\t\t<div class=\"elementor-button-wrapper\">\n\t\t\t\t\t<a class=\"elementor-button elementor-button-link elementor-size-md\" href=\"https:\/\/impresasocialeland.org\/\" target=\"_blank\">\n\t\t\t\t\t\t<span class=\"elementor-button-content-wrapper\">\n\t\t\t\t\t\t\t\t\t<span class=\"elementor-button-text\">VISITA EL WEB<\/span>\n\t\t\t\t\t<\/span>\n\t\t\t\t\t<\/a>\n\t\t\t\t<\/div>\n\t\t\t\t\t\t\t\t<\/div>\n\t\t\t\t<\/div>\n\t\t\t\t<div class=\"elementor-element elementor-element-24f9474 elementor-widget__width-initial elementor-widget elementor-widget-text-editor\" data-id=\"24f9474\" data-element_type=\"widget\" data-e-type=\"widget\" data-widget_type=\"text-editor.default\">\n\t\t\t\t<div class=\"elementor-widget-container\">\n\t\t\t\t\t\t\t\t\t<p class=\"p1\"><b>Land<\/b> es un sistema agr\u00edcola innovador i sostenible nascut de l&#8217;experi\u00e8ncia anterior adquirida per l&#8217;associaci\u00f3 CESIE. Land gestiona una granja situada a la prov\u00edncia de Palerm, que alberga un centre de treball agroalimentari, amb un espai de treball verd i intel\u00b7ligent per al personal i un ampli espai a l&#8217;aire lliure per a l&#8217;agricultura innovadora i per a activitats educatives i culturals. Land promou una revoluci\u00f3 verda amb l&#8217;objectiu d&#8217;innovar i fomentar projectes d\u2019empreneduria en diferents \u00e0mbits, incloent el desenvolupament rural, la resili\u00e8ncia comunit\u00e0ria, l&#8217;energia renovable, la transici\u00f3 ecol\u00f2gica, el turisme sostenible i la mobilitat i la creaci\u00f3 d&#8217;un Living Lab a Sic\u00edlia.<span class=\"Apple-converted-space\"> <\/span><\/p>\n\t\t\t\t\t\t\t\t<\/div>\n\t\t\t\t<\/div>\n\t\t\t\t\t<\/div>\n\t\t<\/div>\n\t\t\t\t<div class=\"elementor-column elementor-col-50 elementor-top-column elementor-element elementor-element-d2cdc1b\" data-id=\"d2cdc1b\" data-element_type=\"column\" data-e-type=\"column\">\n\t\t\t<div class=\"elementor-widget-wrap elementor-element-populated\">\n\t\t\t\t\t\t<div class=\"elementor-element elementor-element-a081185 elementor-widget elementor-widget-image\" data-id=\"a081185\" data-element_type=\"widget\" data-e-type=\"widget\" data-widget_type=\"image.default\">\n\t\t\t\t<div class=\"elementor-widget-container\">\n\t\t\t\t\t\t\t\t\t\t\t\t\t\t\t<img loading=\"lazy\" decoding=\"async\" width=\"1169\" height=\"927\" src=\"https:\/\/eufoodsecurityhub.org\/wp-content\/uploads\/2023\/05\/Prac-4.png\" class=\"attachment-full size-full wp-image-366\" alt=\"\" srcset=\"https:\/\/eufoodsecurityhub.org\/wp-content\/uploads\/2023\/05\/Prac-4.png 1169w, https:\/\/eufoodsecurityhub.org\/wp-content\/uploads\/2023\/05\/Prac-4-300x238.png 300w, https:\/\/eufoodsecurityhub.org\/wp-content\/uploads\/2023\/05\/Prac-4-1024x812.png 1024w, https:\/\/eufoodsecurityhub.org\/wp-content\/uploads\/2023\/05\/Prac-4-768x609.png 768w\" sizes=\"(max-width: 1169px) 100vw, 1169px\" \/>\t\t\t\t\t\t\t\t\t\t\t\t\t\t\t<\/div>\n\t\t\t\t<\/div>\n\t\t\t\t<div class=\"elementor-element elementor-element-5dd6e23 elementor-align-center elementor-widget elementor-widget-button\" data-id=\"5dd6e23\" data-element_type=\"widget\" data-e-type=\"widget\" data-widget_type=\"button.default\">\n\t\t\t\t<div class=\"elementor-widget-container\">\n\t\t\t\t\t\t\t\t\t<div class=\"elementor-button-wrapper\">\n\t\t\t\t\t<a class=\"elementor-button elementor-button-link elementor-size-md\" href=\"https:\/\/mail.acra.it\/cosa-facciamo\/aree-di-intervento\/italia-ed-europa\/cascina-santalberto%20\" target=\"_blank\">\n\t\t\t\t\t\t<span class=\"elementor-button-content-wrapper\">\n\t\t\t\t\t\t\t\t\t<span class=\"elementor-button-text\">VISITA EL WEB<\/span>\n\t\t\t\t\t<\/span>\n\t\t\t\t\t<\/a>\n\t\t\t\t<\/div>\n\t\t\t\t\t\t\t\t<\/div>\n\t\t\t\t<\/div>\n\t\t\t\t<div class=\"elementor-element elementor-element-bc6f6eb elementor-widget__width-initial elementor-widget elementor-widget-text-editor\" data-id=\"bc6f6eb\" data-element_type=\"widget\" data-e-type=\"widget\" data-widget_type=\"text-editor.default\">\n\t\t\t\t<div class=\"elementor-widget-container\">\n\t\t\t\t\t\t\t\t\t<p class=\"p1\"><b>Cascina Sant&#8217;Alberto<\/b>, un projecte gestionat per ACRA en coordinaci\u00f3 amb l\u2019Ajuntament de Mil\u00e0, t\u00e9 com a objectiu donar suport a la producci\u00f3 agr\u00edcola sostenible; promoure la formaci\u00f3 professional i l&#8217;ocupaci\u00f3 per a joves vulnerables; promoure la comercialitzaci\u00f3 de productes agr\u00edcoles, implicant la societat civil, la comunitat local i promoure la consci\u00e8ncia de l&#8217;economia social i l&#8217;agroecologia. L&#8217;agricultura \u00e9s l&#8217;eina per proporcionar oportunitats d&#8217;ocupaci\u00f3, promoure la sustanibilitat i el medi ambient, augmentar la sensibilitzaci\u00f3 i mobilitzar les comunitats locals.<\/p>\n\t\t\t\t\t\t\t\t<\/div>\n\t\t\t\t<\/div>\n\t\t\t\t\t<\/div>\n\t\t<\/div>\n\t\t\t\t\t<\/div>\n\t\t<\/section>\n\t\t\t\t<section class=\"elementor-section elementor-top-section elementor-element elementor-element-83c834e elementor-section-boxed elementor-section-height-default elementor-section-height-default\" data-id=\"83c834e\" data-element_type=\"section\" data-e-type=\"section\">\n\t\t\t\t\t\t<div class=\"elementor-container elementor-column-gap-no\">\n\t\t\t\t\t<div class=\"elementor-column elementor-col-50 elementor-top-column elementor-element elementor-element-d6d0b24\" data-id=\"d6d0b24\" data-element_type=\"column\" data-e-type=\"column\">\n\t\t\t<div class=\"elementor-widget-wrap elementor-element-populated\">\n\t\t\t\t\t\t<div class=\"elementor-element elementor-element-f6e83b4 elementor-widget elementor-widget-image\" data-id=\"f6e83b4\" data-element_type=\"widget\" data-e-type=\"widget\" data-widget_type=\"image.default\">\n\t\t\t\t<div class=\"elementor-widget-container\">\n\t\t\t\t\t\t\t\t\t\t\t\t\t\t\t<img loading=\"lazy\" decoding=\"async\" width=\"1169\" height=\"927\" src=\"https:\/\/eufoodsecurityhub.org\/wp-content\/uploads\/2023\/05\/Prac-5.png\" class=\"attachment-full size-full wp-image-372\" alt=\"\" srcset=\"https:\/\/eufoodsecurityhub.org\/wp-content\/uploads\/2023\/05\/Prac-5.png 1169w, https:\/\/eufoodsecurityhub.org\/wp-content\/uploads\/2023\/05\/Prac-5-300x238.png 300w, https:\/\/eufoodsecurityhub.org\/wp-content\/uploads\/2023\/05\/Prac-5-1024x812.png 1024w, https:\/\/eufoodsecurityhub.org\/wp-content\/uploads\/2023\/05\/Prac-5-768x609.png 768w\" sizes=\"(max-width: 1169px) 100vw, 1169px\" \/>\t\t\t\t\t\t\t\t\t\t\t\t\t\t\t<\/div>\n\t\t\t\t<\/div>\n\t\t\t\t<div class=\"elementor-element elementor-element-d21d43e elementor-align-center elementor-widget elementor-widget-button\" data-id=\"d21d43e\" data-element_type=\"widget\" data-e-type=\"widget\" data-widget_type=\"button.default\">\n\t\t\t\t<div class=\"elementor-widget-container\">\n\t\t\t\t\t\t\t\t\t<div class=\"elementor-button-wrapper\">\n\t\t\t\t\t<a class=\"elementor-button elementor-button-link elementor-size-md\" href=\"https:\/\/hub.urgenci.net\/%20\" target=\"_blank\">\n\t\t\t\t\t\t<span class=\"elementor-button-content-wrapper\">\n\t\t\t\t\t\t\t\t\t<span class=\"elementor-button-text\">VISITA EL WEB<\/span>\n\t\t\t\t\t<\/span>\n\t\t\t\t\t<\/a>\n\t\t\t\t<\/div>\n\t\t\t\t\t\t\t\t<\/div>\n\t\t\t\t<\/div>\n\t\t\t\t<div class=\"elementor-element elementor-element-151df46 elementor-widget__width-initial elementor-widget elementor-widget-text-editor\" data-id=\"151df46\" data-element_type=\"widget\" data-e-type=\"widget\" data-widget_type=\"text-editor.default\">\n\t\t\t\t<div class=\"elementor-widget-container\">\n\t\t\t\t\t\t\t\t\t<p class=\"p1\"><b>Les iniciatives d&#8217;associacions solid\u00e0ries locals per a l&#8217;agroecologia<\/b> (LSPA en angl\u00e8s), promogudes per URGENCI, se centren en iniciatives col\u00b7laboratives agroecol\u00f2giques i aliment\u00e0ries ancorades en sistemes alimentaris territorials amb l&#8217;objectiu de facilitar la col\u00b7laboraci\u00f3 entre agricultors, consumidors, governs locals i altres actors per construir sistemes alimentaris locals sostenibles basats en valors compartits de solidaritat, equitat i transpar\u00e8ncia. Un recurs de LSPA \u00e9s l&#8217;<b>Urgenci Village<\/b>, un centre d&#8217;aprenentatge electr\u00f2nic per a la Comunitat LSPA, un poble virtual en el qual cada casa ofereix una \u00e0mplia gamma de recursos sobre agroecologia, incid\u00e8ncia, sistemes alimentaris territorials, LSPA i pesqueria recolzada per la comunitat.<\/p>\n\t\t\t\t\t\t\t\t<\/div>\n\t\t\t\t<\/div>\n\t\t\t\t\t<\/div>\n\t\t<\/div>\n\t\t\t\t<div class=\"elementor-column elementor-col-50 elementor-top-column elementor-element elementor-element-f0b2ee6\" data-id=\"f0b2ee6\" data-element_type=\"column\" data-e-type=\"column\">\n\t\t\t<div class=\"elementor-widget-wrap\">\n\t\t\t\t\t\t\t<\/div>\n\t\t<\/div>\n\t\t\t\t\t<\/div>\n\t\t<\/section>\n\t\t\t\t<\/div>\n\t\t","protected":false},"excerpt":{"rendered":"<p>Bones pr\u00e0ctiques El projecte EU Food Security HUB \u00e9s complementari a les seg\u00fcents iniciatives dutes a terme per les organitzacions del Consorci: VISITA EL WEB La Botiga, gestionada per ABD, \u00e9s una cooperativa p\u00fablica de l&#8217;Ajuntament del Prat de Llobregat que t\u00e9 com a objectiu combatre la inseguretat aliment\u00e0ria, a trav\u00e9s de l&#8217;apoderament comunitari i [&hellip;]<\/p>\n","protected":false},"author":3,"featured_media":0,"parent":0,"menu_order":0,"comment_status":"closed","ping_status":"closed","template":"elementor_header_footer","meta":{"footnotes":""},"class_list":["post-787","page","type-page","status-publish","hentry"],"_links":{"self":[{"href":"https:\/\/eufoodsecurityhub.org\/ca\/wp-json\/wp\/v2\/pages\/787","targetHints":{"allow":["GET"]}}],"collection":[{"href":"https:\/\/eufoodsecurityhub.org\/ca\/wp-json\/wp\/v2\/pages"}],"about":[{"href":"https:\/\/eufoodsecurityhub.org\/ca\/wp-json\/wp\/v2\/types\/page"}],"author":[{"embeddable":true,"href":"https:\/\/eufoodsecurityhub.org\/ca\/wp-json\/wp\/v2\/users\/3"}],"replies":[{"embeddable":true,"href":"https:\/\/eufoodsecurityhub.org\/ca\/wp-json\/wp\/v2\/comments?post=787"}],"version-history":[{"count":0,"href":"https:\/\/eufoodsecurityhub.org\/ca\/wp-json\/wp\/v2\/pages\/787\/revisions"}],"wp:attachment":[{"href":"https:\/\/eufoodsecurityhub.org\/ca\/wp-json\/wp\/v2\/media?parent=787"}],"curies":[{"name":"wp","href":"https:\/\/api.w.org\/{rel}","templated":true}]}}