{"id":789,"date":"2023-05-05T12:46:53","date_gmt":"2023-05-05T11:46:53","guid":{"rendered":"http:\/\/eufoodsecurityhub.org\/projecte\/"},"modified":"2023-08-29T13:51:41","modified_gmt":"2023-08-29T12:51:41","slug":"projecte","status":"publish","type":"page","link":"https:\/\/eufoodsecurityhub.org\/ca\/projecte\/","title":{"rendered":"Projecte"},"content":{"rendered":"\t\t<div data-elementor-type=\"wp-page\" data-elementor-id=\"789\" class=\"elementor elementor-789 elementor-185\" data-elementor-post-type=\"page\">\n\t\t\t\t\t\t<section class=\"elementor-section elementor-top-section elementor-element elementor-element-d31bb69 elementor-section-boxed elementor-section-height-default elementor-section-height-default\" data-id=\"d31bb69\" data-element_type=\"section\" data-e-type=\"section\">\n\t\t\t\t\t\t<div class=\"elementor-container elementor-column-gap-default\">\n\t\t\t\t\t<div class=\"elementor-column elementor-col-33 elementor-top-column elementor-element elementor-element-0fea813\" data-id=\"0fea813\" data-element_type=\"column\" data-e-type=\"column\">\n\t\t\t<div class=\"elementor-widget-wrap elementor-element-populated\">\n\t\t\t\t\t\t<div class=\"elementor-element elementor-element-0914273 elementor-widget__width-inherit elementor-widget elementor-widget-image\" data-id=\"0914273\" data-element_type=\"widget\" data-e-type=\"widget\" data-widget_type=\"image.default\">\n\t\t\t\t<div class=\"elementor-widget-container\">\n\t\t\t\t\t\t\t\t\t\t\t\t\t\t\t<img decoding=\"async\" src=\"https:\/\/eufoodsecurityhub.org\/wp-content\/uploads\/2023\/05\/puntos-cortos.png\" title=\"puntos cortos\" alt=\"puntos cortos\" loading=\"lazy\" \/>\t\t\t\t\t\t\t\t\t\t\t\t\t\t\t<\/div>\n\t\t\t\t<\/div>\n\t\t\t\t\t<\/div>\n\t\t<\/div>\n\t\t\t\t<div class=\"elementor-column elementor-col-33 elementor-top-column elementor-element elementor-element-95d680e\" data-id=\"95d680e\" data-element_type=\"column\" data-e-type=\"column\">\n\t\t\t<div class=\"elementor-widget-wrap elementor-element-populated\">\n\t\t\t\t\t\t<div class=\"elementor-element elementor-element-ac4cb65 elementor-widget elementor-widget-heading\" data-id=\"ac4cb65\" data-element_type=\"widget\" data-e-type=\"widget\" data-widget_type=\"heading.default\">\n\t\t\t\t<div class=\"elementor-widget-container\">\n\t\t\t\t\t<h2 class=\"elementor-heading-title elementor-size-default\">EL PROJECTE<\/h2>\t\t\t\t<\/div>\n\t\t\t\t<\/div>\n\t\t\t\t\t<\/div>\n\t\t<\/div>\n\t\t\t\t<div class=\"elementor-column elementor-col-33 elementor-top-column elementor-element elementor-element-fd5ce79\" data-id=\"fd5ce79\" data-element_type=\"column\" data-e-type=\"column\">\n\t\t\t<div class=\"elementor-widget-wrap elementor-element-populated\">\n\t\t\t\t\t\t<div class=\"elementor-element elementor-element-9b974b0 elementor-widget__width-inherit elementor-widget elementor-widget-image\" data-id=\"9b974b0\" data-element_type=\"widget\" data-e-type=\"widget\" data-widget_type=\"image.default\">\n\t\t\t\t<div class=\"elementor-widget-container\">\n\t\t\t\t\t\t\t\t\t\t\t\t\t\t\t<img decoding=\"async\" src=\"https:\/\/eufoodsecurityhub.org\/wp-content\/uploads\/2023\/05\/puntos-cortos.png\" title=\"puntos cortos\" alt=\"puntos cortos\" loading=\"lazy\" \/>\t\t\t\t\t\t\t\t\t\t\t\t\t\t\t<\/div>\n\t\t\t\t<\/div>\n\t\t\t\t\t<\/div>\n\t\t<\/div>\n\t\t\t\t\t<\/div>\n\t\t<\/section>\n\t\t\t\t<section class=\"elementor-section elementor-top-section elementor-element elementor-element-61a6426 elementor-section-boxed elementor-section-height-default elementor-section-height-default\" data-id=\"61a6426\" data-element_type=\"section\" data-e-type=\"section\">\n\t\t\t\t\t\t<div class=\"elementor-container elementor-column-gap-default\">\n\t\t\t\t\t<div class=\"elementor-column elementor-col-100 elementor-top-column elementor-element elementor-element-e7786cd\" data-id=\"e7786cd\" data-element_type=\"column\" data-e-type=\"column\">\n\t\t\t<div class=\"elementor-widget-wrap elementor-element-populated\">\n\t\t\t\t\t\t<div class=\"elementor-element elementor-element-02b48f3 elementor-widget elementor-widget-heading\" data-id=\"02b48f3\" data-element_type=\"widget\" data-e-type=\"widget\" data-widget_type=\"heading.default\">\n\t\t\t\t<div class=\"elementor-widget-container\">\n\t\t\t\t\t<h2 class=\"elementor-heading-title elementor-size-default\">OBJECTIUS ESPEC\u00cdFICS<\/h2>\t\t\t\t<\/div>\n\t\t\t\t<\/div>\n\t\t\t\t\t<\/div>\n\t\t<\/div>\n\t\t\t\t\t<\/div>\n\t\t<\/section>\n\t\t\t\t<section class=\"elementor-section elementor-top-section elementor-element elementor-element-464aa30 elementor-section-content-middle elementor-section-boxed elementor-section-height-default elementor-section-height-default\" data-id=\"464aa30\" data-element_type=\"section\" data-e-type=\"section\" data-settings=\"{&quot;background_background&quot;:&quot;classic&quot;}\">\n\t\t\t\t\t\t<div class=\"elementor-container elementor-column-gap-no\">\n\t\t\t\t\t<div class=\"elementor-column elementor-col-50 elementor-top-column elementor-element elementor-element-9df05bb\" data-id=\"9df05bb\" data-element_type=\"column\" data-e-type=\"column\">\n\t\t\t<div class=\"elementor-widget-wrap elementor-element-populated\">\n\t\t\t\t\t\t<div class=\"elementor-element elementor-element-42bea2f elementor-widget elementor-widget-image\" data-id=\"42bea2f\" data-element_type=\"widget\" data-e-type=\"widget\" data-widget_type=\"image.default\">\n\t\t\t\t<div class=\"elementor-widget-container\">\n\t\t\t\t\t\t\t\t\t\t\t\t\t\t\t<img fetchpriority=\"high\" decoding=\"async\" width=\"735\" height=\"1039\" src=\"https:\/\/eufoodsecurityhub.org\/wp-content\/uploads\/2023\/05\/P4.png\" class=\"attachment-full size-full wp-image-280\" alt=\"\" srcset=\"https:\/\/eufoodsecurityhub.org\/wp-content\/uploads\/2023\/05\/P4.png 735w, https:\/\/eufoodsecurityhub.org\/wp-content\/uploads\/2023\/05\/P4-212x300.png 212w, https:\/\/eufoodsecurityhub.org\/wp-content\/uploads\/2023\/05\/P4-724x1024.png 724w\" sizes=\"(max-width: 735px) 100vw, 735px\" \/>\t\t\t\t\t\t\t\t\t\t\t\t\t\t\t<\/div>\n\t\t\t\t<\/div>\n\t\t\t\t\t<\/div>\n\t\t<\/div>\n\t\t\t\t<div class=\"elementor-column elementor-col-50 elementor-top-column elementor-element elementor-element-370b063\" data-id=\"370b063\" data-element_type=\"column\" data-e-type=\"column\">\n\t\t\t<div class=\"elementor-widget-wrap elementor-element-populated\">\n\t\t\t\t\t\t<div class=\"elementor-element elementor-element-1f0e425 elementor-widget__width-initial elementor-widget elementor-widget-text-editor\" data-id=\"1f0e425\" data-element_type=\"widget\" data-e-type=\"widget\" data-widget_type=\"text-editor.default\">\n\t\t\t\t<div class=\"elementor-widget-container\">\n\t\t\t\t\t\t\t\t\t<ul>\n<li>Donar suport a la creaci\u00f3 <b>d&#8217;ocupacions \u201cverdes\u201d amb perspectiva de futur<\/b> en l&#8217;ecosistema de la seguretat aliment\u00e0ria sostenible, augmentant al mateix temps les oportunitats d&#8217;inclusi\u00f3 laboral<\/li>\n<p> <br><\/p>\n<li>Promoure el disseny i testeig d&#8217;un programa com\u00fa de <b>recerca i formaci\u00f3 innovador<\/b> dirigit a iniciatives que treballin amb persones en risc d&#8217;exclusi\u00f3 social en el sector de la seguretat aliment\u00e0ria i l&#8217;agricultura sostenibles<br><\/li>\n<p><br><\/p>\n<li><b>Impulsar el desenvolupament dels professionals i les organitzacions<\/b> de formaci\u00f3, <b>promovent al mateix temps l&#8217;acc\u00e9s de les persones amb baixa qualificaci\u00f3<\/b> a una formaci\u00f3 de qualitat en compet\u00e8ncies sostenibles dins d&#8217;un marc intercultural, no discriminatori i inclusiu<\/li>\n<p><br><\/p>\n<li><b>Compartir bones pr\u00e0ctiques i resultats de projectes<\/b>, especialment l&#8217;Informe de Recomanacions pr\u00e0ctiques destinat a administracions locals<\/li>\n<\/ul>\t\t\t\t\t\t\t\t<\/div>\n\t\t\t\t<\/div>\n\t\t\t\t\t<\/div>\n\t\t<\/div>\n\t\t\t\t\t<\/div>\n\t\t<\/section>\n\t\t\t\t<section class=\"elementor-section elementor-top-section elementor-element elementor-element-912e3fb elementor-section-boxed elementor-section-height-default elementor-section-height-default\" data-id=\"912e3fb\" data-element_type=\"section\" data-e-type=\"section\">\n\t\t\t\t\t\t<div class=\"elementor-container elementor-column-gap-default\">\n\t\t\t\t\t<div class=\"elementor-column elementor-col-100 elementor-top-column elementor-element elementor-element-99a9fdb\" data-id=\"99a9fdb\" data-element_type=\"column\" data-e-type=\"column\">\n\t\t\t<div class=\"elementor-widget-wrap elementor-element-populated\">\n\t\t\t\t\t\t<div class=\"elementor-element elementor-element-83b68d1 elementor-widget elementor-widget-image\" data-id=\"83b68d1\" data-element_type=\"widget\" data-e-type=\"widget\" data-widget_type=\"image.default\">\n\t\t\t\t<div class=\"elementor-widget-container\">\n\t\t\t\t\t\t\t\t\t\t\t\t\t\t\t<img decoding=\"async\" width=\"2421\" height=\"10\" src=\"https:\/\/eufoodsecurityhub.org\/wp-content\/uploads\/2023\/05\/Separador-copia.png\" class=\"attachment-full size-full wp-image-247\" alt=\"\" srcset=\"https:\/\/eufoodsecurityhub.org\/wp-content\/uploads\/2023\/05\/Separador-copia.png 2421w, https:\/\/eufoodsecurityhub.org\/wp-content\/uploads\/2023\/05\/Separador-copia-300x1.png 300w, https:\/\/eufoodsecurityhub.org\/wp-content\/uploads\/2023\/05\/Separador-copia-1024x4.png 1024w, https:\/\/eufoodsecurityhub.org\/wp-content\/uploads\/2023\/05\/Separador-copia-768x3.png 768w, https:\/\/eufoodsecurityhub.org\/wp-content\/uploads\/2023\/05\/Separador-copia-1536x6.png 1536w, https:\/\/eufoodsecurityhub.org\/wp-content\/uploads\/2023\/05\/Separador-copia-2048x8.png 2048w\" sizes=\"(max-width: 2421px) 100vw, 2421px\" \/>\t\t\t\t\t\t\t\t\t\t\t\t\t\t\t<\/div>\n\t\t\t\t<\/div>\n\t\t\t\t\t<\/div>\n\t\t<\/div>\n\t\t\t\t\t<\/div>\n\t\t<\/section>\n\t\t\t\t<section class=\"elementor-section elementor-top-section elementor-element elementor-element-be09a6d elementor-section-boxed elementor-section-height-default elementor-section-height-default\" data-id=\"be09a6d\" data-element_type=\"section\" data-e-type=\"section\">\n\t\t\t\t\t\t<div class=\"elementor-container elementor-column-gap-default\">\n\t\t\t\t\t<div class=\"elementor-column elementor-col-100 elementor-top-column elementor-element elementor-element-99c745b\" data-id=\"99c745b\" data-element_type=\"column\" data-e-type=\"column\">\n\t\t\t<div class=\"elementor-widget-wrap elementor-element-populated\">\n\t\t\t\t\t\t<div class=\"elementor-element elementor-element-faead5b elementor-widget elementor-widget-heading\" data-id=\"faead5b\" data-element_type=\"widget\" data-e-type=\"widget\" data-widget_type=\"heading.default\">\n\t\t\t\t<div class=\"elementor-widget-container\">\n\t\t\t\t\t<h2 class=\"elementor-heading-title elementor-size-default\">ACTIVITATS PRINCIPALS<\/h2>\t\t\t\t<\/div>\n\t\t\t\t<\/div>\n\t\t\t\t\t<\/div>\n\t\t<\/div>\n\t\t\t\t\t<\/div>\n\t\t<\/section>\n\t\t\t\t<section class=\"elementor-section elementor-top-section elementor-element elementor-element-fd3e0c0 elementor-section-content-middle elementor-section-boxed elementor-section-height-default elementor-section-height-default\" data-id=\"fd3e0c0\" data-element_type=\"section\" data-e-type=\"section\">\n\t\t\t\t\t\t<div class=\"elementor-container elementor-column-gap-no\">\n\t\t\t\t\t<div class=\"elementor-column elementor-col-50 elementor-top-column elementor-element elementor-element-fa3784f\" data-id=\"fa3784f\" data-element_type=\"column\" data-e-type=\"column\">\n\t\t\t<div class=\"elementor-widget-wrap elementor-element-populated\">\n\t\t\t\t\t\t<div class=\"elementor-element elementor-element-8148df0 elementor-widget elementor-widget-image\" data-id=\"8148df0\" data-element_type=\"widget\" data-e-type=\"widget\" data-widget_type=\"image.default\">\n\t\t\t\t<div class=\"elementor-widget-container\">\n\t\t\t\t\t\t\t\t\t\t\t\t\t\t\t<img decoding=\"async\" width=\"735\" height=\"1039\" src=\"https:\/\/eufoodsecurityhub.org\/wp-content\/uploads\/2023\/05\/uvas.png\" class=\"attachment-full size-full wp-image-572\" alt=\"\" srcset=\"https:\/\/eufoodsecurityhub.org\/wp-content\/uploads\/2023\/05\/uvas.png 735w, https:\/\/eufoodsecurityhub.org\/wp-content\/uploads\/2023\/05\/uvas-212x300.png 212w, https:\/\/eufoodsecurityhub.org\/wp-content\/uploads\/2023\/05\/uvas-724x1024.png 724w\" sizes=\"(max-width: 735px) 100vw, 735px\" \/>\t\t\t\t\t\t\t\t\t\t\t\t\t\t\t<\/div>\n\t\t\t\t<\/div>\n\t\t\t\t\t<\/div>\n\t\t<\/div>\n\t\t\t\t<div class=\"elementor-column elementor-col-50 elementor-top-column elementor-element elementor-element-7a46f60\" data-id=\"7a46f60\" data-element_type=\"column\" data-e-type=\"column\">\n\t\t\t<div class=\"elementor-widget-wrap elementor-element-populated\">\n\t\t\t\t\t\t<div class=\"elementor-element elementor-element-2e56eba elementor-widget__width-initial elementor-widget elementor-widget-text-editor\" data-id=\"2e56eba\" data-element_type=\"widget\" data-e-type=\"widget\" data-widget_type=\"text-editor.default\">\n\t\t\t\t<div class=\"elementor-widget-container\">\n\t\t\t\t\t\t\t\t\t<ul><li><b>Enquesta participativa<\/b> sobre bones pr\u00e0ctiques seleccionades per a definir itineraris professionals espec\u00edfics d&#8217;ocupaci\u00f3 \u201cverda\u201d orientats al futur<br \/><br \/><\/li><li><b>Trobada internacional<\/b> entre professionals i entitats del sector per a compartir coneixements i experi\u00e8ncies a Mil\u00e0<br \/><br \/><\/li><li>Disseny i avaluaci\u00f3 dels <b>materials de formaci\u00f3 transversal<\/b>: Programa transversal de formaci\u00f3 sobre seguretat alimentaria, un curs obert en l\u00ednia (MOOC, en angl\u00e8s) i el manual<br \/><br \/><\/li><li><b>5 Tallers europeus d&#8217;intercanvi i aprenentatge<\/b> al Prat de Llobregat, Palermo, Aubagne, Piacenza i Atenes<br \/><br \/><\/li><li><b>Informe de Recomanacions<\/b> destinat a les administracions per a fer front a la inseguretat aliment\u00e0ria<br \/><br \/><\/li><li><b>Activitats de divulgaci\u00f3<\/b> per a conscienciar i difondre els resultats del projecte<br \/><br \/><\/li><li><b style=\"background-color: transparent; letter-spacing: 0px;\">Trobada internacional<\/b> <span style=\"background-color: transparent; letter-spacing: 0px;\">amb 100 assistents<\/span>\u00a0al Prat de Llobregat (Barcelona)<\/li><\/ul>\t\t\t\t\t\t\t\t<\/div>\n\t\t\t\t<\/div>\n\t\t\t\t\t<\/div>\n\t\t<\/div>\n\t\t\t\t\t<\/div>\n\t\t<\/section>\n\t\t\t\t<section class=\"elementor-section elementor-top-section elementor-element elementor-element-fa170fb elementor-section-boxed elementor-section-height-default elementor-section-height-default\" data-id=\"fa170fb\" data-element_type=\"section\" data-e-type=\"section\">\n\t\t\t\t\t\t<div class=\"elementor-container elementor-column-gap-default\">\n\t\t\t\t\t<div class=\"elementor-column elementor-col-100 elementor-top-column elementor-element elementor-element-aa2ca50\" data-id=\"aa2ca50\" data-element_type=\"column\" data-e-type=\"column\">\n\t\t\t<div class=\"elementor-widget-wrap elementor-element-populated\">\n\t\t\t\t\t\t<div class=\"elementor-element elementor-element-8061f9a elementor-widget elementor-widget-image\" data-id=\"8061f9a\" data-element_type=\"widget\" data-e-type=\"widget\" data-widget_type=\"image.default\">\n\t\t\t\t<div class=\"elementor-widget-container\">\n\t\t\t\t\t\t\t\t\t\t\t\t\t\t\t<img decoding=\"async\" width=\"2421\" height=\"10\" src=\"https:\/\/eufoodsecurityhub.org\/wp-content\/uploads\/2023\/05\/Separador-copia.png\" class=\"attachment-full size-full wp-image-247\" alt=\"\" srcset=\"https:\/\/eufoodsecurityhub.org\/wp-content\/uploads\/2023\/05\/Separador-copia.png 2421w, https:\/\/eufoodsecurityhub.org\/wp-content\/uploads\/2023\/05\/Separador-copia-300x1.png 300w, https:\/\/eufoodsecurityhub.org\/wp-content\/uploads\/2023\/05\/Separador-copia-1024x4.png 1024w, https:\/\/eufoodsecurityhub.org\/wp-content\/uploads\/2023\/05\/Separador-copia-768x3.png 768w, https:\/\/eufoodsecurityhub.org\/wp-content\/uploads\/2023\/05\/Separador-copia-1536x6.png 1536w, https:\/\/eufoodsecurityhub.org\/wp-content\/uploads\/2023\/05\/Separador-copia-2048x8.png 2048w\" sizes=\"(max-width: 2421px) 100vw, 2421px\" \/>\t\t\t\t\t\t\t\t\t\t\t\t\t\t\t<\/div>\n\t\t\t\t<\/div>\n\t\t\t\t\t<\/div>\n\t\t<\/div>\n\t\t\t\t\t<\/div>\n\t\t<\/section>\n\t\t\t\t<section class=\"elementor-section elementor-top-section elementor-element elementor-element-6086bdd elementor-section-boxed elementor-section-height-default elementor-section-height-default\" data-id=\"6086bdd\" data-element_type=\"section\" data-e-type=\"section\">\n\t\t\t\t\t\t<div class=\"elementor-container elementor-column-gap-default\">\n\t\t\t\t\t<div class=\"elementor-column elementor-col-100 elementor-top-column elementor-element elementor-element-b70d0fb\" data-id=\"b70d0fb\" data-element_type=\"column\" data-e-type=\"column\">\n\t\t\t<div class=\"elementor-widget-wrap elementor-element-populated\">\n\t\t\t\t\t\t<div class=\"elementor-element elementor-element-0fa11fb elementor-widget elementor-widget-heading\" data-id=\"0fa11fb\" data-element_type=\"widget\" data-e-type=\"widget\" data-widget_type=\"heading.default\">\n\t\t\t\t<div class=\"elementor-widget-container\">\n\t\t\t\t\t<h2 class=\"elementor-heading-title elementor-size-default\">IMPACTE I RESULTATS<\/h2>\t\t\t\t<\/div>\n\t\t\t\t<\/div>\n\t\t\t\t\t<\/div>\n\t\t<\/div>\n\t\t\t\t\t<\/div>\n\t\t<\/section>\n\t\t\t\t<section class=\"elementor-section elementor-top-section elementor-element elementor-element-15970e0 elementor-section-content-middle elementor-section-boxed elementor-section-height-default elementor-section-height-default\" data-id=\"15970e0\" data-element_type=\"section\" data-e-type=\"section\">\n\t\t\t\t\t\t<div class=\"elementor-container elementor-column-gap-no\">\n\t\t\t\t\t<div class=\"elementor-column elementor-col-50 elementor-top-column elementor-element elementor-element-4c09f68\" data-id=\"4c09f68\" data-element_type=\"column\" data-e-type=\"column\">\n\t\t\t<div class=\"elementor-widget-wrap elementor-element-populated\">\n\t\t\t\t\t\t<div class=\"elementor-element elementor-element-6a33586 elementor-widget elementor-widget-image\" data-id=\"6a33586\" data-element_type=\"widget\" data-e-type=\"widget\" data-widget_type=\"image.default\">\n\t\t\t\t<div class=\"elementor-widget-container\">\n\t\t\t\t\t\t\t\t\t\t\t\t\t\t\t<img loading=\"lazy\" decoding=\"async\" width=\"735\" height=\"1039\" src=\"https:\/\/eufoodsecurityhub.org\/wp-content\/uploads\/2023\/06\/FOTO.jpg\" class=\"attachment-full size-full wp-image-1208\" alt=\"\" srcset=\"https:\/\/eufoodsecurityhub.org\/wp-content\/uploads\/2023\/06\/FOTO.jpg 735w, https:\/\/eufoodsecurityhub.org\/wp-content\/uploads\/2023\/06\/FOTO-212x300.jpg 212w, https:\/\/eufoodsecurityhub.org\/wp-content\/uploads\/2023\/06\/FOTO-724x1024.jpg 724w\" sizes=\"(max-width: 735px) 100vw, 735px\" \/>\t\t\t\t\t\t\t\t\t\t\t\t\t\t\t<\/div>\n\t\t\t\t<\/div>\n\t\t\t\t\t<\/div>\n\t\t<\/div>\n\t\t\t\t<div class=\"elementor-column elementor-col-50 elementor-top-column elementor-element elementor-element-bd48a13\" data-id=\"bd48a13\" data-element_type=\"column\" data-e-type=\"column\">\n\t\t\t<div class=\"elementor-widget-wrap elementor-element-populated\">\n\t\t\t\t\t\t<div class=\"elementor-element elementor-element-a2fa9b0 elementor-widget__width-initial elementor-widget elementor-widget-text-editor\" data-id=\"a2fa9b0\" data-element_type=\"widget\" data-e-type=\"widget\" data-widget_type=\"text-editor.default\">\n\t\t\t\t<div class=\"elementor-widget-container\">\n\t\t\t\t\t\t\t\t\t<ul>\n \t<li><b>Trobada internacional d&#8217;intercanvi de coneixements<\/b> i experi\u00e8ncies a Mil\u00e0 amb 24 professionals<\/li> <br>\n \t<li><b>Informe sobre el marc de compet\u00e8ncies i els itineraris professionals<\/b> per a contribuir en la creaci\u00f3 de llocs de treball \u201cverds\u201d en els ecosistemes de seguretat aliment\u00e0ri<\/li><br>\n \t<li><b>Materials de formaci\u00f3 transversal (programa de formaci\u00f3, MOOC i manual)<\/b> avaluats per 85 professionals i difosos entre organitzacions i grups d&#8217;inter\u00e8s<\/li><br>\n \t<li><b>5 tallers europeus d&#8217;intercanvi i aprenentatge<\/b> entre professionals en els quals es formar\u00e0 a 85 professionals d&#8217;altres organitzacions i pa\u00efsos socis<\/li><br>\n \t<li><b>Informe de recomanacions<\/b> per a ajudar els governs locals a abordar el proc\u00e9s d&#8217;implantar o donar suport a un nou enfocament contra la inseguretat aliment\u00e0ria<\/li><br>\n \t<li><b>Trobades nacionals d&#8217;incid\u00e8ncia pol\u00edtica<\/b> per a aconseguir i comprometre a 30 grups d&#8217;inter\u00e8s.<\/li><br>\n \t<li><b>Campanya de Sensibilitzaci\u00f3, Difusi\u00f3 i Sostenibilitat<\/b> arribant a 6.000 ciutadans de la UE<\/li><br>\n \t<li><b>Conferencia europea i esdeveniment de networking<\/b> amb 100 convidats internacionals<\/li>\n<\/ul>\t\t\t\t\t\t\t\t<\/div>\n\t\t\t\t<\/div>\n\t\t\t\t\t<\/div>\n\t\t<\/div>\n\t\t\t\t\t<\/div>\n\t\t<\/section>\n\t\t\t\t<section class=\"elementor-section elementor-top-section elementor-element elementor-element-9dcff99 elementor-section-full_width elementor-section-height-default elementor-section-height-default\" data-id=\"9dcff99\" data-element_type=\"section\" data-e-type=\"section\" data-settings=\"{&quot;background_background&quot;:&quot;classic&quot;}\">\n\t\t\t\t\t\t<div class=\"elementor-container elementor-column-gap-default\">\n\t\t\t\t\t<div class=\"elementor-column elementor-col-100 elementor-top-column elementor-element elementor-element-4b9ac6e\" data-id=\"4b9ac6e\" data-element_type=\"column\" data-e-type=\"column\">\n\t\t\t<div class=\"elementor-widget-wrap\">\n\t\t\t\t\t\t\t<\/div>\n\t\t<\/div>\n\t\t\t\t\t<\/div>\n\t\t<\/section>\n\t\t\t\t<\/div>\n\t\t","protected":false},"excerpt":{"rendered":"<p>EL PROJECTE OBJECTIUS ESPEC\u00cdFICS Donar suport a la creaci\u00f3 d&#8217;ocupacions \u201cverdes\u201d amb perspectiva de futur en l&#8217;ecosistema de la seguretat aliment\u00e0ria sostenible, augmentant al mateix temps les oportunitats d&#8217;inclusi\u00f3 laboral Promoure el disseny i testeig d&#8217;un programa com\u00fa de recerca i formaci\u00f3 innovador dirigit a iniciatives que treballin amb persones en risc d&#8217;exclusi\u00f3 social en [&hellip;]<\/p>\n","protected":false},"author":3,"featured_media":0,"parent":0,"menu_order":0,"comment_status":"closed","ping_status":"closed","template":"elementor_header_footer","meta":{"footnotes":""},"class_list":["post-789","page","type-page","status-publish","hentry"],"_links":{"self":[{"href":"https:\/\/eufoodsecurityhub.org\/ca\/wp-json\/wp\/v2\/pages\/789","targetHints":{"allow":["GET"]}}],"collection":[{"href":"https:\/\/eufoodsecurityhub.org\/ca\/wp-json\/wp\/v2\/pages"}],"about":[{"href":"https:\/\/eufoodsecurityhub.org\/ca\/wp-json\/wp\/v2\/types\/page"}],"author":[{"embeddable":true,"href":"https:\/\/eufoodsecurityhub.org\/ca\/wp-json\/wp\/v2\/users\/3"}],"replies":[{"embeddable":true,"href":"https:\/\/eufoodsecurityhub.org\/ca\/wp-json\/wp\/v2\/comments?post=789"}],"version-history":[{"count":0,"href":"https:\/\/eufoodsecurityhub.org\/ca\/wp-json\/wp\/v2\/pages\/789\/revisions"}],"wp:attachment":[{"href":"https:\/\/eufoodsecurityhub.org\/ca\/wp-json\/wp\/v2\/media?parent=789"}],"curies":[{"name":"wp","href":"https:\/\/api.w.org\/{rel}","templated":true}]}}