{"id":1641,"date":"2025-04-16T12:54:06","date_gmt":"2025-04-16T11:54:06","guid":{"rendered":"https:\/\/eufoodsecurityhub.org\/?page_id=1641"},"modified":"2025-04-16T12:54:07","modified_gmt":"2025-04-16T11:54:07","slug":"politica-de-privacidad","status":"publish","type":"page","link":"https:\/\/eufoodsecurityhub.org\/es\/politica-de-privacidad\/","title":{"rendered":"Pol\u00edtica de Privacidad"},"content":{"rendered":"\n<p>El objetivo de esta pol\u00edtica es informar a los interesados acerca de los distintos tratamientos realizados por&nbsp;<strong>ASOCIACI\u00d3N BIENESTAR Y DESARROLLO (ABD),<\/strong>&nbsp;que afecten a sus datos personales de conformidad con lo establecido en la Ley Org\u00e1nica 3\/2018, de Protecci\u00f3n de Datos Personales y garant\u00eda de los derechos digitales y el Reglamento (UE) 2016\/679 del Parlamento Europeo y del Consejo, as\u00ed como a la Ley 34\/2002, de 11 de julio, sobre Servicios de la Sociedad de la Informaci\u00f3n y el Comercio Electr\u00f3nico (LSSICE o LSSI), por lo que te facilita la siguiente informaci\u00f3n sobre el tratamiento de tus datos:<\/p>\n\n\n\n<p><strong>\u00bfQUI\u00c9N ES EL RESPONSABLE DEL TRATAMIENTO DE TUS DATOS PERSONALES?<\/strong><\/p>\n\n\n\n<p>NOMBRE: ASOCIACI\u00d3N BIENESTAR Y DESARROLLO (ABD)<\/p>\n\n\n\n<p>DIRECCI\u00d3N: Calle Quevedo 2, bajos. 08012-Barcelona.<\/p>\n\n\n\n<p>NIF: G-59435180<\/p>\n\n\n\n<p>TEL\u00c9FONO: 93 289 05 30<\/p>\n\n\n\n<p>CORREO ELECTR\u00d3NICO:&nbsp;<a href=\"mailto:protecciondatos@abd-ong.org\">protecciondatos@abd-ong.org<\/a><\/p>\n\n\n\n<p>DELEGADA EN PROTECCI\u00d3N DE DATOS:&nbsp;<a href=\"mailto:ogibert@abd-ong.org\">ogibert@abd-ong.org<\/a><\/p>\n\n\n\n<p>Esta pol\u00edtica de privacidad establece la forma y proporciona la informaci\u00f3n necesaria sobre la gesti\u00f3n y el tratamiento de los datos personales recogidos en esta web.&nbsp;<strong>El usuario deber\u00e1&nbsp;<u>leerla y aceptarla<\/u>&nbsp;antes de seguir en la misma.<\/strong><\/p>\n\n\n\n<p>Nos reservamos el derecho a modificar o adaptar la presente Pol\u00edtica de Privacidad en cualquier momento. Te recomendamos revisar la misma siempre que accedas.<\/p>\n\n\n\n<p>En el supuesto de que nos facilites datos de car\u00e1cter personal de terceras personas, declaras haber obtenido el consentimiento y haber informado estas personas con car\u00e1cter previo. En este sentido, es de su exclusiva responsabilidad informar de tal circunstancia a los terceros los datos de los cuales nos comunicar\u00e1s, no asumiendo&nbsp;<strong>ASOCIACI\u00d3N BIENESTAR Y DESARROLLO (ABD)&nbsp;<\/strong>ninguna responsabilidad por este incumplimiento.<\/p>\n\n\n\n<p>Los datos que te solicitamos en todo momento son los adecuados, pertinentes y estrictamente necesarios para la finalidad para la que se recogen. Como usuario nos certificas que todos los datos que nos env\u00edes o proporciones son ciertos, veraces y pertinentes para la finalidad que han sido solicitados.<\/p>\n\n\n\n<p><strong>\u00bfQU\u00c9 TIPOS Y CATEGOR\u00cdAS DE DATOS PERSONALES TRATAMOS?<\/strong><\/p>\n\n\n\n<p>Las categor\u00edas de datos que tratamos se clasifican en:<\/p>\n\n\n\n<ul class=\"wp-block-list\">\n<li>Datos identificativos y de contacto.<\/li>\n\n\n\n<li>Datos de facturaci\u00f3n y pago.<\/li>\n\n\n\n<li>Datos de conexi\u00f3n, navegaci\u00f3n.<\/li>\n<\/ul>\n\n\n\n<p>Atendiendo al proyecto, servicio o actividad en la que participes se podr\u00e1n tratar datos especialmente protegidos con las debidas garant\u00edas.<\/p>\n\n\n\n<p><strong>\u00bfCON QU\u00c9 FINALIDADES TRATAMOS TUS DATOS PERSONALES?<\/strong><\/p>\n\n\n\n<p>Trataremos tus datos personales para distintas finalidades seg\u00fan sea tu relaci\u00f3n o interacci\u00f3n con nosotros. Por ejemplo:<\/p>\n\n\n\n<p><strong>Solicitud de informaci\u00f3n:&nbsp;<\/strong>Gestionar tus solicitudes a trav\u00e9s de los distintos canales de ASOCIACI\u00d3N BIENESTAR Y DESARROLLO (ABD) (correo electr\u00f3nico, por tel\u00e9fono, WhatsApp, formularios, etc.) y contactar contigo en relaci\u00f3n con tu solicitud&nbsp;<\/p>\n\n\n\n<p><strong>Proyectos, servicios y actividades.<\/strong><\/p>\n\n\n\n<ul class=\"wp-block-list\">\n<li>Solicitar informaci\u00f3n sobre proyectos o actividades de ASOCIACI\u00d3N BIENESTAR Y DESARROLLO (ABD) a trav\u00e9s de cualquiera de los canales que ofrecemos.<\/li>\n\n\n\n<li>Solicitar y gestionar una cita.<\/li>\n\n\n\n<li>Tramitar y gestionar tu participaci\u00f3n.<\/li>\n\n\n\n<li>Contactar contigo a trav\u00e9s de cualquier medio titularidad de ASOCIACI\u00d3N BIENESTAR Y DESARROLLO (ABD) (tel\u00e9fono, correo electr\u00f3nico, WhatsApp) en relaci\u00f3n con nuestros proyectos, actividades o servicios.<\/li>\n\n\n\n<li>Resolver a trav\u00e9s de cualquier medio titularidad de ASOCIACI\u00d3N BIENESTAR Y DESARROLLO (ABD) (tel\u00e9fono, correo electr\u00f3nico, WhatsApp) alguna consulta sobre nuestros proyectos, actividades o servicios.<\/li>\n\n\n\n<li>Realizar y enviarte encuestas de calidad sobre los proyectos, servicios o actividades en las que te has interesado o participado.<\/li>\n<\/ul>\n\n\n\n<p><strong>Servicio de Atenci\u00f3n.&nbsp;<\/strong>Cuando te pones en contacto con nosotros y nos facilitas tus datos los tratamos para:<\/p>\n\n\n\n<ul class=\"wp-block-list\">\n<li>Gestionar una petici\u00f3n, as\u00ed como las consultas que nos quieras hacer.<\/li>\n\n\n\n<li>Enviarte informaci\u00f3n o atender tus peticiones.<\/li>\n<\/ul>\n\n\n\n<p><strong>Candidatos<\/strong>. En el caso de que nos remitas tu curr\u00edculo o te pongas en contacto con nosotros para poder formar parte de nuestro equipo, tus datos ser\u00e1n incorporados en nuestros sistemas de tratamiento de datos con el fin de poder evaluar tu candidatura.<\/p>\n\n\n\n<ul class=\"wp-block-list\">\n<li>Podremos contactarte y remitirte informaci\u00f3n sobre la evaluaci\u00f3n de tu candidatura por correo electr\u00f3nico, o por cualquiera otro medio de comunicaci\u00f3n facilitado por ti.<\/li>\n<\/ul>\n\n\n\n<p><strong>Voluntarios<\/strong>. En el caso de que nos remitas tu solicitud para ser voluntario de nuestros proyectos o te pongas en contacto con nosotros para este fin, tus datos ser\u00e1n incorporados en nuestros sistemas de tratamiento de datos con el fin de poder evaluar tu candidatura.<\/p>\n\n\n\n<ul class=\"wp-block-list\">\n<li>Podremos contactarte y remitirte informaci\u00f3n por correo electr\u00f3nico, o por cualquiera otro medio de comunicaci\u00f3n facilitado por ti.<\/li>\n<\/ul>\n\n\n\n<p><strong>Actividades o evento.<\/strong>&nbsp;Cuando participas en alg\u00fan evento u otra actividad organizada por ASOCIACI\u00d3N BIENESTAR Y DESARROLLO (ABD). En este caso podremos utilizar tus datos para:<\/p>\n\n\n\n<ul class=\"wp-block-list\">\n<li>Confirmar tu asistencia al evento.<\/li>\n\n\n\n<li>Enviarte un recordatorio del d\u00eda y la hora.<\/li>\n\n\n\n<li>Contactar contigo para conocer tus opiniones sobre el evento o actividad.<\/li>\n<\/ul>\n\n\n\n<p><strong>Redes sociales.<\/strong>&nbsp;En el entorno de nuestros perfiles sociales podemos tratar tus datos cuando interact\u00faas directamente con nosotros y nos env\u00edas alg\u00fan mensaje directo para atender alguna petici\u00f3n. Tambi\u00e9n podemos hacer seguimiento en redes sociales de las menciones que se hacen de nosotros a trav\u00e9s de perfiles p\u00fablicos.<\/p>\n\n\n\n<p><strong>Sistemas de videovigilancia<\/strong>. Para garantizar la seguridad de las personas y de nuestras instalaciones contamos con c\u00e1maras de seguridad.<\/p>\n\n\n\n<p><strong>Comunicaciones Comerciales.<\/strong>&nbsp;Si nos autorizas, o si ya tenemos relaci\u00f3n, trataremos tus datos para enviarte a trav\u00e9s de medios electr\u00f3nicos comunicaciones sobre nuestras actividades, servicios o proyectos.<\/p>\n\n\n\n<p>Puedes rechazar en cualquier momento la recepci\u00f3n de este tipo de mensajes siguiendo el enlace para darse de baja en el pie de cualquiera de nuestras comunicaciones.<\/p>\n\n\n\n<p>En relaci\u00f3n con el env\u00edo de publicidad te informamos expresamente que no tomamos decisiones automatizadas con efectos sobre ti.<\/p>\n\n\n\n<p><strong>Donaciones.<\/strong>&nbsp;Trataremos tus datos para gestionar y tramitar tu donaci\u00f3n.<\/p>\n\n\n\n<p><strong>Anal\u00edtica.<\/strong>&nbsp;Realizar an\u00e1lisis internos. Con fines y prop\u00f3sitos exclusivamente internos. Podremos tratar tus datos de forma agregada (esto es, de forma que no te identifique) o, en su caso, pseudoanonimizada para:<\/p>\n\n\n\n<ul class=\"wp-block-list\">\n<li>Llevar a cabo an\u00e1lisis internos y elaborar estudios, informes y estad\u00edsticas que permitan llevar a cabo una adaptaci\u00f3n de la actividad y de la informaci\u00f3n comercial de ASOCIACI\u00d3N BIENESTAR Y DESARROLLO (ABD).<\/li>\n\n\n\n<li>Entender la forma en los usuarios e interesados interact\u00faan con ASOCIACI\u00d3N BIENESTAR Y DESARROLLO (ABD) para conocer el grado de satisfacci\u00f3n de nuestros clientes y usuarios y detectar aquellos aspectos en los que podemos mejorar.<\/li>\n<\/ul>\n\n\n\n<p><strong>\u00bfPOR QU\u00c9 TRATAMOS TUS DATOS PERSONALES? \u00bfQU\u00c9 BASE LEGAL TENEMOS PARA TRATARLOS?<\/strong><\/p>\n\n\n\n<p><strong>Usuarios de Proyectos, Servicios y Actividades:<\/strong>&nbsp;Trataremos tus datos ya que son necesarios para poder llevar a cabo la relaci\u00f3n que que nos vincula, cuando eres usuario de nuestros servicios, o participas en nuestras actividades o proyectos para establecer la relaci\u00f3n y gestionar tu participaci\u00f3n, tambi\u00e9n en el caso de que nos solicites informaci\u00f3n previa sobre ellos.<\/p>\n\n\n\n<p>Tratamos tus datos sobre la base del consentimiento, cuando te inscribes como usuario de nuestros servicios, proyectos o actividades en las que participes.<\/p>\n\n\n\n<p>Tratamos tus datos sobre la base de nuestro inter\u00e9s leg\u00edtimo, as\u00ed como en el caso del env\u00edo de encuestas de calidad sobre los servicios, proyectos o actividades.<\/p>\n\n\n\n<p>Tambi\u00e9n podremos usar tus datos para realizar perfiles a partir del uso de la p\u00e1gina web para planificar actividades, proyectos o servicios.<\/p>\n\n\n\n<p><strong>Candidatos<\/strong>. En el caso de que nos remitas tu curr\u00edculo o te pongas en contacto con nosotros para formar parte de nuestro equipo, la base legal ser\u00e1 tu propio consentimiento al participar en nuestros procesos de selecci\u00f3n.<\/p>\n\n\n\n<p><strong>Voluntarios<\/strong>. En el caso de que nos remitas tu candidatura o te pongas en contacto con nosotros para formar parte de nuestros voluntarios, la base legal ser\u00e1 tu propio consentimiento al participar en nuestros procesos de selecci\u00f3n.<\/p>\n\n\n\n<p><strong>Actividades o eventos<\/strong>: Tratamos los datos que nos facilites con ocasi\u00f3n de tu participaci\u00f3n sobre la base de la relaci\u00f3n que nos vincula y sobre la base de tu consentimiento cuando te inscribas en estas actividades o eventos.<\/p>\n\n\n\n<p><strong>Redes sociales:<\/strong>&nbsp;La base legal del tratamiento de estos datos es la relaci\u00f3n que nos vincula o el cumplimiento de obligaciones legales en el caso de que ya seas usuario de ASOCIACI\u00d3N BIENESTAR Y DESARROLLO (ABD), y el inter\u00e9s leg\u00edtimo de ASOCIACI\u00d3N BIENESTAR Y DESARROLLO (ABD) para el seguimiento en redes sociales.<\/p>\n\n\n\n<p>A este respecto queremos que conozcas que el tratamiento de tus datos personales dentro del entorno de estas redes sociales se regir\u00e1 por las pol\u00edticas de privacidad de estas redes, por lo que el ejercicio de derechos por parte de ASOCIACI\u00d3N BIENESTAR Y DESARROLLO (ABD)<strong>&nbsp;<\/strong>quedar\u00e1 limitado a aquellas que permita la red social de que se trate, por este motivo recomendamos que antes de seguir nuestros perfiles en redes sociales revise las condiciones de uso y pol\u00edticas de privacidad de las mismas.<\/p>\n\n\n\n<p><strong>Sistemas de videovigilancia:<\/strong>&nbsp;Las im\u00e1genes que se captan por nuestros sistemas se tratan sobre la base del inter\u00e9s leg\u00edtimo de ASOCIACI\u00d3N BIENESTAR Y DESARROLLO (ABD) por salvaguardar la seguridad de las instalaciones y las personas.<\/p>\n\n\n\n<p><strong>Comunicaciones Comerciales:<\/strong>&nbsp;Tratamos tus datos para enviarte informaci\u00f3n sobre la base del consentimiento que nos prestas y sobre la base de nuestro inter\u00e9s leg\u00edtimo en aquellos casos en los que existe una relaci\u00f3n con ASOCIACI\u00d3N BIENESTAR Y DESARROLLO (ABD) y en los que la informaci\u00f3n que te enviamos est\u00e1 relacionada con proyectos, servicios o actividades en los que ya has participado. &nbsp;<\/p>\n\n\n\n<p><strong>Anal\u00edtica:<\/strong>&nbsp;Para realizar an\u00e1lisis internos la base para tratar tus datos de forma agregada o pseudonimizada es nuestro inter\u00e9s leg\u00edtimo para la mejora de nuestros productos y servicios, as\u00ed como la mejora y adaptaci\u00f3n de nuestros Canales de comunicaci\u00f3n.<\/p>\n\n\n\n<p><strong>\u00bfA QU\u00c9 DESTINATARIOS CEDEMOS TUS DATOS?<\/strong><\/p>\n\n\n\n<p>Tus datos no ser\u00e1n comunicados a ning\u00fan tercero ajeno a ASOCIACI\u00d3N BIENESTAR Y DESARROLLO (ABD) salvo obligaci\u00f3n legal.<\/p>\n\n\n\n<p>En algunos casos, proporcionamos tus datos (solo cuando es necesario) a proveedores de servicios externos. Dichos proveedores solo pueden tratar tus datos para proporcionar los servicios correspondientes, habi\u00e9ndose comprometido al cumplimiento de las disposiciones normativas, de aplicaci\u00f3n en materia de protecci\u00f3n de datos, en el momento de su contrataci\u00f3n. Por lo tanto, no pueden usar dicha informaci\u00f3n para sus propios fines o cederla a terceros. Tambi\u00e9n es posible que la ley nos exija revelar tus datos a entidades, autoridades u organismos p\u00fablicos o judiciales.<\/p>\n\n\n\n<p><strong>\u00bfREALIZAMOS TRANSFERENCIAS DE DATOS PERSONALES FUERA DE LA UNI\u00d3N EUROPEA?<\/strong><\/p>\n\n\n\n<p>Con car\u00e1cter general no realizamos transferencias Internacionales de datos fuera de la UE.<\/p>\n\n\n\n<p><strong>\u00bfDURANTE CUANTO TIEMPO CONSERVAMOS TUS DATOS PERSONALES?<\/strong><\/p>\n\n\n\n<p><strong>Usuarios de los servicios o proyectos:&nbsp;<\/strong>Los datos personales proporcionados se conservar\u00e1n mientras se mantenga la relaci\u00f3n que nos vincula, no solicites su supresi\u00f3n y durante el plazo por el cu\u00e1l pudieran derivarse responsabilidades legales.<\/p>\n\n\n\n<p><strong>Candidatos<\/strong>. El periodo de conservaci\u00f3n de tus datos ser\u00e1 de un a\u00f1o, salvo que ejerzas tu derecho de cancelaci\u00f3n antes de ese periodo. Pasado este plazo procederemos de forma autom\u00e1tica a la cancelaci\u00f3n y destrucci\u00f3n de tu curr\u00edculo.<\/p>\n\n\n\n<p><strong>Voluntarios<\/strong>. Los datos personales proporcionados se conservar\u00e1n mientras se mantenga la relaci\u00f3n que nos vincula, no solicites su supresi\u00f3n y durante el plazo por el cu\u00e1l pudieran derivarse responsabilidades legales. En procesos de selecci\u00f3n el periodo de conservaci\u00f3n de tu candidatura ser\u00e1 de un a\u00f1o, salvo que ejerzas tu derecho de cancelaci\u00f3n antes de ese periodo. Pasado este plazo procederemos de forma autom\u00e1tica a la cancelaci\u00f3n y destrucci\u00f3n.<\/p>\n\n\n\n<p><strong>Actividades o eventos<\/strong>: Conservamos los datos personales el plazo necesario para llevar a cabo el evento y posteriormente para el cumplimiento de obligaciones legales.<\/p>\n\n\n\n<p><strong>Redes sociales:<\/strong>&nbsp;\u00danicamente podemos consultar o dar de baja tus datos de forma restringida al tener un perfil espec\u00edfico. Los trataremos tanto tiempo como t\u00fa permitas sigui\u00e9ndonos, siendo amigos o cliqueando a \u201cme gusta\u201d, \u201cseguir\u201d o similares.<\/p>\n\n\n\n<p>Cualquier rectificaci\u00f3n, restricci\u00f3n de informaci\u00f3n o de publicaciones deber\u00e1s realizarla a trav\u00e9s de la configuraci\u00f3n de tu perfil o usuario en la propia red social.<\/p>\n\n\n\n<p><strong>Sistemas de videovigilancia:<\/strong>&nbsp;Las im\u00e1genes de las c\u00e1maras se eliminar\u00e1n en el plazo m\u00e1ximo de treinta (30) d\u00edas, a menos que existan razones fundamentadas para almacenarlas durante m\u00e1s tiempo (por ejemplo, si forman parte de una investigaci\u00f3n policial).<\/p>\n\n\n\n<p><strong>Comunicaciones Comerciales:<\/strong>&nbsp;Conservaremos tus datos mientras no solicites su cancelaci\u00f3n.<\/p>\n\n\n\n<p><strong>Anal\u00edtica:<\/strong>&nbsp;&nbsp;Los datos se conservar\u00e1n por un periodo m\u00e1ximo de cinco (5) a\u00f1os.<\/p>\n\n\n\n<p><strong>Donaciones:<\/strong>&nbsp;Los datos se conservar\u00e1n por un periodo m\u00e1ximo de diez (10) a\u00f1os.<\/p>\n\n\n\n<p><strong>EJERCICIO DE DERECHOS<\/strong><\/p>\n\n\n\n<p>Si quieres hacer una petici\u00f3n a&nbsp;<strong>ASOCIACI\u00d3N BIENESTAR Y DESARROLLO (ABD<\/strong>) relacionada con tus datos y ejercer tus derechos en esta materia contacta de forma r\u00e1pida y sencilla a trav\u00e9s del siguiente correo;&nbsp;<a href=\"mailto:protecciondatos@abd-ong.org\">protecciondatos@abd-ong.org<\/a>&nbsp;o en&nbsp;<strong>Calle Quevedo 2, bajos. 08012-Barcelona.<\/strong><\/p>\n\n\n\n<p><strong>Derecho de acceso a los datos personales<\/strong>. Tienes derecho a obtener una copia de los datos personales que ASOCIACI\u00d3N BIENESTAR Y DESARROLLO (ABD) tiene sobre ti e informaci\u00f3n sobre c\u00f3mo los utilizamos.<\/p>\n\n\n\n<p><strong>Derecho de rectificaci\u00f3n.<\/strong>&nbsp;Puedes solicitar a ASOCIACI\u00d3N BIENESTAR Y DESARROLLO (ABD) que actualicemos o rectifiquemos los datos personales que tenemos sobre ti.<\/p>\n\n\n\n<p><strong>Derecho de supresi\u00f3n.<\/strong>&nbsp;Puedes solicitarnos que cancelemos tus datos, ten en cuenta que dicha cancelaci\u00f3n puede implicar que tengamos que dejar de prestarte alg\u00fan servicio.<\/p>\n\n\n\n<p><strong>Derecho de oposici\u00f3n y a la limitaci\u00f3n del tratamiento.<\/strong>&nbsp;Puedes oponerte al tratamiento de tus datos personales, o a solicitar que no sean utilizados para determinadas finalidades.<\/p>\n\n\n\n<p><strong>Derecho a la portabilidad.<\/strong>&nbsp;Siempre que se cumplan los requisitos necesarios, puedes solicitar tus datos personales en un formato electr\u00f3nico de uso com\u00fan, y que se transmitan los mismos a otro tercero de tu elecci\u00f3n.<\/p>\n\n\n\n<p><strong>Derecho a no ser objeto de una decisi\u00f3n automatizada (incluyendo perfilado).<\/strong>&nbsp;Tienes derecho a no ser objeto de una decisi\u00f3n basada \u00fanicamente en tratamientos automatizados.<\/p>\n\n\n\n<p><strong>Derecho a la revocaci\u00f3n del consentimiento.<\/strong>&nbsp;Si nos has dado tu consentimiento para un tratamiento de datos concreto, podr\u00e1s retirarlo en cualquier momento.<\/p>\n\n\n\n<p><strong>Derecho a presentar una reclamaci\u00f3n ante la Agencia Espa\u00f1ola de Protecci\u00f3n de Datos.<\/strong>&nbsp;Puedes presentar una reclamaci\u00f3n ante la Agencia Espa\u00f1ola de Protecci\u00f3n de Datos en&nbsp;<a href=\"http:\/\/www.agpd.es\/\">www.agpd.es<\/a><\/p>\n\n\n\n<p><strong>Siempre podr\u00e1s contactar con nuestra DELEGADA EN PROTECCI\u00d3N DE DATOS en:&nbsp;<\/strong><a href=\"mailto:ogibert@abd-ong.org\"><strong>ogibert@abd-ong.org<\/strong><\/a><strong><\/strong><\/p>\n\n\n\n<p><strong>\u00bfNECESITAS UN FORMULARIO PARA EL EJERCICIO DE DERECHOS?&nbsp;&nbsp;&nbsp;<\/strong><\/p>\n\n\n\n<p>Disponemos de formularios para el ejercicio de tus derechos, deber\u00e1s solicit\u00e1rnoslos en:&nbsp;<a href=\"mailto:protecciondatos@abd-ong.org\">protecciondatos@abd-ong.org<\/a><\/p>\n\n\n\n<p>Estos formularios deben ir firmados electr\u00f3nicamente o ser acompa\u00f1ados de fotocopia del DNI.<\/p>\n\n\n\n<p>Tu solicitud ser\u00e1 atendida como m\u00e1ximo en un mes desde tu solicitud, y dos meses si es muy complejo, en ese caso te notificaremos que necesitamos m\u00e1s tiempo.<\/p>\n\n\n\n<p><strong>\u00bfTRATAMOS COOKIES?<\/strong><\/p>\n\n\n\n<p>S\u00ed, podr\u00e1s consultar la pol\u00edtica de cookies en el enlace correspondiente desde el inicio de nuestra web.<\/p>\n\n\n\n<p><strong>\u00bfQU\u00c9 MEDIDAS DE SEGURIDAD APLICAMOS?<\/strong><\/p>\n\n\n\n<p>Hemos adoptado un nivel adecuado de protecci\u00f3n de los Datos Personales que manejamos, y hemos instalado todos los medios y medidas t\u00e9cnicas a nuestra disposici\u00f3n seg\u00fan el estado de la tecnolog\u00eda para evitar la p\u00e9rdida, mal uso, alteraci\u00f3n, acceso no autorizado y robo de los Datos Personales.<\/p>\n\n\n\n<p>Utilizamos t\u00e9cnicas de seguridad de la informaci\u00f3n generalmente aceptadas en la industria, tales como firewalls, procedimientos de control de acceso y mecanismos criptogr\u00e1ficos, todo ello con el objeto de evitar el acceso no autorizado a los datos. Para lograr estos fines, el usuario\/cliente acepta que el prestador obtenga datos para efectos de la correspondiente autenticaci\u00f3n de los controles de acceso si fuera necesario.<\/p>\n\n\n\n<p><strong>No obstante, lo anterior, el usuario reconoce y acepta que las medidas de seguridad en Internet no son seguras al cien por cien.<\/strong><\/p>\n\n\n\n<p><strong>CONSENTIMIENTO Y ACEPTACI\u00d3N<\/strong><\/p>\n\n\n\n<p>Marcando las casillas de aceptaci\u00f3n obligatorias habilitadas en nuestra Web y la entrada de datos en los campos de nuestros formularios, aceptas expresamente y de forma libre e inequ\u00edvoca, que tus datos son necesarios para atender tu petici\u00f3n, declarando haber sido informado de las condiciones sobre el protecci\u00f3n de datos de car\u00e1cter personal, aceptando y por tanto consintiendo el tratamiento de tus datos por parte de ASOCIACI\u00d3N BIENESTAR Y DESARROLLO (ABD) en la forma y para las finalidades indicadas en la presente Pol\u00edtica de Privacidad.<\/p>\n\n\n\n<p><strong>\u00bfPUEDE SER MODIFICADA ESTA POL\u00cdTICA DE PRIVACIDAD?<\/strong><\/p>\n\n\n\n<p>S\u00ed, esta pol\u00edtica de privacidad se puede actualizar para adaptarla a las modificaciones que se produzcan o por los cambios legislativos que vayan apareciendo y afecten a las pol\u00edticas recogidas en este documento. Como consecuencia, recomendamos que la revises peri\u00f3dicamente.<\/p>\n\n\n\n<p><strong>La \u00faltima actualizaci\u00f3n es de junio de 2023.<\/strong><\/p>\n\n\n\n<p><\/p>\n","protected":false},"excerpt":{"rendered":"<p>El objetivo de esta pol\u00edtica es informar a los interesados acerca de los distintos tratamientos realizados por&nbsp;ASOCIACI\u00d3N BIENESTAR Y DESARROLLO (ABD),&nbsp;que afecten a sus datos personales de conformidad con lo establecido en la Ley Org\u00e1nica 3\/2018, de Protecci\u00f3n de Datos Personales y garant\u00eda de los derechos digitales y el Reglamento (UE) 2016\/679 del Parlamento Europeo [&hellip;]<\/p>\n","protected":false},"author":2,"featured_media":0,"parent":0,"menu_order":0,"comment_status":"closed","ping_status":"closed","template":"","meta":{"footnotes":""},"class_list":["post-1641","page","type-page","status-publish","hentry"],"_links":{"self":[{"href":"https:\/\/eufoodsecurityhub.org\/es\/wp-json\/wp\/v2\/pages\/1641","targetHints":{"allow":["GET"]}}],"collection":[{"href":"https:\/\/eufoodsecurityhub.org\/es\/wp-json\/wp\/v2\/pages"}],"about":[{"href":"https:\/\/eufoodsecurityhub.org\/es\/wp-json\/wp\/v2\/types\/page"}],"author":[{"embeddable":true,"href":"https:\/\/eufoodsecurityhub.org\/es\/wp-json\/wp\/v2\/users\/2"}],"replies":[{"embeddable":true,"href":"https:\/\/eufoodsecurityhub.org\/es\/wp-json\/wp\/v2\/comments?post=1641"}],"version-history":[{"count":0,"href":"https:\/\/eufoodsecurityhub.org\/es\/wp-json\/wp\/v2\/pages\/1641\/revisions"}],"wp:attachment":[{"href":"https:\/\/eufoodsecurityhub.org\/es\/wp-json\/wp\/v2\/media?parent=1641"}],"curies":[{"name":"wp","href":"https:\/\/api.w.org\/{rel}","templated":true}]}}