{"id":390,"date":"2023-05-05T12:46:53","date_gmt":"2023-05-05T11:46:53","guid":{"rendered":"http:\/\/eufoodsecurityhub.org\/proyecto\/"},"modified":"2023-08-29T13:53:01","modified_gmt":"2023-08-29T12:53:01","slug":"proyecto","status":"publish","type":"page","link":"https:\/\/eufoodsecurityhub.org\/es\/proyecto\/","title":{"rendered":"PROYECTO"},"content":{"rendered":"\t\t<div data-elementor-type=\"wp-page\" data-elementor-id=\"390\" class=\"elementor elementor-390 elementor-185\" data-elementor-post-type=\"page\">\n\t\t\t\t\t\t<section class=\"elementor-section elementor-top-section elementor-element elementor-element-d31bb69 elementor-section-boxed elementor-section-height-default elementor-section-height-default\" data-id=\"d31bb69\" data-element_type=\"section\" data-e-type=\"section\">\n\t\t\t\t\t\t<div class=\"elementor-container elementor-column-gap-default\">\n\t\t\t\t\t<div class=\"elementor-column elementor-col-33 elementor-top-column elementor-element elementor-element-0fea813\" data-id=\"0fea813\" data-element_type=\"column\" data-e-type=\"column\">\n\t\t\t<div class=\"elementor-widget-wrap elementor-element-populated\">\n\t\t\t\t\t\t<div class=\"elementor-element elementor-element-0914273 elementor-widget__width-inherit elementor-widget elementor-widget-image\" data-id=\"0914273\" data-element_type=\"widget\" data-e-type=\"widget\" data-widget_type=\"image.default\">\n\t\t\t\t<div class=\"elementor-widget-container\">\n\t\t\t\t\t\t\t\t\t\t\t\t\t\t\t<img decoding=\"async\" src=\"https:\/\/eufoodsecurityhub.org\/wp-content\/uploads\/2023\/05\/puntos-cortos.png\" title=\"puntos cortos\" alt=\"puntos cortos\" loading=\"lazy\" \/>\t\t\t\t\t\t\t\t\t\t\t\t\t\t\t<\/div>\n\t\t\t\t<\/div>\n\t\t\t\t\t<\/div>\n\t\t<\/div>\n\t\t\t\t<div class=\"elementor-column elementor-col-33 elementor-top-column elementor-element elementor-element-95d680e\" data-id=\"95d680e\" data-element_type=\"column\" data-e-type=\"column\">\n\t\t\t<div class=\"elementor-widget-wrap elementor-element-populated\">\n\t\t\t\t\t\t<div class=\"elementor-element elementor-element-ac4cb65 elementor-widget elementor-widget-heading\" data-id=\"ac4cb65\" data-element_type=\"widget\" data-e-type=\"widget\" data-widget_type=\"heading.default\">\n\t\t\t\t<div class=\"elementor-widget-container\">\n\t\t\t\t\t<h2 class=\"elementor-heading-title elementor-size-default\">EL PROYECTO<\/h2>\t\t\t\t<\/div>\n\t\t\t\t<\/div>\n\t\t\t\t\t<\/div>\n\t\t<\/div>\n\t\t\t\t<div class=\"elementor-column elementor-col-33 elementor-top-column elementor-element elementor-element-fd5ce79\" data-id=\"fd5ce79\" data-element_type=\"column\" data-e-type=\"column\">\n\t\t\t<div class=\"elementor-widget-wrap elementor-element-populated\">\n\t\t\t\t\t\t<div class=\"elementor-element elementor-element-9b974b0 elementor-widget__width-inherit elementor-widget elementor-widget-image\" data-id=\"9b974b0\" data-element_type=\"widget\" data-e-type=\"widget\" data-widget_type=\"image.default\">\n\t\t\t\t<div class=\"elementor-widget-container\">\n\t\t\t\t\t\t\t\t\t\t\t\t\t\t\t<img decoding=\"async\" src=\"https:\/\/eufoodsecurityhub.org\/wp-content\/uploads\/2023\/05\/puntos-cortos.png\" title=\"puntos cortos\" alt=\"puntos cortos\" loading=\"lazy\" \/>\t\t\t\t\t\t\t\t\t\t\t\t\t\t\t<\/div>\n\t\t\t\t<\/div>\n\t\t\t\t\t<\/div>\n\t\t<\/div>\n\t\t\t\t\t<\/div>\n\t\t<\/section>\n\t\t\t\t<section class=\"elementor-section elementor-top-section elementor-element elementor-element-61a6426 elementor-section-boxed elementor-section-height-default elementor-section-height-default\" data-id=\"61a6426\" data-element_type=\"section\" data-e-type=\"section\">\n\t\t\t\t\t\t<div class=\"elementor-container elementor-column-gap-default\">\n\t\t\t\t\t<div class=\"elementor-column elementor-col-100 elementor-top-column elementor-element elementor-element-e7786cd\" data-id=\"e7786cd\" data-element_type=\"column\" data-e-type=\"column\">\n\t\t\t<div class=\"elementor-widget-wrap elementor-element-populated\">\n\t\t\t\t\t\t<div class=\"elementor-element elementor-element-02b48f3 elementor-widget elementor-widget-heading\" data-id=\"02b48f3\" data-element_type=\"widget\" data-e-type=\"widget\" data-widget_type=\"heading.default\">\n\t\t\t\t<div class=\"elementor-widget-container\">\n\t\t\t\t\t<h2 class=\"elementor-heading-title elementor-size-default\">OBJETIVOS ESPEC\u00cdFICOS<\/h2>\t\t\t\t<\/div>\n\t\t\t\t<\/div>\n\t\t\t\t\t<\/div>\n\t\t<\/div>\n\t\t\t\t\t<\/div>\n\t\t<\/section>\n\t\t\t\t<section class=\"elementor-section elementor-top-section elementor-element elementor-element-464aa30 elementor-section-content-middle elementor-section-boxed elementor-section-height-default elementor-section-height-default\" data-id=\"464aa30\" data-element_type=\"section\" data-e-type=\"section\" data-settings=\"{&quot;background_background&quot;:&quot;classic&quot;}\">\n\t\t\t\t\t\t<div class=\"elementor-container elementor-column-gap-no\">\n\t\t\t\t\t<div class=\"elementor-column elementor-col-50 elementor-top-column elementor-element elementor-element-9df05bb\" data-id=\"9df05bb\" data-element_type=\"column\" data-e-type=\"column\">\n\t\t\t<div class=\"elementor-widget-wrap elementor-element-populated\">\n\t\t\t\t\t\t<div class=\"elementor-element elementor-element-42bea2f elementor-widget elementor-widget-image\" data-id=\"42bea2f\" data-element_type=\"widget\" data-e-type=\"widget\" data-widget_type=\"image.default\">\n\t\t\t\t<div class=\"elementor-widget-container\">\n\t\t\t\t\t\t\t\t\t\t\t\t\t\t\t<img fetchpriority=\"high\" decoding=\"async\" width=\"735\" height=\"1039\" src=\"https:\/\/eufoodsecurityhub.org\/wp-content\/uploads\/2023\/05\/P4.png\" class=\"attachment-full size-full wp-image-284\" alt=\"\" srcset=\"https:\/\/eufoodsecurityhub.org\/wp-content\/uploads\/2023\/05\/P4.png 735w, https:\/\/eufoodsecurityhub.org\/wp-content\/uploads\/2023\/05\/P4-212x300.png 212w, https:\/\/eufoodsecurityhub.org\/wp-content\/uploads\/2023\/05\/P4-724x1024.png 724w\" sizes=\"(max-width: 735px) 100vw, 735px\" \/>\t\t\t\t\t\t\t\t\t\t\t\t\t\t\t<\/div>\n\t\t\t\t<\/div>\n\t\t\t\t\t<\/div>\n\t\t<\/div>\n\t\t\t\t<div class=\"elementor-column elementor-col-50 elementor-top-column elementor-element elementor-element-370b063\" data-id=\"370b063\" data-element_type=\"column\" data-e-type=\"column\">\n\t\t\t<div class=\"elementor-widget-wrap elementor-element-populated\">\n\t\t\t\t\t\t<div class=\"elementor-element elementor-element-1f0e425 elementor-widget__width-initial elementor-widget elementor-widget-text-editor\" data-id=\"1f0e425\" data-element_type=\"widget\" data-e-type=\"widget\" data-widget_type=\"text-editor.default\">\n\t\t\t\t<div class=\"elementor-widget-container\">\n\t\t\t\t\t\t\t\t\t<ul><li style=\"list-style-type: none;\"><ul><li>Apoyar la creaci\u00f3n de <b>empleos verdes con perspectiva de futuro en el \u00e1mbito de la seguridad alimentaria sostenible, <\/b>aumentando al mismo tiempo las oportunidades de inclusi\u00f3n laboral<br \/><br \/><\/li><li>Promover el dise\u00f1o y testeo de un <b>programa de investigaci\u00f3n y formaci\u00f3n innovador<\/b> dirigido a iniciativas que trabajen con personas en riesgo de exclusi\u00f3n social en el sector de la seguridad alimentaria y la agricultura sostenible<\/li><\/ul><\/li><\/ul><ul><li style=\"list-style-type: none;\">\u00a0<\/li><\/ul><ul><li style=\"list-style-type: none;\"><ul><li><b>Impulsar el desarrollo de profesionales y organizaciones de formaci\u00f3n,<\/b> <b>promoviendo al mismo tiempo el acceso de personas con baja cualificaci\u00f3n a una formaci\u00f3n de calidad<\/b> en competencias sostenibles dentro de un marco intercultural, no discriminatorio e inclusivo<br \/><br \/><\/li><li><b>Compartir buenas pr\u00e1cticas y resultados del proyecto,<\/b> especialmente el Informe de Recomendaciones<\/li><\/ul><\/li><\/ul>\t\t\t\t\t\t\t\t<\/div>\n\t\t\t\t<\/div>\n\t\t\t\t\t<\/div>\n\t\t<\/div>\n\t\t\t\t\t<\/div>\n\t\t<\/section>\n\t\t\t\t<section class=\"elementor-section elementor-top-section elementor-element elementor-element-912e3fb elementor-section-boxed elementor-section-height-default elementor-section-height-default\" data-id=\"912e3fb\" data-element_type=\"section\" data-e-type=\"section\">\n\t\t\t\t\t\t<div class=\"elementor-container elementor-column-gap-default\">\n\t\t\t\t\t<div class=\"elementor-column elementor-col-100 elementor-top-column elementor-element elementor-element-99a9fdb\" data-id=\"99a9fdb\" data-element_type=\"column\" data-e-type=\"column\">\n\t\t\t<div class=\"elementor-widget-wrap elementor-element-populated\">\n\t\t\t\t\t\t<div class=\"elementor-element elementor-element-83b68d1 elementor-widget elementor-widget-image\" data-id=\"83b68d1\" data-element_type=\"widget\" data-e-type=\"widget\" data-widget_type=\"image.default\">\n\t\t\t\t<div class=\"elementor-widget-container\">\n\t\t\t\t\t\t\t\t\t\t\t\t\t\t\t<img decoding=\"async\" width=\"2421\" height=\"10\" src=\"https:\/\/eufoodsecurityhub.org\/wp-content\/uploads\/2023\/05\/Separador-copia.png\" class=\"attachment-full size-full wp-image-251\" alt=\"\" srcset=\"https:\/\/eufoodsecurityhub.org\/wp-content\/uploads\/2023\/05\/Separador-copia.png 2421w, https:\/\/eufoodsecurityhub.org\/wp-content\/uploads\/2023\/05\/Separador-copia-300x1.png 300w, https:\/\/eufoodsecurityhub.org\/wp-content\/uploads\/2023\/05\/Separador-copia-1024x4.png 1024w, https:\/\/eufoodsecurityhub.org\/wp-content\/uploads\/2023\/05\/Separador-copia-768x3.png 768w, https:\/\/eufoodsecurityhub.org\/wp-content\/uploads\/2023\/05\/Separador-copia-1536x6.png 1536w, https:\/\/eufoodsecurityhub.org\/wp-content\/uploads\/2023\/05\/Separador-copia-2048x8.png 2048w\" sizes=\"(max-width: 2421px) 100vw, 2421px\" \/>\t\t\t\t\t\t\t\t\t\t\t\t\t\t\t<\/div>\n\t\t\t\t<\/div>\n\t\t\t\t\t<\/div>\n\t\t<\/div>\n\t\t\t\t\t<\/div>\n\t\t<\/section>\n\t\t\t\t<section class=\"elementor-section elementor-top-section elementor-element elementor-element-be09a6d elementor-section-boxed elementor-section-height-default elementor-section-height-default\" data-id=\"be09a6d\" data-element_type=\"section\" data-e-type=\"section\">\n\t\t\t\t\t\t<div class=\"elementor-container elementor-column-gap-default\">\n\t\t\t\t\t<div class=\"elementor-column elementor-col-100 elementor-top-column elementor-element elementor-element-99c745b\" data-id=\"99c745b\" data-element_type=\"column\" data-e-type=\"column\">\n\t\t\t<div class=\"elementor-widget-wrap elementor-element-populated\">\n\t\t\t\t\t\t<div class=\"elementor-element elementor-element-faead5b elementor-widget elementor-widget-heading\" data-id=\"faead5b\" data-element_type=\"widget\" data-e-type=\"widget\" data-widget_type=\"heading.default\">\n\t\t\t\t<div class=\"elementor-widget-container\">\n\t\t\t\t\t<h2 class=\"elementor-heading-title elementor-size-default\">ACTIVIDADES PRINCIPALES<\/h2>\t\t\t\t<\/div>\n\t\t\t\t<\/div>\n\t\t\t\t\t<\/div>\n\t\t<\/div>\n\t\t\t\t\t<\/div>\n\t\t<\/section>\n\t\t\t\t<section class=\"elementor-section elementor-top-section elementor-element elementor-element-fd3e0c0 elementor-section-content-middle elementor-section-boxed elementor-section-height-default elementor-section-height-default\" data-id=\"fd3e0c0\" data-element_type=\"section\" data-e-type=\"section\">\n\t\t\t\t\t\t<div class=\"elementor-container elementor-column-gap-no\">\n\t\t\t\t\t<div class=\"elementor-column elementor-col-50 elementor-top-column elementor-element elementor-element-fa3784f\" data-id=\"fa3784f\" data-element_type=\"column\" data-e-type=\"column\">\n\t\t\t<div class=\"elementor-widget-wrap elementor-element-populated\">\n\t\t\t\t\t\t<div class=\"elementor-element elementor-element-8148df0 elementor-widget elementor-widget-image\" data-id=\"8148df0\" data-element_type=\"widget\" data-e-type=\"widget\" data-widget_type=\"image.default\">\n\t\t\t\t<div class=\"elementor-widget-container\">\n\t\t\t\t\t\t\t\t\t\t\t\t\t\t\t<img decoding=\"async\" width=\"735\" height=\"1039\" src=\"https:\/\/eufoodsecurityhub.org\/wp-content\/uploads\/2023\/05\/uvas.png\" class=\"attachment-full size-full wp-image-576\" alt=\"\" srcset=\"https:\/\/eufoodsecurityhub.org\/wp-content\/uploads\/2023\/05\/uvas.png 735w, https:\/\/eufoodsecurityhub.org\/wp-content\/uploads\/2023\/05\/uvas-212x300.png 212w, https:\/\/eufoodsecurityhub.org\/wp-content\/uploads\/2023\/05\/uvas-724x1024.png 724w\" sizes=\"(max-width: 735px) 100vw, 735px\" \/>\t\t\t\t\t\t\t\t\t\t\t\t\t\t\t<\/div>\n\t\t\t\t<\/div>\n\t\t\t\t\t<\/div>\n\t\t<\/div>\n\t\t\t\t<div class=\"elementor-column elementor-col-50 elementor-top-column elementor-element elementor-element-7a46f60\" data-id=\"7a46f60\" data-element_type=\"column\" data-e-type=\"column\">\n\t\t\t<div class=\"elementor-widget-wrap elementor-element-populated\">\n\t\t\t\t\t\t<div class=\"elementor-element elementor-element-2e56eba elementor-widget__width-initial elementor-widget elementor-widget-text-editor\" data-id=\"2e56eba\" data-element_type=\"widget\" data-e-type=\"widget\" data-widget_type=\"text-editor.default\">\n\t\t\t\t<div class=\"elementor-widget-container\">\n\t\t\t\t\t\t\t\t\t<ul><li><b>Encuesta participativa sobre buenas pr\u00e1cticas<\/b> seleccionadas para definir itinerarios profesionales espec\u00edficos de empleo con perspectiva de futuro<br \/><br \/><\/li><li><b>Encuentro internacional <\/b>para compartir conocimientos y experiencias en Mil\u00e1n<br \/><br \/><\/li><li><b>Dise\u00f1o y evaluaci\u00f3n de los materiales de formaci\u00f3n transversal<\/b>: Programa de formaci\u00f3n sobre seguridad alimentaria, un curso abierto en l\u00ednea (MOOC, en ingl\u00e9s) y un manual<br \/><br \/><\/li><li><b>5 Talleres europeos de intercambio y aprendizaje<\/b> en El Prat de Llobregat, Palermo, Aubagne, Piacenza y Atenas<br \/><br \/><\/li><li><b>Informe de recomendaciones<\/b> destinado a las administraciones para hacer frente a la inseguridad alimentaria<br \/><br \/><\/li><li><b>Actividades de divulgaci\u00f3n<\/b> para concienciar y difundir los resultados del proyecto<br \/><br \/><\/li><li><b style=\"background-color: transparent; letter-spacing: 0px;\">Encuentro internacional<\/b><span style=\"background-color: transparent; letter-spacing: 0px;\">\u00a0con 100 asistentes en El Prat de Llobregat<\/span><\/li><\/ul>\t\t\t\t\t\t\t\t<\/div>\n\t\t\t\t<\/div>\n\t\t\t\t\t<\/div>\n\t\t<\/div>\n\t\t\t\t\t<\/div>\n\t\t<\/section>\n\t\t\t\t<section class=\"elementor-section elementor-top-section elementor-element elementor-element-fa170fb elementor-section-boxed elementor-section-height-default elementor-section-height-default\" data-id=\"fa170fb\" data-element_type=\"section\" data-e-type=\"section\">\n\t\t\t\t\t\t<div class=\"elementor-container elementor-column-gap-default\">\n\t\t\t\t\t<div class=\"elementor-column elementor-col-100 elementor-top-column elementor-element elementor-element-aa2ca50\" data-id=\"aa2ca50\" data-element_type=\"column\" data-e-type=\"column\">\n\t\t\t<div class=\"elementor-widget-wrap elementor-element-populated\">\n\t\t\t\t\t\t<div class=\"elementor-element elementor-element-8061f9a elementor-widget elementor-widget-image\" data-id=\"8061f9a\" data-element_type=\"widget\" data-e-type=\"widget\" data-widget_type=\"image.default\">\n\t\t\t\t<div class=\"elementor-widget-container\">\n\t\t\t\t\t\t\t\t\t\t\t\t\t\t\t<img decoding=\"async\" width=\"2421\" height=\"10\" src=\"https:\/\/eufoodsecurityhub.org\/wp-content\/uploads\/2023\/05\/Separador-copia.png\" class=\"attachment-full size-full wp-image-251\" alt=\"\" srcset=\"https:\/\/eufoodsecurityhub.org\/wp-content\/uploads\/2023\/05\/Separador-copia.png 2421w, https:\/\/eufoodsecurityhub.org\/wp-content\/uploads\/2023\/05\/Separador-copia-300x1.png 300w, https:\/\/eufoodsecurityhub.org\/wp-content\/uploads\/2023\/05\/Separador-copia-1024x4.png 1024w, https:\/\/eufoodsecurityhub.org\/wp-content\/uploads\/2023\/05\/Separador-copia-768x3.png 768w, https:\/\/eufoodsecurityhub.org\/wp-content\/uploads\/2023\/05\/Separador-copia-1536x6.png 1536w, https:\/\/eufoodsecurityhub.org\/wp-content\/uploads\/2023\/05\/Separador-copia-2048x8.png 2048w\" sizes=\"(max-width: 2421px) 100vw, 2421px\" \/>\t\t\t\t\t\t\t\t\t\t\t\t\t\t\t<\/div>\n\t\t\t\t<\/div>\n\t\t\t\t\t<\/div>\n\t\t<\/div>\n\t\t\t\t\t<\/div>\n\t\t<\/section>\n\t\t\t\t<section class=\"elementor-section elementor-top-section elementor-element elementor-element-6086bdd elementor-section-boxed elementor-section-height-default elementor-section-height-default\" data-id=\"6086bdd\" data-element_type=\"section\" data-e-type=\"section\">\n\t\t\t\t\t\t<div class=\"elementor-container elementor-column-gap-default\">\n\t\t\t\t\t<div class=\"elementor-column elementor-col-100 elementor-top-column elementor-element elementor-element-b70d0fb\" data-id=\"b70d0fb\" data-element_type=\"column\" data-e-type=\"column\">\n\t\t\t<div class=\"elementor-widget-wrap elementor-element-populated\">\n\t\t\t\t\t\t<div class=\"elementor-element elementor-element-0fa11fb elementor-widget elementor-widget-heading\" data-id=\"0fa11fb\" data-element_type=\"widget\" data-e-type=\"widget\" data-widget_type=\"heading.default\">\n\t\t\t\t<div class=\"elementor-widget-container\">\n\t\t\t\t\t<h2 class=\"elementor-heading-title elementor-size-default\">IMPACTO Y RESULTADOS<\/h2>\t\t\t\t<\/div>\n\t\t\t\t<\/div>\n\t\t\t\t\t<\/div>\n\t\t<\/div>\n\t\t\t\t\t<\/div>\n\t\t<\/section>\n\t\t\t\t<section class=\"elementor-section elementor-top-section elementor-element elementor-element-15970e0 elementor-section-content-middle elementor-section-boxed elementor-section-height-default elementor-section-height-default\" data-id=\"15970e0\" data-element_type=\"section\" data-e-type=\"section\">\n\t\t\t\t\t\t<div class=\"elementor-container elementor-column-gap-no\">\n\t\t\t\t\t<div class=\"elementor-column elementor-col-50 elementor-top-column elementor-element elementor-element-4c09f68\" data-id=\"4c09f68\" data-element_type=\"column\" data-e-type=\"column\">\n\t\t\t<div class=\"elementor-widget-wrap elementor-element-populated\">\n\t\t\t\t\t\t<div class=\"elementor-element elementor-element-6a33586 elementor-widget elementor-widget-image\" data-id=\"6a33586\" data-element_type=\"widget\" data-e-type=\"widget\" data-widget_type=\"image.default\">\n\t\t\t\t<div class=\"elementor-widget-container\">\n\t\t\t\t\t\t\t\t\t\t\t\t\t\t\t<img loading=\"lazy\" decoding=\"async\" width=\"735\" height=\"1039\" src=\"https:\/\/eufoodsecurityhub.org\/wp-content\/uploads\/2023\/06\/FOTO.jpg\" class=\"attachment-full size-full wp-image-1212\" alt=\"\" srcset=\"https:\/\/eufoodsecurityhub.org\/wp-content\/uploads\/2023\/06\/FOTO.jpg 735w, https:\/\/eufoodsecurityhub.org\/wp-content\/uploads\/2023\/06\/FOTO-212x300.jpg 212w, https:\/\/eufoodsecurityhub.org\/wp-content\/uploads\/2023\/06\/FOTO-724x1024.jpg 724w\" sizes=\"(max-width: 735px) 100vw, 735px\" \/>\t\t\t\t\t\t\t\t\t\t\t\t\t\t\t<\/div>\n\t\t\t\t<\/div>\n\t\t\t\t\t<\/div>\n\t\t<\/div>\n\t\t\t\t<div class=\"elementor-column elementor-col-50 elementor-top-column elementor-element elementor-element-bd48a13\" data-id=\"bd48a13\" data-element_type=\"column\" data-e-type=\"column\">\n\t\t\t<div class=\"elementor-widget-wrap elementor-element-populated\">\n\t\t\t\t\t\t<div class=\"elementor-element elementor-element-a2fa9b0 elementor-widget__width-initial elementor-widget elementor-widget-text-editor\" data-id=\"a2fa9b0\" data-element_type=\"widget\" data-e-type=\"widget\" data-widget_type=\"text-editor.default\">\n\t\t\t\t<div class=\"elementor-widget-container\">\n\t\t\t\t\t\t\t\t\t<ul>\n \t<li><b>Encuentro internacional de intercambio de conocimientos<\/b> y experiencias en Mil\u00e1n con 24 profesionales<\/li> <br>\n \t<li><b>Informe sobre el marco de competencias y los itinerarios profesionales<\/b> para generar empleos verdes en los ecosistemas de seguridad alimentaria<\/li><br>\n \t<li><b>Materiales de formaci\u00f3n transversal (programa de formaci\u00f3n, MOOC y manual)<\/b> evaluados por 85 profesionales y difundidos entre organizaciones y grupos de inter\u00e9s<\/li><br>\n \t<li><b>5 talleres europeos de intercambio y aprendizaje entre profesionales en los que se formar\u00e1 a 85 profesionale<\/b>s de otras organizaciones y pa\u00edses socios<\/li><br>\n \t<li><b>Informe de recomendaciones<\/b> para ayudar a los gobiernos locales a abordar el proceso de implantar o apoyar un nuevo enfoque contra la inseguridad alimentaria<\/li><br>\n \t<li><b>Encuentros nacionales de incidencia pol\u00edtica<\/b> para alcanzar y comprometer a 30 grupos de inter\u00e9s<\/li><br>\n \t<li><b>Campa\u00f1a de Sensibilizaci\u00f3n, Difusi\u00f3n y Sostenibilidad<\/b> alcanzando 6.000 ciudadanos de la UE.<\/li><br>\n \t<li><b>Conferencia europea y acto de networking con 100 invitados internacionales<\/b><\/li>\n<\/ul>\t\t\t\t\t\t\t\t<\/div>\n\t\t\t\t<\/div>\n\t\t\t\t\t<\/div>\n\t\t<\/div>\n\t\t\t\t\t<\/div>\n\t\t<\/section>\n\t\t\t\t<section class=\"elementor-section elementor-top-section elementor-element elementor-element-9dcff99 elementor-section-full_width elementor-section-height-default elementor-section-height-default\" data-id=\"9dcff99\" data-element_type=\"section\" data-e-type=\"section\" data-settings=\"{&quot;background_background&quot;:&quot;classic&quot;}\">\n\t\t\t\t\t\t<div class=\"elementor-container elementor-column-gap-default\">\n\t\t\t\t\t<div class=\"elementor-column elementor-col-100 elementor-top-column elementor-element elementor-element-4b9ac6e\" data-id=\"4b9ac6e\" data-element_type=\"column\" data-e-type=\"column\">\n\t\t\t<div class=\"elementor-widget-wrap\">\n\t\t\t\t\t\t\t<\/div>\n\t\t<\/div>\n\t\t\t\t\t<\/div>\n\t\t<\/section>\n\t\t\t\t<\/div>\n\t\t","protected":false},"excerpt":{"rendered":"<p>EL PROYECTO OBJETIVOS ESPEC\u00cdFICOS Apoyar la creaci\u00f3n de empleos verdes con perspectiva de futuro en el \u00e1mbito de la seguridad alimentaria sostenible, aumentando al mismo tiempo las oportunidades de inclusi\u00f3n laboral Promover el dise\u00f1o y testeo de un programa de investigaci\u00f3n y formaci\u00f3n innovador dirigido a iniciativas que trabajen con personas en riesgo de exclusi\u00f3n [&hellip;]<\/p>\n","protected":false},"author":3,"featured_media":0,"parent":0,"menu_order":0,"comment_status":"closed","ping_status":"closed","template":"elementor_header_footer","meta":{"footnotes":""},"class_list":["post-390","page","type-page","status-publish","hentry"],"_links":{"self":[{"href":"https:\/\/eufoodsecurityhub.org\/es\/wp-json\/wp\/v2\/pages\/390","targetHints":{"allow":["GET"]}}],"collection":[{"href":"https:\/\/eufoodsecurityhub.org\/es\/wp-json\/wp\/v2\/pages"}],"about":[{"href":"https:\/\/eufoodsecurityhub.org\/es\/wp-json\/wp\/v2\/types\/page"}],"author":[{"embeddable":true,"href":"https:\/\/eufoodsecurityhub.org\/es\/wp-json\/wp\/v2\/users\/3"}],"replies":[{"embeddable":true,"href":"https:\/\/eufoodsecurityhub.org\/es\/wp-json\/wp\/v2\/comments?post=390"}],"version-history":[{"count":0,"href":"https:\/\/eufoodsecurityhub.org\/es\/wp-json\/wp\/v2\/pages\/390\/revisions"}],"wp:attachment":[{"href":"https:\/\/eufoodsecurityhub.org\/es\/wp-json\/wp\/v2\/media?parent=390"}],"curies":[{"name":"wp","href":"https:\/\/api.w.org\/{rel}","templated":true}]}}