{"id":773,"date":"2023-05-05T15:03:19","date_gmt":"2023-05-05T14:03:19","guid":{"rendered":"http:\/\/eufoodsecurityhub.org\/buenas-practicas\/"},"modified":"2023-08-28T07:16:44","modified_gmt":"2023-08-28T06:16:44","slug":"buenas-practicas","status":"publish","type":"page","link":"https:\/\/eufoodsecurityhub.org\/es\/buenas-practicas\/","title":{"rendered":"BUENAS PR\u00c1CTICAS"},"content":{"rendered":"\t\t<div data-elementor-type=\"wp-page\" data-elementor-id=\"773\" class=\"elementor elementor-773 elementor-345\" data-elementor-post-type=\"page\">\n\t\t\t\t\t\t<section class=\"elementor-section elementor-top-section elementor-element elementor-element-b24e560 elementor-section-boxed elementor-section-height-default elementor-section-height-default\" data-id=\"b24e560\" data-element_type=\"section\" data-e-type=\"section\">\n\t\t\t\t\t\t<div class=\"elementor-container elementor-column-gap-default\">\n\t\t\t\t\t<div class=\"elementor-column elementor-col-33 elementor-top-column elementor-element elementor-element-9563708\" data-id=\"9563708\" data-element_type=\"column\" data-e-type=\"column\">\n\t\t\t<div class=\"elementor-widget-wrap elementor-element-populated\">\n\t\t\t\t\t\t<div class=\"elementor-element elementor-element-22796c0 elementor-widget__width-inherit elementor-widget elementor-widget-image\" data-id=\"22796c0\" data-element_type=\"widget\" data-e-type=\"widget\" data-widget_type=\"image.default\">\n\t\t\t\t<div class=\"elementor-widget-container\">\n\t\t\t\t\t\t\t\t\t\t\t\t\t\t\t<img decoding=\"async\" src=\"https:\/\/eufoodsecurityhub.org\/wp-content\/uploads\/2023\/05\/puntos-cortos.png\" title=\"puntos cortos\" alt=\"puntos cortos\" loading=\"lazy\" \/>\t\t\t\t\t\t\t\t\t\t\t\t\t\t\t<\/div>\n\t\t\t\t<\/div>\n\t\t\t\t\t<\/div>\n\t\t<\/div>\n\t\t\t\t<div class=\"elementor-column elementor-col-33 elementor-top-column elementor-element elementor-element-7a2d879\" data-id=\"7a2d879\" data-element_type=\"column\" data-e-type=\"column\">\n\t\t\t<div class=\"elementor-widget-wrap elementor-element-populated\">\n\t\t\t\t\t\t<div class=\"elementor-element elementor-element-a53ac7f elementor-widget elementor-widget-heading\" data-id=\"a53ac7f\" data-element_type=\"widget\" data-e-type=\"widget\" data-widget_type=\"heading.default\">\n\t\t\t\t<div class=\"elementor-widget-container\">\n\t\t\t\t\t<h2 class=\"elementor-heading-title elementor-size-default\">BUENAS PR\u00c1CTICAS<\/h2>\t\t\t\t<\/div>\n\t\t\t\t<\/div>\n\t\t\t\t\t<\/div>\n\t\t<\/div>\n\t\t\t\t<div class=\"elementor-column elementor-col-33 elementor-top-column elementor-element elementor-element-6e3c876\" data-id=\"6e3c876\" data-element_type=\"column\" data-e-type=\"column\">\n\t\t\t<div class=\"elementor-widget-wrap elementor-element-populated\">\n\t\t\t\t\t\t<div class=\"elementor-element elementor-element-40911d1 elementor-widget__width-inherit elementor-widget elementor-widget-image\" data-id=\"40911d1\" data-element_type=\"widget\" data-e-type=\"widget\" data-widget_type=\"image.default\">\n\t\t\t\t<div class=\"elementor-widget-container\">\n\t\t\t\t\t\t\t\t\t\t\t\t\t\t\t<img decoding=\"async\" src=\"https:\/\/eufoodsecurityhub.org\/wp-content\/uploads\/2023\/05\/puntos-cortos.png\" title=\"puntos cortos\" alt=\"puntos cortos\" loading=\"lazy\" \/>\t\t\t\t\t\t\t\t\t\t\t\t\t\t\t<\/div>\n\t\t\t\t<\/div>\n\t\t\t\t\t<\/div>\n\t\t<\/div>\n\t\t\t\t\t<\/div>\n\t\t<\/section>\n\t\t\t\t<section class=\"elementor-section elementor-top-section elementor-element elementor-element-4766b3a elementor-section-boxed elementor-section-height-default elementor-section-height-default\" data-id=\"4766b3a\" data-element_type=\"section\" data-e-type=\"section\" data-settings=\"{&quot;background_background&quot;:&quot;classic&quot;}\">\n\t\t\t\t\t\t<div class=\"elementor-container elementor-column-gap-default\">\n\t\t\t\t\t<div class=\"elementor-column elementor-col-100 elementor-top-column elementor-element elementor-element-de77598\" data-id=\"de77598\" data-element_type=\"column\" data-e-type=\"column\">\n\t\t\t<div class=\"elementor-widget-wrap elementor-element-populated\">\n\t\t\t\t\t\t<div class=\"elementor-element elementor-element-a550ae2 elementor-widget elementor-widget-heading\" data-id=\"a550ae2\" data-element_type=\"widget\" data-e-type=\"widget\" data-widget_type=\"heading.default\">\n\t\t\t\t<div class=\"elementor-widget-container\">\n\t\t\t\t\t<h2 class=\"elementor-heading-title elementor-size-default\">El proyecto EU Food Security HUB de la UE complementa las siguientes iniciativas llevadas a cabo por las organizaciones del Consorcio: <\/h2>\t\t\t\t<\/div>\n\t\t\t\t<\/div>\n\t\t\t\t\t<\/div>\n\t\t<\/div>\n\t\t\t\t\t<\/div>\n\t\t<\/section>\n\t\t\t\t<section class=\"elementor-section elementor-top-section elementor-element elementor-element-6740546 elementor-section-boxed elementor-section-height-default elementor-section-height-default\" data-id=\"6740546\" data-element_type=\"section\" data-e-type=\"section\">\n\t\t\t\t\t\t<div class=\"elementor-container elementor-column-gap-no\">\n\t\t\t\t\t<div class=\"elementor-column elementor-col-50 elementor-top-column elementor-element elementor-element-bd12cee\" data-id=\"bd12cee\" data-element_type=\"column\" data-e-type=\"column\">\n\t\t\t<div class=\"elementor-widget-wrap elementor-element-populated\">\n\t\t\t\t\t\t<div class=\"elementor-element elementor-element-6ed72f9 elementor-widget elementor-widget-image\" data-id=\"6ed72f9\" data-element_type=\"widget\" data-e-type=\"widget\" data-widget_type=\"image.default\">\n\t\t\t\t<div class=\"elementor-widget-container\">\n\t\t\t\t\t\t\t\t\t\t\t\t\t\t\t<img fetchpriority=\"high\" decoding=\"async\" width=\"1169\" height=\"927\" src=\"https:\/\/eufoodsecurityhub.org\/wp-content\/uploads\/2023\/05\/PRAC-1.png\" class=\"attachment-full size-full wp-image-352\" alt=\"\" srcset=\"https:\/\/eufoodsecurityhub.org\/wp-content\/uploads\/2023\/05\/PRAC-1.png 1169w, https:\/\/eufoodsecurityhub.org\/wp-content\/uploads\/2023\/05\/PRAC-1-300x238.png 300w, https:\/\/eufoodsecurityhub.org\/wp-content\/uploads\/2023\/05\/PRAC-1-1024x812.png 1024w, https:\/\/eufoodsecurityhub.org\/wp-content\/uploads\/2023\/05\/PRAC-1-768x609.png 768w\" sizes=\"(max-width: 1169px) 100vw, 1169px\" \/>\t\t\t\t\t\t\t\t\t\t\t\t\t\t\t<\/div>\n\t\t\t\t<\/div>\n\t\t\t\t<div class=\"elementor-element elementor-element-c459d2e elementor-align-center elementor-widget elementor-widget-button\" data-id=\"c459d2e\" data-element_type=\"widget\" data-e-type=\"widget\" data-widget_type=\"button.default\">\n\t\t\t\t<div class=\"elementor-widget-container\">\n\t\t\t\t\t\t\t\t\t<div class=\"elementor-button-wrapper\">\n\t\t\t\t\t<a class=\"elementor-button elementor-button-link elementor-size-md\" href=\"https:\/\/abd.ong\/programas\/la-botiga\/%20\" target=\"_blank\">\n\t\t\t\t\t\t<span class=\"elementor-button-content-wrapper\">\n\t\t\t\t\t\t\t\t\t<span class=\"elementor-button-text\">VISITA LA WEB<\/span>\n\t\t\t\t\t<\/span>\n\t\t\t\t\t<\/a>\n\t\t\t\t<\/div>\n\t\t\t\t\t\t\t\t<\/div>\n\t\t\t\t<\/div>\n\t\t\t\t<div class=\"elementor-element elementor-element-83455b2 elementor-widget__width-initial elementor-widget elementor-widget-text-editor\" data-id=\"83455b2\" data-element_type=\"widget\" data-e-type=\"widget\" data-widget_type=\"text-editor.default\">\n\t\t\t\t<div class=\"elementor-widget-container\">\n\t\t\t\t\t\t\t\t\t<p class=\"p1\"><strong>La<\/strong><b> Botiga, <\/b>gestionada por ABD, es una cooperativa p\u00fablica del Ayuntamiento de El Prat de Llobregat que pretende superar la inseguridad alimentaria, a trav\u00e9s del empoderamiento comunitario y la inclusi\u00f3n sociolaboral de colectivos vulnerables. La Botiga surge como respuesta a las estrategias tradicionales de distribuci\u00f3n de alimentos, creando un espacio innovador abierto a toda la ciudadan\u00eda. Algunos de los valores que promueve son la activaci\u00f3n comunitaria, los h\u00e1bitos saludables, el consumo de productos locales y socialmente responsables, la cohesi\u00f3n social y la lucha contra el desperdicio alimentario.<\/p>\t\t\t\t\t\t\t\t<\/div>\n\t\t\t\t<\/div>\n\t\t\t\t\t<\/div>\n\t\t<\/div>\n\t\t\t\t<div class=\"elementor-column elementor-col-50 elementor-top-column elementor-element elementor-element-0c8202c\" data-id=\"0c8202c\" data-element_type=\"column\" data-e-type=\"column\">\n\t\t\t<div class=\"elementor-widget-wrap elementor-element-populated\">\n\t\t\t\t\t\t<div class=\"elementor-element elementor-element-722f5e6 elementor-widget elementor-widget-image\" data-id=\"722f5e6\" data-element_type=\"widget\" data-e-type=\"widget\" data-widget_type=\"image.default\">\n\t\t\t\t<div class=\"elementor-widget-container\">\n\t\t\t\t\t\t\t\t\t\t\t\t\t\t\t<img decoding=\"async\" width=\"1169\" height=\"927\" src=\"https:\/\/eufoodsecurityhub.org\/wp-content\/uploads\/2023\/05\/PRac-2.png\" class=\"attachment-full size-full wp-image-358\" alt=\"\" srcset=\"https:\/\/eufoodsecurityhub.org\/wp-content\/uploads\/2023\/05\/PRac-2.png 1169w, https:\/\/eufoodsecurityhub.org\/wp-content\/uploads\/2023\/05\/PRac-2-300x238.png 300w, https:\/\/eufoodsecurityhub.org\/wp-content\/uploads\/2023\/05\/PRac-2-1024x812.png 1024w, https:\/\/eufoodsecurityhub.org\/wp-content\/uploads\/2023\/05\/PRac-2-768x609.png 768w\" sizes=\"(max-width: 1169px) 100vw, 1169px\" \/>\t\t\t\t\t\t\t\t\t\t\t\t\t\t\t<\/div>\n\t\t\t\t<\/div>\n\t\t\t\t<div class=\"elementor-element elementor-element-85bfd27 elementor-widget__width-initial elementor-widget elementor-widget-text-editor\" data-id=\"85bfd27\" data-element_type=\"widget\" data-e-type=\"widget\" data-widget_type=\"text-editor.default\">\n\t\t\t\t<div class=\"elementor-widget-container\">\n\t\t\t\t\t\t\t\t\t<p class=\"p1\"><strong>The Social Kitchen<\/strong> de IASIS es una iniciativa que ofrece servicios de alimentaci\u00f3n a ciudadanos vulnerables del municipio de Nueva Filadelfia, en Calc\u00eddona (Atenas), y est\u00e1 orientada a personas con problemas sociales. Su principal objetivo es cubrir las necesidades b\u00e1sicas de las personas que se encuentran en situaci\u00f3n de pobreza o sin hogar.\u00a0<span style=\"letter-spacing: 0px;\">Algunos de los servicios que presta The Social Kitchen son: diagn\u00f3stico y movilizaci\u00f3n para que los ciudadanos vulnerables puedan satisfacer sus necesidades y redefinir sus vidas; enlace de las personas con los servicios sociales para obtener informaci\u00f3n y apoyo; capacitaci\u00f3n psicosocial; acceso a alimentos y ropa limpia.<\/span><\/p>\t\t\t\t\t\t\t\t<\/div>\n\t\t\t\t<\/div>\n\t\t\t\t\t<\/div>\n\t\t<\/div>\n\t\t\t\t\t<\/div>\n\t\t<\/section>\n\t\t\t\t<section class=\"elementor-section elementor-top-section elementor-element elementor-element-306b9ac elementor-section-boxed elementor-section-height-default elementor-section-height-default\" data-id=\"306b9ac\" data-element_type=\"section\" data-e-type=\"section\">\n\t\t\t\t\t\t<div class=\"elementor-container elementor-column-gap-no\">\n\t\t\t\t\t<div class=\"elementor-column elementor-col-50 elementor-top-column elementor-element elementor-element-262ab93\" data-id=\"262ab93\" data-element_type=\"column\" data-e-type=\"column\">\n\t\t\t<div class=\"elementor-widget-wrap elementor-element-populated\">\n\t\t\t\t\t\t<div class=\"elementor-element elementor-element-aa87537 elementor-widget elementor-widget-image\" data-id=\"aa87537\" data-element_type=\"widget\" data-e-type=\"widget\" data-widget_type=\"image.default\">\n\t\t\t\t<div class=\"elementor-widget-container\">\n\t\t\t\t\t\t\t\t\t\t\t\t\t\t\t<img decoding=\"async\" width=\"1169\" height=\"927\" src=\"https:\/\/eufoodsecurityhub.org\/wp-content\/uploads\/2023\/05\/Prac-3.png\" class=\"attachment-full size-full wp-image-364\" alt=\"\" srcset=\"https:\/\/eufoodsecurityhub.org\/wp-content\/uploads\/2023\/05\/Prac-3.png 1169w, https:\/\/eufoodsecurityhub.org\/wp-content\/uploads\/2023\/05\/Prac-3-300x238.png 300w, https:\/\/eufoodsecurityhub.org\/wp-content\/uploads\/2023\/05\/Prac-3-1024x812.png 1024w, https:\/\/eufoodsecurityhub.org\/wp-content\/uploads\/2023\/05\/Prac-3-768x609.png 768w\" sizes=\"(max-width: 1169px) 100vw, 1169px\" \/>\t\t\t\t\t\t\t\t\t\t\t\t\t\t\t<\/div>\n\t\t\t\t<\/div>\n\t\t\t\t<div class=\"elementor-element elementor-element-2bd3374 elementor-align-center elementor-widget elementor-widget-button\" data-id=\"2bd3374\" data-element_type=\"widget\" data-e-type=\"widget\" data-widget_type=\"button.default\">\n\t\t\t\t<div class=\"elementor-widget-container\">\n\t\t\t\t\t\t\t\t\t<div class=\"elementor-button-wrapper\">\n\t\t\t\t\t<a class=\"elementor-button elementor-button-link elementor-size-md\" href=\"https:\/\/impresasocialeland.org\/\" target=\"_blank\">\n\t\t\t\t\t\t<span class=\"elementor-button-content-wrapper\">\n\t\t\t\t\t\t\t\t\t<span class=\"elementor-button-text\">VISITA LA WEB<\/span>\n\t\t\t\t\t<\/span>\n\t\t\t\t\t<\/a>\n\t\t\t\t<\/div>\n\t\t\t\t\t\t\t\t<\/div>\n\t\t\t\t<\/div>\n\t\t\t\t<div class=\"elementor-element elementor-element-24f9474 elementor-widget__width-initial elementor-widget elementor-widget-text-editor\" data-id=\"24f9474\" data-element_type=\"widget\" data-e-type=\"widget\" data-widget_type=\"text-editor.default\">\n\t\t\t\t<div class=\"elementor-widget-container\">\n\t\t\t\t\t\t\t\t\t<p class=\"p1\"><b>LAND, <\/b>un sistema agr\u00edcola innovador y sostenible nacido de la experiencia previa adquirida por la asociaci\u00f3n CESIE. Land gestiona una granja situada en la provincia de Palermo, que alberga un centro de trabajo agr\u00edcola, con espacios de trabajo verdes e inteligentes para el personal y amplios espacios al aire libre para la agricultura innovadora y para actividades educativas y culturales. Land promueve una revoluci\u00f3n verde con el objetivo de innovar y fomentar proyectos empresariales en distintos \u00e1mbitos, como el desarrollo rural, la resiliencia comunitaria, las energ\u00edas renovables, la transici\u00f3n ecol\u00f3gica, el turismo y la movilidad sostenibles y la creaci\u00f3n de un Living Lab en Sicilia.<\/p>\t\t\t\t\t\t\t\t<\/div>\n\t\t\t\t<\/div>\n\t\t\t\t\t<\/div>\n\t\t<\/div>\n\t\t\t\t<div class=\"elementor-column elementor-col-50 elementor-top-column elementor-element elementor-element-d2cdc1b\" data-id=\"d2cdc1b\" data-element_type=\"column\" data-e-type=\"column\">\n\t\t\t<div class=\"elementor-widget-wrap elementor-element-populated\">\n\t\t\t\t\t\t<div class=\"elementor-element elementor-element-a081185 elementor-widget elementor-widget-image\" data-id=\"a081185\" data-element_type=\"widget\" data-e-type=\"widget\" data-widget_type=\"image.default\">\n\t\t\t\t<div class=\"elementor-widget-container\">\n\t\t\t\t\t\t\t\t\t\t\t\t\t\t\t<img loading=\"lazy\" decoding=\"async\" width=\"1169\" height=\"927\" src=\"https:\/\/eufoodsecurityhub.org\/wp-content\/uploads\/2023\/05\/Prac-4.png\" class=\"attachment-full size-full wp-image-370\" alt=\"\" srcset=\"https:\/\/eufoodsecurityhub.org\/wp-content\/uploads\/2023\/05\/Prac-4.png 1169w, https:\/\/eufoodsecurityhub.org\/wp-content\/uploads\/2023\/05\/Prac-4-300x238.png 300w, https:\/\/eufoodsecurityhub.org\/wp-content\/uploads\/2023\/05\/Prac-4-1024x812.png 1024w, https:\/\/eufoodsecurityhub.org\/wp-content\/uploads\/2023\/05\/Prac-4-768x609.png 768w\" sizes=\"(max-width: 1169px) 100vw, 1169px\" \/>\t\t\t\t\t\t\t\t\t\t\t\t\t\t\t<\/div>\n\t\t\t\t<\/div>\n\t\t\t\t<div class=\"elementor-element elementor-element-5dd6e23 elementor-align-center elementor-widget elementor-widget-button\" data-id=\"5dd6e23\" data-element_type=\"widget\" data-e-type=\"widget\" data-widget_type=\"button.default\">\n\t\t\t\t<div class=\"elementor-widget-container\">\n\t\t\t\t\t\t\t\t\t<div class=\"elementor-button-wrapper\">\n\t\t\t\t\t<a class=\"elementor-button elementor-button-link elementor-size-md\" href=\"https:\/\/mail.acra.it\/cosa-facciamo\/aree-di-intervento\/italia-ed-europa\/cascina-santalberto%20\" target=\"_blank\">\n\t\t\t\t\t\t<span class=\"elementor-button-content-wrapper\">\n\t\t\t\t\t\t\t\t\t<span class=\"elementor-button-text\">VISITA LA WEB<\/span>\n\t\t\t\t\t<\/span>\n\t\t\t\t\t<\/a>\n\t\t\t\t<\/div>\n\t\t\t\t\t\t\t\t<\/div>\n\t\t\t\t<\/div>\n\t\t\t\t<div class=\"elementor-element elementor-element-bc6f6eb elementor-widget__width-initial elementor-widget elementor-widget-text-editor\" data-id=\"bc6f6eb\" data-element_type=\"widget\" data-e-type=\"widget\" data-widget_type=\"text-editor.default\">\n\t\t\t\t<div class=\"elementor-widget-container\">\n\t\t\t\t\t\t\t\t\t<p class=\"p1\"><b>Cascina Sant\u2019Alberto,<\/b> un proyecto gestionado por ACRA en coordinaci\u00f3n con el Ayuntamiento de Mil\u00e1n, tiene como objetivo apoyar la producci\u00f3n agr\u00edcola sostenible; promover la formaci\u00f3n profesional y el empleo para j\u00f3venes vulnerables; promover la comercializaci\u00f3n de productos agr\u00edcolas, implicando a la sociedad civil, la comunidad local y promoviendo la concienciaci\u00f3n sobre la econom\u00eda social y la agroecolog\u00eda. La agricultura es la herramienta para proporcionar oportunidades de empleo, promover la sostenibilidad y el medio ambiente, aumentar la concienciaci\u00f3n y movilizar a las comunidades locales.<\/p>\t\t\t\t\t\t\t\t<\/div>\n\t\t\t\t<\/div>\n\t\t\t\t\t<\/div>\n\t\t<\/div>\n\t\t\t\t\t<\/div>\n\t\t<\/section>\n\t\t\t\t<section class=\"elementor-section elementor-top-section elementor-element elementor-element-83c834e elementor-section-boxed elementor-section-height-default elementor-section-height-default\" data-id=\"83c834e\" data-element_type=\"section\" data-e-type=\"section\">\n\t\t\t\t\t\t<div class=\"elementor-container elementor-column-gap-no\">\n\t\t\t\t\t<div class=\"elementor-column elementor-col-50 elementor-top-column elementor-element elementor-element-d6d0b24\" data-id=\"d6d0b24\" data-element_type=\"column\" data-e-type=\"column\">\n\t\t\t<div class=\"elementor-widget-wrap elementor-element-populated\">\n\t\t\t\t\t\t<div class=\"elementor-element elementor-element-f6e83b4 elementor-widget elementor-widget-image\" data-id=\"f6e83b4\" data-element_type=\"widget\" data-e-type=\"widget\" data-widget_type=\"image.default\">\n\t\t\t\t<div class=\"elementor-widget-container\">\n\t\t\t\t\t\t\t\t\t\t\t\t\t\t\t<img loading=\"lazy\" decoding=\"async\" width=\"1169\" height=\"927\" src=\"https:\/\/eufoodsecurityhub.org\/wp-content\/uploads\/2023\/05\/Prac-5.png\" class=\"attachment-full size-full wp-image-376\" alt=\"\" srcset=\"https:\/\/eufoodsecurityhub.org\/wp-content\/uploads\/2023\/05\/Prac-5.png 1169w, https:\/\/eufoodsecurityhub.org\/wp-content\/uploads\/2023\/05\/Prac-5-300x238.png 300w, https:\/\/eufoodsecurityhub.org\/wp-content\/uploads\/2023\/05\/Prac-5-1024x812.png 1024w, https:\/\/eufoodsecurityhub.org\/wp-content\/uploads\/2023\/05\/Prac-5-768x609.png 768w\" sizes=\"(max-width: 1169px) 100vw, 1169px\" \/>\t\t\t\t\t\t\t\t\t\t\t\t\t\t\t<\/div>\n\t\t\t\t<\/div>\n\t\t\t\t<div class=\"elementor-element elementor-element-d21d43e elementor-align-center elementor-widget elementor-widget-button\" data-id=\"d21d43e\" data-element_type=\"widget\" data-e-type=\"widget\" data-widget_type=\"button.default\">\n\t\t\t\t<div class=\"elementor-widget-container\">\n\t\t\t\t\t\t\t\t\t<div class=\"elementor-button-wrapper\">\n\t\t\t\t\t<a class=\"elementor-button elementor-button-link elementor-size-md\" href=\"https:\/\/hub.urgenci.net\/%20\" target=\"_blank\">\n\t\t\t\t\t\t<span class=\"elementor-button-content-wrapper\">\n\t\t\t\t\t\t\t\t\t<span class=\"elementor-button-text\">VISITA LA WEB<\/span>\n\t\t\t\t\t<\/span>\n\t\t\t\t\t<\/a>\n\t\t\t\t<\/div>\n\t\t\t\t\t\t\t\t<\/div>\n\t\t\t\t<\/div>\n\t\t\t\t<div class=\"elementor-element elementor-element-151df46 elementor-widget__width-initial elementor-widget elementor-widget-text-editor\" data-id=\"151df46\" data-element_type=\"widget\" data-e-type=\"widget\" data-widget_type=\"text-editor.default\">\n\t\t\t\t<div class=\"elementor-widget-container\">\n\t\t\t\t\t\t\t\t\t<p class=\"p1\"><b>Las iniciativas de asociaciones solidarias locales para la agroecolog\u00eda<\/b> (LSPA en ingl\u00e9s), promovidas por URGENCI, se centran en iniciativas colaborativas agroecol\u00f3gicas y alimentarias ancladas en sistemas alimentarios territoriales con el objetivo de facilitar la colaboraci\u00f3n entre agricultores, consumidores, gobiernos locales y otros actores para construir sistemas alimenticios locales sostenibles basados en valores compartidos de solidaridad, equidad y transparencia. Un recurso de LSPA es el <b>Urgenci Village<\/b>, un centro de aprendizaje electr\u00f3nico para la Comunidad LSPA, un pueblo virtual en el que cada casa ofrece una amplia gama de recursos sobre agroecolog\u00eda, incidencia, sistemas alimentarios territoriales, LSPA y pesquer\u00eda apoyada por la comunidad<\/p>\n\t\t\t\t\t\t\t\t<\/div>\n\t\t\t\t<\/div>\n\t\t\t\t\t<\/div>\n\t\t<\/div>\n\t\t\t\t<div class=\"elementor-column elementor-col-50 elementor-top-column elementor-element elementor-element-f0b2ee6\" data-id=\"f0b2ee6\" data-element_type=\"column\" data-e-type=\"column\">\n\t\t\t<div class=\"elementor-widget-wrap\">\n\t\t\t\t\t\t\t<\/div>\n\t\t<\/div>\n\t\t\t\t\t<\/div>\n\t\t<\/section>\n\t\t\t\t<\/div>\n\t\t","protected":false},"excerpt":{"rendered":"<p>BUENAS PR\u00c1CTICAS El proyecto EU Food Security HUB de la UE complementa las siguientes iniciativas llevadas a cabo por las organizaciones del Consorcio: VISITA LA WEB La Botiga, gestionada por ABD, es una cooperativa p\u00fablica del Ayuntamiento de El Prat de Llobregat que pretende superar la inseguridad alimentaria, a trav\u00e9s del empoderamiento comunitario y la [&hellip;]<\/p>\n","protected":false},"author":3,"featured_media":0,"parent":0,"menu_order":0,"comment_status":"closed","ping_status":"closed","template":"elementor_header_footer","meta":{"footnotes":""},"class_list":["post-773","page","type-page","status-publish","hentry"],"_links":{"self":[{"href":"https:\/\/eufoodsecurityhub.org\/es\/wp-json\/wp\/v2\/pages\/773","targetHints":{"allow":["GET"]}}],"collection":[{"href":"https:\/\/eufoodsecurityhub.org\/es\/wp-json\/wp\/v2\/pages"}],"about":[{"href":"https:\/\/eufoodsecurityhub.org\/es\/wp-json\/wp\/v2\/types\/page"}],"author":[{"embeddable":true,"href":"https:\/\/eufoodsecurityhub.org\/es\/wp-json\/wp\/v2\/users\/3"}],"replies":[{"embeddable":true,"href":"https:\/\/eufoodsecurityhub.org\/es\/wp-json\/wp\/v2\/comments?post=773"}],"version-history":[{"count":0,"href":"https:\/\/eufoodsecurityhub.org\/es\/wp-json\/wp\/v2\/pages\/773\/revisions"}],"wp:attachment":[{"href":"https:\/\/eufoodsecurityhub.org\/es\/wp-json\/wp\/v2\/media?parent=773"}],"curies":[{"name":"wp","href":"https:\/\/api.w.org\/{rel}","templated":true}]}}