{"id":815,"date":"2023-05-05T15:03:19","date_gmt":"2023-05-05T14:03:19","guid":{"rendered":"http:\/\/eufoodsecurityhub.org\/meilleures-practiques\/"},"modified":"2023-06-07T13:41:57","modified_gmt":"2023-06-07T12:41:57","slug":"meilleures-practiques","status":"publish","type":"page","link":"https:\/\/eufoodsecurityhub.org\/fr\/meilleures-practiques\/","title":{"rendered":"MEILLEURES PRACTIQUES"},"content":{"rendered":"\t\t<div data-elementor-type=\"wp-page\" data-elementor-id=\"815\" class=\"elementor elementor-815 elementor-345\" data-elementor-post-type=\"page\">\n\t\t\t\t\t\t<section class=\"elementor-section elementor-top-section elementor-element elementor-element-b24e560 elementor-section-boxed elementor-section-height-default elementor-section-height-default\" data-id=\"b24e560\" data-element_type=\"section\" data-e-type=\"section\">\n\t\t\t\t\t\t<div class=\"elementor-container elementor-column-gap-default\">\n\t\t\t\t\t<div class=\"elementor-column elementor-col-33 elementor-top-column elementor-element elementor-element-9563708\" data-id=\"9563708\" data-element_type=\"column\" data-e-type=\"column\">\n\t\t\t<div class=\"elementor-widget-wrap elementor-element-populated\">\n\t\t\t\t\t\t<div class=\"elementor-element elementor-element-22796c0 elementor-widget__width-inherit elementor-widget elementor-widget-image\" data-id=\"22796c0\" data-element_type=\"widget\" data-e-type=\"widget\" data-widget_type=\"image.default\">\n\t\t\t\t<div class=\"elementor-widget-container\">\n\t\t\t\t\t\t\t\t\t\t\t\t\t\t\t<img decoding=\"async\" src=\"https:\/\/eufoodsecurityhub.org\/wp-content\/uploads\/2023\/05\/puntos-cortos.png\" title=\"puntos cortos\" alt=\"puntos cortos\" loading=\"lazy\" \/>\t\t\t\t\t\t\t\t\t\t\t\t\t\t\t<\/div>\n\t\t\t\t<\/div>\n\t\t\t\t\t<\/div>\n\t\t<\/div>\n\t\t\t\t<div class=\"elementor-column elementor-col-33 elementor-top-column elementor-element elementor-element-7a2d879\" data-id=\"7a2d879\" data-element_type=\"column\" data-e-type=\"column\">\n\t\t\t<div class=\"elementor-widget-wrap elementor-element-populated\">\n\t\t\t\t\t\t<div class=\"elementor-element elementor-element-a53ac7f elementor-widget elementor-widget-heading\" data-id=\"a53ac7f\" data-element_type=\"widget\" data-e-type=\"widget\" data-widget_type=\"heading.default\">\n\t\t\t\t<div class=\"elementor-widget-container\">\n\t\t\t\t\t<h2 class=\"elementor-heading-title elementor-size-default\">MEILLEURES PRACTIQUES<\/h2>\t\t\t\t<\/div>\n\t\t\t\t<\/div>\n\t\t\t\t\t<\/div>\n\t\t<\/div>\n\t\t\t\t<div class=\"elementor-column elementor-col-33 elementor-top-column elementor-element elementor-element-6e3c876\" data-id=\"6e3c876\" data-element_type=\"column\" data-e-type=\"column\">\n\t\t\t<div class=\"elementor-widget-wrap elementor-element-populated\">\n\t\t\t\t\t\t<div class=\"elementor-element elementor-element-40911d1 elementor-widget__width-inherit elementor-widget elementor-widget-image\" data-id=\"40911d1\" data-element_type=\"widget\" data-e-type=\"widget\" data-widget_type=\"image.default\">\n\t\t\t\t<div class=\"elementor-widget-container\">\n\t\t\t\t\t\t\t\t\t\t\t\t\t\t\t<img decoding=\"async\" src=\"https:\/\/eufoodsecurityhub.org\/wp-content\/uploads\/2023\/05\/puntos-cortos.png\" title=\"puntos cortos\" alt=\"puntos cortos\" loading=\"lazy\" \/>\t\t\t\t\t\t\t\t\t\t\t\t\t\t\t<\/div>\n\t\t\t\t<\/div>\n\t\t\t\t\t<\/div>\n\t\t<\/div>\n\t\t\t\t\t<\/div>\n\t\t<\/section>\n\t\t\t\t<section class=\"elementor-section elementor-top-section elementor-element elementor-element-4766b3a elementor-section-boxed elementor-section-height-default elementor-section-height-default\" data-id=\"4766b3a\" data-element_type=\"section\" data-e-type=\"section\" data-settings=\"{&quot;background_background&quot;:&quot;classic&quot;}\">\n\t\t\t\t\t\t<div class=\"elementor-container elementor-column-gap-default\">\n\t\t\t\t\t<div class=\"elementor-column elementor-col-100 elementor-top-column elementor-element elementor-element-de77598\" data-id=\"de77598\" data-element_type=\"column\" data-e-type=\"column\">\n\t\t\t<div class=\"elementor-widget-wrap elementor-element-populated\">\n\t\t\t\t\t\t<div class=\"elementor-element elementor-element-a550ae2 elementor-widget elementor-widget-heading\" data-id=\"a550ae2\" data-element_type=\"widget\" data-e-type=\"widget\" data-widget_type=\"heading.default\">\n\t\t\t\t<div class=\"elementor-widget-container\">\n\t\t\t\t\t<h2 class=\"elementor-heading-title elementor-size-default\">Le projet HUB de s\u00e9curit\u00e9 alimentaire de l'UE est compl\u00e9mentaire des initiatives suivantes men\u00e9es par les organisations du consortium : <\/h2>\t\t\t\t<\/div>\n\t\t\t\t<\/div>\n\t\t\t\t\t<\/div>\n\t\t<\/div>\n\t\t\t\t\t<\/div>\n\t\t<\/section>\n\t\t\t\t<section class=\"elementor-section elementor-top-section elementor-element elementor-element-6740546 elementor-section-boxed elementor-section-height-default elementor-section-height-default\" data-id=\"6740546\" data-element_type=\"section\" data-e-type=\"section\">\n\t\t\t\t\t\t<div class=\"elementor-container elementor-column-gap-no\">\n\t\t\t\t\t<div class=\"elementor-column elementor-col-50 elementor-top-column elementor-element elementor-element-bd12cee\" data-id=\"bd12cee\" data-element_type=\"column\" data-e-type=\"column\">\n\t\t\t<div class=\"elementor-widget-wrap elementor-element-populated\">\n\t\t\t\t\t\t<div class=\"elementor-element elementor-element-6ed72f9 elementor-widget elementor-widget-image\" data-id=\"6ed72f9\" data-element_type=\"widget\" data-e-type=\"widget\" data-widget_type=\"image.default\">\n\t\t\t\t<div class=\"elementor-widget-container\">\n\t\t\t\t\t\t\t\t\t\t\t\t\t\t\t<img fetchpriority=\"high\" decoding=\"async\" width=\"1169\" height=\"927\" src=\"https:\/\/eufoodsecurityhub.org\/wp-content\/uploads\/2023\/05\/PRAC-1.png\" class=\"attachment-full size-full wp-image-349\" alt=\"\" srcset=\"https:\/\/eufoodsecurityhub.org\/wp-content\/uploads\/2023\/05\/PRAC-1.png 1169w, https:\/\/eufoodsecurityhub.org\/wp-content\/uploads\/2023\/05\/PRAC-1-300x238.png 300w, https:\/\/eufoodsecurityhub.org\/wp-content\/uploads\/2023\/05\/PRAC-1-1024x812.png 1024w, https:\/\/eufoodsecurityhub.org\/wp-content\/uploads\/2023\/05\/PRAC-1-768x609.png 768w\" sizes=\"(max-width: 1169px) 100vw, 1169px\" \/>\t\t\t\t\t\t\t\t\t\t\t\t\t\t\t<\/div>\n\t\t\t\t<\/div>\n\t\t\t\t<div class=\"elementor-element elementor-element-c459d2e elementor-align-center elementor-widget elementor-widget-button\" data-id=\"c459d2e\" data-element_type=\"widget\" data-e-type=\"widget\" data-widget_type=\"button.default\">\n\t\t\t\t<div class=\"elementor-widget-container\">\n\t\t\t\t\t\t\t\t\t<div class=\"elementor-button-wrapper\">\n\t\t\t\t\t<a class=\"elementor-button elementor-button-link elementor-size-md\" href=\"https:\/\/abd.ong\/programas\/la-botiga\/%20\" target=\"_blank\">\n\t\t\t\t\t\t<span class=\"elementor-button-content-wrapper\">\n\t\t\t\t\t\t\t\t\t<span class=\"elementor-button-text\">VISITEZ LE WEB<\/span>\n\t\t\t\t\t<\/span>\n\t\t\t\t\t<\/a>\n\t\t\t\t<\/div>\n\t\t\t\t\t\t\t\t<\/div>\n\t\t\t\t<\/div>\n\t\t\t\t<div class=\"elementor-element elementor-element-83455b2 elementor-widget__width-initial elementor-widget elementor-widget-text-editor\" data-id=\"83455b2\" data-element_type=\"widget\" data-e-type=\"widget\" data-widget_type=\"text-editor.default\">\n\t\t\t\t<div class=\"elementor-widget-container\">\n\t\t\t\t\t\t\t\t\t<p class=\"p1\"><b>La Botiga,<\/b> g\u00e9r\u00e9e par ABD, est une coop\u00e9rative publique du conseil municipal d&rsquo;El Prat de Llobregat qui vise \u00e0 surmonter l&rsquo;ins\u00e9curit\u00e9 alimentaire, gr\u00e2ce \u00e0 l&rsquo;autonomisation de la communaut\u00e9 et \u00e0 l&rsquo;inclusion socioprofessionnelle des groupes vuln\u00e9rables. La Botiga est n\u00e9e en r\u00e9ponse aux strat\u00e9gies traditionnelles de distribution alimentaire, cr\u00e9ant un espace innovant ouvert \u00e0 tous les citoyens. Les valeurs promues sont l&rsquo;activation communautaire, les habitudes saines, la consommation de produits locaux et socialement responsables, la coh\u00e9sion sociale et la lutte contre le gaspillage alimentaire.<span class=\"Apple-converted-space\"> <\/span><\/p>\n\t\t\t\t\t\t\t\t<\/div>\n\t\t\t\t<\/div>\n\t\t\t\t\t<\/div>\n\t\t<\/div>\n\t\t\t\t<div class=\"elementor-column elementor-col-50 elementor-top-column elementor-element elementor-element-0c8202c\" data-id=\"0c8202c\" data-element_type=\"column\" data-e-type=\"column\">\n\t\t\t<div class=\"elementor-widget-wrap elementor-element-populated\">\n\t\t\t\t\t\t<div class=\"elementor-element elementor-element-722f5e6 elementor-widget elementor-widget-image\" data-id=\"722f5e6\" data-element_type=\"widget\" data-e-type=\"widget\" data-widget_type=\"image.default\">\n\t\t\t\t<div class=\"elementor-widget-container\">\n\t\t\t\t\t\t\t\t\t\t\t\t\t\t\t<img decoding=\"async\" width=\"1169\" height=\"927\" src=\"https:\/\/eufoodsecurityhub.org\/wp-content\/uploads\/2023\/05\/PRac-2.png\" class=\"attachment-full size-full wp-image-355\" alt=\"\" srcset=\"https:\/\/eufoodsecurityhub.org\/wp-content\/uploads\/2023\/05\/PRac-2.png 1169w, https:\/\/eufoodsecurityhub.org\/wp-content\/uploads\/2023\/05\/PRac-2-300x238.png 300w, https:\/\/eufoodsecurityhub.org\/wp-content\/uploads\/2023\/05\/PRac-2-1024x812.png 1024w, https:\/\/eufoodsecurityhub.org\/wp-content\/uploads\/2023\/05\/PRac-2-768x609.png 768w\" sizes=\"(max-width: 1169px) 100vw, 1169px\" \/>\t\t\t\t\t\t\t\t\t\t\t\t\t\t\t<\/div>\n\t\t\t\t<\/div>\n\t\t\t\t<div class=\"elementor-element elementor-element-85bfd27 elementor-widget__width-initial elementor-widget elementor-widget-text-editor\" data-id=\"85bfd27\" data-element_type=\"widget\" data-e-type=\"widget\" data-widget_type=\"text-editor.default\">\n\t\t\t\t<div class=\"elementor-widget-container\">\n\t\t\t\t\t\t\t\t\t<p class=\"p1\"><b>La cuisine sociale<\/b> de l&rsquo;IASIS est une initiative qui offre des services alimentaires aux citoyens vuln\u00e9rables de la municipalit\u00e9 de New Philadelphia \u00e0 Chalkidona (Ath\u00e8nes) et s&rsquo;adresse aux personnes confront\u00e9es \u00e0 des probl\u00e8mes sociaux. Son objectif principal est de couvrir les besoins de base des personnes en situation de pauvret\u00e9 ou de sans-abrisme.&nbsp;<span style=\"letter-spacing: 0px;\">Les services fournis par The Social Kitchen sont les suivants : diagnostic et mobilisation des citoyens vuln\u00e9rables pour r\u00e9pondre \u00e0 leurs besoins et red\u00e9finir leur vie ; liaison des individus avec les services sociaux pour l&rsquo;information et le soutien ; autonomisation psychosociale ; acc\u00e8s \u00e0 la nourriture et \u00e0 des v\u00eatements propres.<\/span><\/p>\n\t\t\t\t\t\t\t\t<\/div>\n\t\t\t\t<\/div>\n\t\t\t\t\t<\/div>\n\t\t<\/div>\n\t\t\t\t\t<\/div>\n\t\t<\/section>\n\t\t\t\t<section class=\"elementor-section elementor-top-section elementor-element elementor-element-306b9ac elementor-section-boxed elementor-section-height-default elementor-section-height-default\" data-id=\"306b9ac\" data-element_type=\"section\" data-e-type=\"section\">\n\t\t\t\t\t\t<div class=\"elementor-container elementor-column-gap-no\">\n\t\t\t\t\t<div class=\"elementor-column elementor-col-50 elementor-top-column elementor-element elementor-element-262ab93\" data-id=\"262ab93\" data-element_type=\"column\" data-e-type=\"column\">\n\t\t\t<div class=\"elementor-widget-wrap elementor-element-populated\">\n\t\t\t\t\t\t<div class=\"elementor-element elementor-element-aa87537 elementor-widget elementor-widget-image\" data-id=\"aa87537\" data-element_type=\"widget\" data-e-type=\"widget\" data-widget_type=\"image.default\">\n\t\t\t\t<div class=\"elementor-widget-container\">\n\t\t\t\t\t\t\t\t\t\t\t\t\t\t\t<img decoding=\"async\" width=\"1169\" height=\"927\" src=\"https:\/\/eufoodsecurityhub.org\/wp-content\/uploads\/2023\/05\/Prac-3.png\" class=\"attachment-full size-full wp-image-361\" alt=\"\" srcset=\"https:\/\/eufoodsecurityhub.org\/wp-content\/uploads\/2023\/05\/Prac-3.png 1169w, https:\/\/eufoodsecurityhub.org\/wp-content\/uploads\/2023\/05\/Prac-3-300x238.png 300w, https:\/\/eufoodsecurityhub.org\/wp-content\/uploads\/2023\/05\/Prac-3-1024x812.png 1024w, https:\/\/eufoodsecurityhub.org\/wp-content\/uploads\/2023\/05\/Prac-3-768x609.png 768w\" sizes=\"(max-width: 1169px) 100vw, 1169px\" \/>\t\t\t\t\t\t\t\t\t\t\t\t\t\t\t<\/div>\n\t\t\t\t<\/div>\n\t\t\t\t<div class=\"elementor-element elementor-element-2bd3374 elementor-align-center elementor-widget elementor-widget-button\" data-id=\"2bd3374\" data-element_type=\"widget\" data-e-type=\"widget\" data-widget_type=\"button.default\">\n\t\t\t\t<div class=\"elementor-widget-container\">\n\t\t\t\t\t\t\t\t\t<div class=\"elementor-button-wrapper\">\n\t\t\t\t\t<a class=\"elementor-button elementor-button-link elementor-size-md\" href=\"https:\/\/impresasocialeland.org\/\" target=\"_blank\">\n\t\t\t\t\t\t<span class=\"elementor-button-content-wrapper\">\n\t\t\t\t\t\t\t\t\t<span class=\"elementor-button-text\">VISITEZ LE WEB<\/span>\n\t\t\t\t\t<\/span>\n\t\t\t\t\t<\/a>\n\t\t\t\t<\/div>\n\t\t\t\t\t\t\t\t<\/div>\n\t\t\t\t<\/div>\n\t\t\t\t<div class=\"elementor-element elementor-element-24f9474 elementor-widget__width-initial elementor-widget elementor-widget-text-editor\" data-id=\"24f9474\" data-element_type=\"widget\" data-e-type=\"widget\" data-widget_type=\"text-editor.default\">\n\t\t\t\t<div class=\"elementor-widget-container\">\n\t\t\t\t\t\t\t\t\t<p class=\"p1\"><b>Land,<\/b> un syst\u00e8me agricole innovant et durable n\u00e9 de l&rsquo;exp\u00e9rience acquise par l&rsquo;association CESIE. Lands g\u00e8re une ferme situ\u00e9e dans la province de Palerme, qui accueille un centre de travail agricole, avec des espaces de travail verts et intelligents pour le personnel et de vastes espaces ext\u00e9rieurs pour l&rsquo;agriculture innovante et les activit\u00e9s \u00e9ducatives et culturelles. Lands promeut une r\u00e9volution verte en visant \u00e0 innover et \u00e0 encourager les projets entrepreneuriaux dans diff\u00e9rents domaines, y compris le d\u00e9veloppement rural, la r\u00e9silience des communaut\u00e9s, les \u00e9nergies renouvelables, la transition \u00e9cologique, le tourisme et la mobilit\u00e9 durables et la cr\u00e9ation d&rsquo;un Living Lab en Sicile.<span class=\"Apple-converted-space\"> <\/span><\/p>\n\t\t\t\t\t\t\t\t<\/div>\n\t\t\t\t<\/div>\n\t\t\t\t\t<\/div>\n\t\t<\/div>\n\t\t\t\t<div class=\"elementor-column elementor-col-50 elementor-top-column elementor-element elementor-element-d2cdc1b\" data-id=\"d2cdc1b\" data-element_type=\"column\" data-e-type=\"column\">\n\t\t\t<div class=\"elementor-widget-wrap elementor-element-populated\">\n\t\t\t\t\t\t<div class=\"elementor-element elementor-element-a081185 elementor-widget elementor-widget-image\" data-id=\"a081185\" data-element_type=\"widget\" data-e-type=\"widget\" data-widget_type=\"image.default\">\n\t\t\t\t<div class=\"elementor-widget-container\">\n\t\t\t\t\t\t\t\t\t\t\t\t\t\t\t<img loading=\"lazy\" decoding=\"async\" width=\"1169\" height=\"927\" src=\"https:\/\/eufoodsecurityhub.org\/wp-content\/uploads\/2023\/05\/Prac-4.png\" class=\"attachment-full size-full wp-image-367\" alt=\"\" srcset=\"https:\/\/eufoodsecurityhub.org\/wp-content\/uploads\/2023\/05\/Prac-4.png 1169w, https:\/\/eufoodsecurityhub.org\/wp-content\/uploads\/2023\/05\/Prac-4-300x238.png 300w, https:\/\/eufoodsecurityhub.org\/wp-content\/uploads\/2023\/05\/Prac-4-1024x812.png 1024w, https:\/\/eufoodsecurityhub.org\/wp-content\/uploads\/2023\/05\/Prac-4-768x609.png 768w\" sizes=\"(max-width: 1169px) 100vw, 1169px\" \/>\t\t\t\t\t\t\t\t\t\t\t\t\t\t\t<\/div>\n\t\t\t\t<\/div>\n\t\t\t\t<div class=\"elementor-element elementor-element-5dd6e23 elementor-align-center elementor-widget elementor-widget-button\" data-id=\"5dd6e23\" data-element_type=\"widget\" data-e-type=\"widget\" data-widget_type=\"button.default\">\n\t\t\t\t<div class=\"elementor-widget-container\">\n\t\t\t\t\t\t\t\t\t<div class=\"elementor-button-wrapper\">\n\t\t\t\t\t<a class=\"elementor-button elementor-button-link elementor-size-md\" href=\"https:\/\/mail.acra.it\/cosa-facciamo\/aree-di-intervento\/italia-ed-europa\/cascina-santalberto%20\" target=\"_blank\">\n\t\t\t\t\t\t<span class=\"elementor-button-content-wrapper\">\n\t\t\t\t\t\t\t\t\t<span class=\"elementor-button-text\">VISITEZ LE WEB<\/span>\n\t\t\t\t\t<\/span>\n\t\t\t\t\t<\/a>\n\t\t\t\t<\/div>\n\t\t\t\t\t\t\t\t<\/div>\n\t\t\t\t<\/div>\n\t\t\t\t<div class=\"elementor-element elementor-element-bc6f6eb elementor-widget__width-initial elementor-widget elementor-widget-text-editor\" data-id=\"bc6f6eb\" data-element_type=\"widget\" data-e-type=\"widget\" data-widget_type=\"text-editor.default\">\n\t\t\t\t<div class=\"elementor-widget-container\">\n\t\t\t\t\t\t\t\t\t<p class=\"p1\"><b>Cascina Sant&rsquo;Alberto,<\/b> un projet g\u00e9r\u00e9 par l&rsquo;ACRA en coordination avec la municipalit\u00e9 de Milan, vise \u00e0 soutenir la production agricole durable, \u00e0 promouvoir la formation professionnelle et l&#8217;emploi pour les jeunes vuln\u00e9rables, \u00e0 promouvoir la commercialisation des produits agricoles, \u00e0 impliquer la soci\u00e9t\u00e9 civile, la communaut\u00e9 locale et \u00e0 promouvoir la sensibilisation \u00e0 l&rsquo;\u00e9conomie sociale et \u00e0 l&rsquo;agro\u00e9cologie. L&rsquo;agriculture est l&rsquo;outil qui permet d&rsquo;offrir des opportunit\u00e9s d&#8217;emploi, de promouvoir la durabilit\u00e9 et l&rsquo;environnement, d&rsquo;accro\u00eetre la sensibilisation et de mobiliser les communaut\u00e9s locales.<\/p>\n\t\t\t\t\t\t\t\t<\/div>\n\t\t\t\t<\/div>\n\t\t\t\t\t<\/div>\n\t\t<\/div>\n\t\t\t\t\t<\/div>\n\t\t<\/section>\n\t\t\t\t<section class=\"elementor-section elementor-top-section elementor-element elementor-element-83c834e elementor-section-boxed elementor-section-height-default elementor-section-height-default\" data-id=\"83c834e\" data-element_type=\"section\" data-e-type=\"section\">\n\t\t\t\t\t\t<div class=\"elementor-container elementor-column-gap-no\">\n\t\t\t\t\t<div class=\"elementor-column elementor-col-50 elementor-top-column elementor-element elementor-element-d6d0b24\" data-id=\"d6d0b24\" data-element_type=\"column\" data-e-type=\"column\">\n\t\t\t<div class=\"elementor-widget-wrap elementor-element-populated\">\n\t\t\t\t\t\t<div class=\"elementor-element elementor-element-f6e83b4 elementor-widget elementor-widget-image\" data-id=\"f6e83b4\" data-element_type=\"widget\" data-e-type=\"widget\" data-widget_type=\"image.default\">\n\t\t\t\t<div class=\"elementor-widget-container\">\n\t\t\t\t\t\t\t\t\t\t\t\t\t\t\t<img loading=\"lazy\" decoding=\"async\" width=\"1169\" height=\"927\" src=\"https:\/\/eufoodsecurityhub.org\/wp-content\/uploads\/2023\/05\/Prac-5.png\" class=\"attachment-full size-full wp-image-373\" alt=\"\" srcset=\"https:\/\/eufoodsecurityhub.org\/wp-content\/uploads\/2023\/05\/Prac-5.png 1169w, https:\/\/eufoodsecurityhub.org\/wp-content\/uploads\/2023\/05\/Prac-5-300x238.png 300w, https:\/\/eufoodsecurityhub.org\/wp-content\/uploads\/2023\/05\/Prac-5-1024x812.png 1024w, https:\/\/eufoodsecurityhub.org\/wp-content\/uploads\/2023\/05\/Prac-5-768x609.png 768w\" sizes=\"(max-width: 1169px) 100vw, 1169px\" \/>\t\t\t\t\t\t\t\t\t\t\t\t\t\t\t<\/div>\n\t\t\t\t<\/div>\n\t\t\t\t<div class=\"elementor-element elementor-element-d21d43e elementor-align-center elementor-widget elementor-widget-button\" data-id=\"d21d43e\" data-element_type=\"widget\" data-e-type=\"widget\" data-widget_type=\"button.default\">\n\t\t\t\t<div class=\"elementor-widget-container\">\n\t\t\t\t\t\t\t\t\t<div class=\"elementor-button-wrapper\">\n\t\t\t\t\t<a class=\"elementor-button elementor-button-link elementor-size-md\" href=\"https:\/\/hub.urgenci.net\/%20\" target=\"_blank\">\n\t\t\t\t\t\t<span class=\"elementor-button-content-wrapper\">\n\t\t\t\t\t\t\t\t\t<span class=\"elementor-button-text\">VISITEZ LE WEB<\/span>\n\t\t\t\t\t<\/span>\n\t\t\t\t\t<\/a>\n\t\t\t\t<\/div>\n\t\t\t\t\t\t\t\t<\/div>\n\t\t\t\t<\/div>\n\t\t\t\t<div class=\"elementor-element elementor-element-151df46 elementor-widget__width-initial elementor-widget elementor-widget-text-editor\" data-id=\"151df46\" data-element_type=\"widget\" data-e-type=\"widget\" data-widget_type=\"text-editor.default\">\n\t\t\t\t<div class=\"elementor-widget-container\">\n\t\t\t\t\t\t\t\t\t<p class=\"p1\"><b>Les partenariats locaux solidaires pour l&rsquo;agro\u00e9cologie<\/b> (LSPA), promus par URGENCI, se concentrent sur des initiatives agro\u00e9cologiques collaboratives ancr\u00e9es dans des syst\u00e8mes alimentaires territoriaux visant \u00e0 faciliter la collaboration entre les agriculteurs, les consommateurs, les gouvernements locaux et d&rsquo;autres acteurs pour construire des syst\u00e8mes alimentaires locaux durables bas\u00e9s sur des valeurs partag\u00e9es de solidarit\u00e9, d&rsquo;\u00e9quit\u00e9 et de transparence. Une ressource de LSPA est le <b>Village Urgenci,<\/b> un centre d&rsquo;apprentissage en ligne pour la communaut\u00e9 LSPA, un village virtuel dans lequel chaque maison offre un large \u00e9ventail de ressources sur l&rsquo;agro\u00e9cologie, le plaidoyer, les syst\u00e8mes alimentaires territoriaux, LSPA et les p\u00eaches soutenues par la communaut\u00e9.<\/p>\n\t\t\t\t\t\t\t\t<\/div>\n\t\t\t\t<\/div>\n\t\t\t\t\t<\/div>\n\t\t<\/div>\n\t\t\t\t<div class=\"elementor-column elementor-col-50 elementor-top-column elementor-element elementor-element-f0b2ee6\" data-id=\"f0b2ee6\" data-element_type=\"column\" data-e-type=\"column\">\n\t\t\t<div class=\"elementor-widget-wrap\">\n\t\t\t\t\t\t\t<\/div>\n\t\t<\/div>\n\t\t\t\t\t<\/div>\n\t\t<\/section>\n\t\t\t\t<\/div>\n\t\t","protected":false},"excerpt":{"rendered":"<p>MEILLEURES PRACTIQUES Le projet HUB de s\u00e9curit\u00e9 alimentaire de l&rsquo;UE est compl\u00e9mentaire des initiatives suivantes men\u00e9es par les organisations du consortium : VISITEZ LE WEB La Botiga, g\u00e9r\u00e9e par ABD, est une coop\u00e9rative publique du conseil municipal d&rsquo;El Prat de Llobregat qui vise \u00e0 surmonter l&rsquo;ins\u00e9curit\u00e9 alimentaire, gr\u00e2ce \u00e0 l&rsquo;autonomisation de la communaut\u00e9 et \u00e0 [&hellip;]<\/p>\n","protected":false},"author":3,"featured_media":0,"parent":0,"menu_order":0,"comment_status":"closed","ping_status":"closed","template":"elementor_header_footer","meta":{"footnotes":""},"class_list":["post-815","page","type-page","status-publish","hentry"],"_links":{"self":[{"href":"https:\/\/eufoodsecurityhub.org\/fr\/wp-json\/wp\/v2\/pages\/815","targetHints":{"allow":["GET"]}}],"collection":[{"href":"https:\/\/eufoodsecurityhub.org\/fr\/wp-json\/wp\/v2\/pages"}],"about":[{"href":"https:\/\/eufoodsecurityhub.org\/fr\/wp-json\/wp\/v2\/types\/page"}],"author":[{"embeddable":true,"href":"https:\/\/eufoodsecurityhub.org\/fr\/wp-json\/wp\/v2\/users\/3"}],"replies":[{"embeddable":true,"href":"https:\/\/eufoodsecurityhub.org\/fr\/wp-json\/wp\/v2\/comments?post=815"}],"version-history":[{"count":0,"href":"https:\/\/eufoodsecurityhub.org\/fr\/wp-json\/wp\/v2\/pages\/815\/revisions"}],"wp:attachment":[{"href":"https:\/\/eufoodsecurityhub.org\/fr\/wp-json\/wp\/v2\/media?parent=815"}],"curies":[{"name":"wp","href":"https:\/\/api.w.org\/{rel}","templated":true}]}}