{"id":827,"date":"2023-05-05T12:46:53","date_gmt":"2023-05-05T11:46:53","guid":{"rendered":"http:\/\/eufoodsecurityhub.org\/projet\/"},"modified":"2023-08-29T13:54:05","modified_gmt":"2023-08-29T12:54:05","slug":"projet","status":"publish","type":"page","link":"https:\/\/eufoodsecurityhub.org\/fr\/projet\/","title":{"rendered":"Projet"},"content":{"rendered":"\t\t<div data-elementor-type=\"wp-page\" data-elementor-id=\"827\" class=\"elementor elementor-827 elementor-185\" data-elementor-post-type=\"page\">\n\t\t\t\t\t\t<section class=\"elementor-section elementor-top-section elementor-element elementor-element-d31bb69 elementor-section-boxed elementor-section-height-default elementor-section-height-default\" data-id=\"d31bb69\" data-element_type=\"section\" data-e-type=\"section\">\n\t\t\t\t\t\t<div class=\"elementor-container elementor-column-gap-default\">\n\t\t\t\t\t<div class=\"elementor-column elementor-col-33 elementor-top-column elementor-element elementor-element-0fea813\" data-id=\"0fea813\" data-element_type=\"column\" data-e-type=\"column\">\n\t\t\t<div class=\"elementor-widget-wrap elementor-element-populated\">\n\t\t\t\t\t\t<div class=\"elementor-element elementor-element-0914273 elementor-widget__width-inherit elementor-widget elementor-widget-image\" data-id=\"0914273\" data-element_type=\"widget\" data-e-type=\"widget\" data-widget_type=\"image.default\">\n\t\t\t\t<div class=\"elementor-widget-container\">\n\t\t\t\t\t\t\t\t\t\t\t\t\t\t\t<img decoding=\"async\" src=\"https:\/\/eufoodsecurityhub.org\/wp-content\/uploads\/2023\/05\/puntos-cortos.png\" title=\"puntos cortos\" alt=\"puntos cortos\" loading=\"lazy\" \/>\t\t\t\t\t\t\t\t\t\t\t\t\t\t\t<\/div>\n\t\t\t\t<\/div>\n\t\t\t\t\t<\/div>\n\t\t<\/div>\n\t\t\t\t<div class=\"elementor-column elementor-col-33 elementor-top-column elementor-element elementor-element-95d680e\" data-id=\"95d680e\" data-element_type=\"column\" data-e-type=\"column\">\n\t\t\t<div class=\"elementor-widget-wrap elementor-element-populated\">\n\t\t\t\t\t\t<div class=\"elementor-element elementor-element-ac4cb65 elementor-widget elementor-widget-heading\" data-id=\"ac4cb65\" data-element_type=\"widget\" data-e-type=\"widget\" data-widget_type=\"heading.default\">\n\t\t\t\t<div class=\"elementor-widget-container\">\n\t\t\t\t\t<h2 class=\"elementor-heading-title elementor-size-default\">Le Projet<\/h2>\t\t\t\t<\/div>\n\t\t\t\t<\/div>\n\t\t\t\t\t<\/div>\n\t\t<\/div>\n\t\t\t\t<div class=\"elementor-column elementor-col-33 elementor-top-column elementor-element elementor-element-fd5ce79\" data-id=\"fd5ce79\" data-element_type=\"column\" data-e-type=\"column\">\n\t\t\t<div class=\"elementor-widget-wrap elementor-element-populated\">\n\t\t\t\t\t\t<div class=\"elementor-element elementor-element-9b974b0 elementor-widget__width-inherit elementor-widget elementor-widget-image\" data-id=\"9b974b0\" data-element_type=\"widget\" data-e-type=\"widget\" data-widget_type=\"image.default\">\n\t\t\t\t<div class=\"elementor-widget-container\">\n\t\t\t\t\t\t\t\t\t\t\t\t\t\t\t<img decoding=\"async\" src=\"https:\/\/eufoodsecurityhub.org\/wp-content\/uploads\/2023\/05\/puntos-cortos.png\" title=\"puntos cortos\" alt=\"puntos cortos\" loading=\"lazy\" \/>\t\t\t\t\t\t\t\t\t\t\t\t\t\t\t<\/div>\n\t\t\t\t<\/div>\n\t\t\t\t\t<\/div>\n\t\t<\/div>\n\t\t\t\t\t<\/div>\n\t\t<\/section>\n\t\t\t\t<section class=\"elementor-section elementor-top-section elementor-element elementor-element-61a6426 elementor-section-boxed elementor-section-height-default elementor-section-height-default\" data-id=\"61a6426\" data-element_type=\"section\" data-e-type=\"section\">\n\t\t\t\t\t\t<div class=\"elementor-container elementor-column-gap-default\">\n\t\t\t\t\t<div class=\"elementor-column elementor-col-100 elementor-top-column elementor-element elementor-element-e7786cd\" data-id=\"e7786cd\" data-element_type=\"column\" data-e-type=\"column\">\n\t\t\t<div class=\"elementor-widget-wrap elementor-element-populated\">\n\t\t\t\t\t\t<div class=\"elementor-element elementor-element-02b48f3 elementor-widget elementor-widget-heading\" data-id=\"02b48f3\" data-element_type=\"widget\" data-e-type=\"widget\" data-widget_type=\"heading.default\">\n\t\t\t\t<div class=\"elementor-widget-container\">\n\t\t\t\t\t<h2 class=\"elementor-heading-title elementor-size-default\">OBJECTIFS SP\u00c9CIFIQUES<\/h2>\t\t\t\t<\/div>\n\t\t\t\t<\/div>\n\t\t\t\t\t<\/div>\n\t\t<\/div>\n\t\t\t\t\t<\/div>\n\t\t<\/section>\n\t\t\t\t<section class=\"elementor-section elementor-top-section elementor-element elementor-element-464aa30 elementor-section-content-middle elementor-section-boxed elementor-section-height-default elementor-section-height-default\" data-id=\"464aa30\" data-element_type=\"section\" data-e-type=\"section\" data-settings=\"{&quot;background_background&quot;:&quot;classic&quot;}\">\n\t\t\t\t\t\t<div class=\"elementor-container elementor-column-gap-no\">\n\t\t\t\t\t<div class=\"elementor-column elementor-col-50 elementor-top-column elementor-element elementor-element-9df05bb\" data-id=\"9df05bb\" data-element_type=\"column\" data-e-type=\"column\">\n\t\t\t<div class=\"elementor-widget-wrap elementor-element-populated\">\n\t\t\t\t\t\t<div class=\"elementor-element elementor-element-42bea2f elementor-widget elementor-widget-image\" data-id=\"42bea2f\" data-element_type=\"widget\" data-e-type=\"widget\" data-widget_type=\"image.default\">\n\t\t\t\t<div class=\"elementor-widget-container\">\n\t\t\t\t\t\t\t\t\t\t\t\t\t\t\t<img fetchpriority=\"high\" decoding=\"async\" width=\"735\" height=\"1039\" src=\"https:\/\/eufoodsecurityhub.org\/wp-content\/uploads\/2023\/05\/P4.png\" class=\"attachment-full size-full wp-image-281\" alt=\"\" srcset=\"https:\/\/eufoodsecurityhub.org\/wp-content\/uploads\/2023\/05\/P4.png 735w, https:\/\/eufoodsecurityhub.org\/wp-content\/uploads\/2023\/05\/P4-212x300.png 212w, https:\/\/eufoodsecurityhub.org\/wp-content\/uploads\/2023\/05\/P4-724x1024.png 724w\" sizes=\"(max-width: 735px) 100vw, 735px\" \/>\t\t\t\t\t\t\t\t\t\t\t\t\t\t\t<\/div>\n\t\t\t\t<\/div>\n\t\t\t\t\t<\/div>\n\t\t<\/div>\n\t\t\t\t<div class=\"elementor-column elementor-col-50 elementor-top-column elementor-element elementor-element-370b063\" data-id=\"370b063\" data-element_type=\"column\" data-e-type=\"column\">\n\t\t\t<div class=\"elementor-widget-wrap elementor-element-populated\">\n\t\t\t\t\t\t<div class=\"elementor-element elementor-element-1f0e425 elementor-widget__width-initial elementor-widget elementor-widget-text-editor\" data-id=\"1f0e425\" data-element_type=\"widget\" data-e-type=\"widget\" data-widget_type=\"text-editor.default\">\n\t\t\t\t<div class=\"elementor-widget-container\">\n\t\t\t\t\t\t\t\t\t<ul>\n \t<li>Soutenir la <b>cr\u00e9ation d&#8217;emplois verts tourn\u00e9s vers l&rsquo;avenir dans l&rsquo;\u00e9cosyst\u00e8me de la s\u00e9curit\u00e9 alimentaire<\/b> durable tout en augmentant les possibilit\u00e9s d&rsquo;inclusion professionnelle.<\/li> <\/br>\n \t<li>Promouvoir la conception et l&rsquo;exp\u00e9rimentation d&rsquo;un programme commun <b>innovant de recherche et de formation \u00e0 l&rsquo;EFP<\/b> destin\u00e9 aux initiatives travaillant avec des personnes menac\u00e9es d&rsquo;exclusion sociale dans le secteur de la s\u00e9curit\u00e9 alimentaire et de l&rsquo;agriculture durables.<\/br><\/li><\/br>\n \t<li><b>Stimuler le d\u00e9veloppement professionnel des professionnels et des organisations<\/b> de l&rsquo;EFP tout en favorisant l<b>&lsquo;acc\u00e8s des participants peu qualifi\u00e9s \u00e0 un EFP<\/b> de haute qualit\u00e9 dans des comp\u00e9tences cl\u00e9s et durables dans un cadre interculturel, non discriminatoire et inclusif.<\/li><\/br>\n \t<li><b>Partager les bonnes pratiques et les r\u00e9sultats des projets,<\/b> en particulier les lignes directrices de l&rsquo;UE.<\/li>\n<\/ul>\t\t\t\t\t\t\t\t<\/div>\n\t\t\t\t<\/div>\n\t\t\t\t\t<\/div>\n\t\t<\/div>\n\t\t\t\t\t<\/div>\n\t\t<\/section>\n\t\t\t\t<section class=\"elementor-section elementor-top-section elementor-element elementor-element-912e3fb elementor-section-boxed elementor-section-height-default elementor-section-height-default\" data-id=\"912e3fb\" data-element_type=\"section\" data-e-type=\"section\">\n\t\t\t\t\t\t<div class=\"elementor-container elementor-column-gap-default\">\n\t\t\t\t\t<div class=\"elementor-column elementor-col-100 elementor-top-column elementor-element elementor-element-99a9fdb\" data-id=\"99a9fdb\" data-element_type=\"column\" data-e-type=\"column\">\n\t\t\t<div class=\"elementor-widget-wrap elementor-element-populated\">\n\t\t\t\t\t\t<div class=\"elementor-element elementor-element-83b68d1 elementor-widget elementor-widget-image\" data-id=\"83b68d1\" data-element_type=\"widget\" data-e-type=\"widget\" data-widget_type=\"image.default\">\n\t\t\t\t<div class=\"elementor-widget-container\">\n\t\t\t\t\t\t\t\t\t\t\t\t\t\t\t<img decoding=\"async\" width=\"2421\" height=\"10\" src=\"https:\/\/eufoodsecurityhub.org\/wp-content\/uploads\/2023\/05\/Separador-copia.png\" class=\"attachment-full size-full wp-image-248\" alt=\"\" srcset=\"https:\/\/eufoodsecurityhub.org\/wp-content\/uploads\/2023\/05\/Separador-copia.png 2421w, https:\/\/eufoodsecurityhub.org\/wp-content\/uploads\/2023\/05\/Separador-copia-300x1.png 300w, https:\/\/eufoodsecurityhub.org\/wp-content\/uploads\/2023\/05\/Separador-copia-1024x4.png 1024w, https:\/\/eufoodsecurityhub.org\/wp-content\/uploads\/2023\/05\/Separador-copia-768x3.png 768w, https:\/\/eufoodsecurityhub.org\/wp-content\/uploads\/2023\/05\/Separador-copia-1536x6.png 1536w, https:\/\/eufoodsecurityhub.org\/wp-content\/uploads\/2023\/05\/Separador-copia-2048x8.png 2048w\" sizes=\"(max-width: 2421px) 100vw, 2421px\" \/>\t\t\t\t\t\t\t\t\t\t\t\t\t\t\t<\/div>\n\t\t\t\t<\/div>\n\t\t\t\t\t<\/div>\n\t\t<\/div>\n\t\t\t\t\t<\/div>\n\t\t<\/section>\n\t\t\t\t<section class=\"elementor-section elementor-top-section elementor-element elementor-element-be09a6d elementor-section-boxed elementor-section-height-default elementor-section-height-default\" data-id=\"be09a6d\" data-element_type=\"section\" data-e-type=\"section\">\n\t\t\t\t\t\t<div class=\"elementor-container elementor-column-gap-default\">\n\t\t\t\t\t<div class=\"elementor-column elementor-col-100 elementor-top-column elementor-element elementor-element-99c745b\" data-id=\"99c745b\" data-element_type=\"column\" data-e-type=\"column\">\n\t\t\t<div class=\"elementor-widget-wrap elementor-element-populated\">\n\t\t\t\t\t\t<div class=\"elementor-element elementor-element-faead5b elementor-widget elementor-widget-heading\" data-id=\"faead5b\" data-element_type=\"widget\" data-e-type=\"widget\" data-widget_type=\"heading.default\">\n\t\t\t\t<div class=\"elementor-widget-container\">\n\t\t\t\t\t<h2 class=\"elementor-heading-title elementor-size-default\">PRINCIPALES ACTIVIT\u00c9S<\/h2>\t\t\t\t<\/div>\n\t\t\t\t<\/div>\n\t\t\t\t\t<\/div>\n\t\t<\/div>\n\t\t\t\t\t<\/div>\n\t\t<\/section>\n\t\t\t\t<section class=\"elementor-section elementor-top-section elementor-element elementor-element-fd3e0c0 elementor-section-content-middle elementor-section-boxed elementor-section-height-default elementor-section-height-default\" data-id=\"fd3e0c0\" data-element_type=\"section\" data-e-type=\"section\">\n\t\t\t\t\t\t<div class=\"elementor-container elementor-column-gap-no\">\n\t\t\t\t\t<div class=\"elementor-column elementor-col-50 elementor-top-column elementor-element elementor-element-fa3784f\" data-id=\"fa3784f\" data-element_type=\"column\" data-e-type=\"column\">\n\t\t\t<div class=\"elementor-widget-wrap elementor-element-populated\">\n\t\t\t\t\t\t<div class=\"elementor-element elementor-element-8148df0 elementor-widget elementor-widget-image\" data-id=\"8148df0\" data-element_type=\"widget\" data-e-type=\"widget\" data-widget_type=\"image.default\">\n\t\t\t\t<div class=\"elementor-widget-container\">\n\t\t\t\t\t\t\t\t\t\t\t\t\t\t\t<img decoding=\"async\" width=\"735\" height=\"1039\" src=\"https:\/\/eufoodsecurityhub.org\/wp-content\/uploads\/2023\/05\/uvas.png\" class=\"attachment-full size-full wp-image-573\" alt=\"\" srcset=\"https:\/\/eufoodsecurityhub.org\/wp-content\/uploads\/2023\/05\/uvas.png 735w, https:\/\/eufoodsecurityhub.org\/wp-content\/uploads\/2023\/05\/uvas-212x300.png 212w, https:\/\/eufoodsecurityhub.org\/wp-content\/uploads\/2023\/05\/uvas-724x1024.png 724w\" sizes=\"(max-width: 735px) 100vw, 735px\" \/>\t\t\t\t\t\t\t\t\t\t\t\t\t\t\t<\/div>\n\t\t\t\t<\/div>\n\t\t\t\t\t<\/div>\n\t\t<\/div>\n\t\t\t\t<div class=\"elementor-column elementor-col-50 elementor-top-column elementor-element elementor-element-7a46f60\" data-id=\"7a46f60\" data-element_type=\"column\" data-e-type=\"column\">\n\t\t\t<div class=\"elementor-widget-wrap elementor-element-populated\">\n\t\t\t\t\t\t<div class=\"elementor-element elementor-element-2e56eba elementor-widget__width-initial elementor-widget elementor-widget-text-editor\" data-id=\"2e56eba\" data-element_type=\"widget\" data-e-type=\"widget\" data-widget_type=\"text-editor.default\">\n\t\t\t\t<div class=\"elementor-widget-container\">\n\t\t\t\t\t\t\t\t\t<ul><li><b>Enqu\u00eate participative europ\u00e9enne<\/b> sur les meilleures pratiques s\u00e9lectionn\u00e9es afin de d\u00e9finir des itin\u00e9raires professionnels sp\u00e9cifiques et orient\u00e9s vers l&rsquo;avenir en mati\u00e8re d&#8217;emplois verts<br \/><br \/><\/li><li><b>R\u00e9union europ\u00e9enne de partage<\/b> de connaissances et d&rsquo;exp\u00e9riences \u00e0 Milan<br \/><br \/><\/li><li>Concevoir et tester un <b>programme intersectoriel de formation professionnelle<\/b> en s\u00e9curit\u00e9 alimentaire, un MOOC intersectoriel sur l&rsquo;EFP et une bo\u00eete \u00e0 outils (Toolkit) d&rsquo;EFP intersectorielle comme mat\u00e9riel de formation<br \/><br \/><\/li><li>5 <b>ateliers europ\u00e9ens d&rsquo;\u00e9change et d&rsquo;apprentissage<\/b> par les pairs \u00e0 El Prat de Llobregat, Palerme, Aubagne, Piacenza et Ath\u00e8nes<br \/><br \/><\/li><li>Des <b>lignes directrices de l&rsquo;UE<\/b> visant \u00e0 aider \u00e0 adopter une nouvelle approche contre l&rsquo;ins\u00e9curit\u00e9 alimentaire<br \/><br \/><\/li><li>Des <b>activit\u00e9s de diffusion<\/b> visant \u00e0 sensibiliser et \u00e0 diffuser les r\u00e9sultats du projet<br \/><br \/><\/li><li><b style=\"background-color: transparent; letter-spacing: 0px;\">R\u00e9union internationale<\/b><span style=\"background-color: transparent; letter-spacing: 0px;\"> avec 100 participants \u00e0 El Prat de Llobregat<\/span><\/li><\/ul>\t\t\t\t\t\t\t\t<\/div>\n\t\t\t\t<\/div>\n\t\t\t\t\t<\/div>\n\t\t<\/div>\n\t\t\t\t\t<\/div>\n\t\t<\/section>\n\t\t\t\t<section class=\"elementor-section elementor-top-section elementor-element elementor-element-fa170fb elementor-section-boxed elementor-section-height-default elementor-section-height-default\" data-id=\"fa170fb\" data-element_type=\"section\" data-e-type=\"section\">\n\t\t\t\t\t\t<div class=\"elementor-container elementor-column-gap-default\">\n\t\t\t\t\t<div class=\"elementor-column elementor-col-100 elementor-top-column elementor-element elementor-element-aa2ca50\" data-id=\"aa2ca50\" data-element_type=\"column\" data-e-type=\"column\">\n\t\t\t<div class=\"elementor-widget-wrap elementor-element-populated\">\n\t\t\t\t\t\t<div class=\"elementor-element elementor-element-8061f9a elementor-widget elementor-widget-image\" data-id=\"8061f9a\" data-element_type=\"widget\" data-e-type=\"widget\" data-widget_type=\"image.default\">\n\t\t\t\t<div class=\"elementor-widget-container\">\n\t\t\t\t\t\t\t\t\t\t\t\t\t\t\t<img decoding=\"async\" width=\"2421\" height=\"10\" src=\"https:\/\/eufoodsecurityhub.org\/wp-content\/uploads\/2023\/05\/Separador-copia.png\" class=\"attachment-full size-full wp-image-248\" alt=\"\" srcset=\"https:\/\/eufoodsecurityhub.org\/wp-content\/uploads\/2023\/05\/Separador-copia.png 2421w, https:\/\/eufoodsecurityhub.org\/wp-content\/uploads\/2023\/05\/Separador-copia-300x1.png 300w, https:\/\/eufoodsecurityhub.org\/wp-content\/uploads\/2023\/05\/Separador-copia-1024x4.png 1024w, https:\/\/eufoodsecurityhub.org\/wp-content\/uploads\/2023\/05\/Separador-copia-768x3.png 768w, https:\/\/eufoodsecurityhub.org\/wp-content\/uploads\/2023\/05\/Separador-copia-1536x6.png 1536w, https:\/\/eufoodsecurityhub.org\/wp-content\/uploads\/2023\/05\/Separador-copia-2048x8.png 2048w\" sizes=\"(max-width: 2421px) 100vw, 2421px\" \/>\t\t\t\t\t\t\t\t\t\t\t\t\t\t\t<\/div>\n\t\t\t\t<\/div>\n\t\t\t\t\t<\/div>\n\t\t<\/div>\n\t\t\t\t\t<\/div>\n\t\t<\/section>\n\t\t\t\t<section class=\"elementor-section elementor-top-section elementor-element elementor-element-6086bdd elementor-section-boxed elementor-section-height-default elementor-section-height-default\" data-id=\"6086bdd\" data-element_type=\"section\" data-e-type=\"section\">\n\t\t\t\t\t\t<div class=\"elementor-container elementor-column-gap-default\">\n\t\t\t\t\t<div class=\"elementor-column elementor-col-100 elementor-top-column elementor-element elementor-element-b70d0fb\" data-id=\"b70d0fb\" data-element_type=\"column\" data-e-type=\"column\">\n\t\t\t<div class=\"elementor-widget-wrap elementor-element-populated\">\n\t\t\t\t\t\t<div class=\"elementor-element elementor-element-0fa11fb elementor-widget elementor-widget-heading\" data-id=\"0fa11fb\" data-element_type=\"widget\" data-e-type=\"widget\" data-widget_type=\"heading.default\">\n\t\t\t\t<div class=\"elementor-widget-container\">\n\t\t\t\t\t<h2 class=\"elementor-heading-title elementor-size-default\">IMPACT ET R\u00c9SULTATS<\/h2>\t\t\t\t<\/div>\n\t\t\t\t<\/div>\n\t\t\t\t\t<\/div>\n\t\t<\/div>\n\t\t\t\t\t<\/div>\n\t\t<\/section>\n\t\t\t\t<section class=\"elementor-section elementor-top-section elementor-element elementor-element-15970e0 elementor-section-content-middle elementor-section-boxed elementor-section-height-default elementor-section-height-default\" data-id=\"15970e0\" data-element_type=\"section\" data-e-type=\"section\">\n\t\t\t\t\t\t<div class=\"elementor-container elementor-column-gap-no\">\n\t\t\t\t\t<div class=\"elementor-column elementor-col-50 elementor-top-column elementor-element elementor-element-4c09f68\" data-id=\"4c09f68\" data-element_type=\"column\" data-e-type=\"column\">\n\t\t\t<div class=\"elementor-widget-wrap elementor-element-populated\">\n\t\t\t\t\t\t<div class=\"elementor-element elementor-element-6a33586 elementor-widget elementor-widget-image\" data-id=\"6a33586\" data-element_type=\"widget\" data-e-type=\"widget\" data-widget_type=\"image.default\">\n\t\t\t\t<div class=\"elementor-widget-container\">\n\t\t\t\t\t\t\t\t\t\t\t\t\t\t\t<img loading=\"lazy\" decoding=\"async\" width=\"735\" height=\"1039\" src=\"https:\/\/eufoodsecurityhub.org\/wp-content\/uploads\/2023\/06\/FOTO.jpg\" class=\"attachment-full size-full wp-image-1209\" alt=\"\" srcset=\"https:\/\/eufoodsecurityhub.org\/wp-content\/uploads\/2023\/06\/FOTO.jpg 735w, https:\/\/eufoodsecurityhub.org\/wp-content\/uploads\/2023\/06\/FOTO-212x300.jpg 212w, https:\/\/eufoodsecurityhub.org\/wp-content\/uploads\/2023\/06\/FOTO-724x1024.jpg 724w\" sizes=\"(max-width: 735px) 100vw, 735px\" \/>\t\t\t\t\t\t\t\t\t\t\t\t\t\t\t<\/div>\n\t\t\t\t<\/div>\n\t\t\t\t\t<\/div>\n\t\t<\/div>\n\t\t\t\t<div class=\"elementor-column elementor-col-50 elementor-top-column elementor-element elementor-element-bd48a13\" data-id=\"bd48a13\" data-element_type=\"column\" data-e-type=\"column\">\n\t\t\t<div class=\"elementor-widget-wrap elementor-element-populated\">\n\t\t\t\t\t\t<div class=\"elementor-element elementor-element-a2fa9b0 elementor-widget__width-initial elementor-widget elementor-widget-text-editor\" data-id=\"a2fa9b0\" data-element_type=\"widget\" data-e-type=\"widget\" data-widget_type=\"text-editor.default\">\n\t\t\t\t<div class=\"elementor-widget-container\">\n\t\t\t\t\t\t\t\t\t<ul>\n \t<li><b>La r\u00e9union europ\u00e9enne de partage de connaissance<\/b>s et d&rsquo;exp\u00e9riences \u00e0 Milan atteint 24 praticiens cl\u00e9s.<\/li> <br>\n \t<li><b>Cadre de comp\u00e9tences et itin\u00e9raires professionnels de l&rsquo;EFP<\/b> Rapport g\u00e9n\u00e9rer des emplois verts dans les \u00e9cosyst\u00e8mes de la s\u00e9curit\u00e9 alimentaire.<\/li><br>\n \t<li><b>Mat\u00e9riel de formation intersectoriel<\/b> (programme de formation \u00e0 l&rsquo;EFP, MOOC et bo\u00eete \u00e0 outils) \u00e9valu\u00e9 par 85 professionnels de l&rsquo;EFP et diffus\u00e9 parmi les organisations et les parties prenantes.<\/li><br>\n \t<li><b>5 ateliers europ\u00e9ens d&rsquo;\u00e9change et d&rsquo;apprentissage<\/b> par les pairs au cours desquels 85 professionnels de l&rsquo;EFP d&rsquo;autres organisations et pays sont form\u00e9s.<\/li><br>\n \t<li><b>Des lignes directrices de l&rsquo;UE<\/b> aident les gouvernements locaux \u00e0 naviguer dans le processus de mise en place ou de soutien d&rsquo;une nouvelle approche contre l&rsquo;ins\u00e9curit\u00e9 alimentaire.<\/li><br>\n \t<li><b>Les r\u00e9unions nationales de plaidoyer<\/b> touchent et engagent 30 parties prenantes.<\/li><br>\n \t<li><b>La campagne de sensibilisation<\/b> touche 6 000 citoyens europ\u00e9ens.<\/li><br>\n \t<li><b>La conf\u00e9rence europ\u00e9enne et l&rsquo;\u00e9v\u00e9nement de mise en r\u00e9seau<\/b> en Espagne accueillent 100 invit\u00e9s internationaux.<\/li>\n<\/ul>\t\t\t\t\t\t\t\t<\/div>\n\t\t\t\t<\/div>\n\t\t\t\t\t<\/div>\n\t\t<\/div>\n\t\t\t\t\t<\/div>\n\t\t<\/section>\n\t\t\t\t<section class=\"elementor-section elementor-top-section elementor-element elementor-element-9dcff99 elementor-section-full_width elementor-section-height-default elementor-section-height-default\" data-id=\"9dcff99\" data-element_type=\"section\" data-e-type=\"section\" data-settings=\"{&quot;background_background&quot;:&quot;classic&quot;}\">\n\t\t\t\t\t\t<div class=\"elementor-container elementor-column-gap-default\">\n\t\t\t\t\t<div class=\"elementor-column elementor-col-100 elementor-top-column elementor-element elementor-element-4b9ac6e\" data-id=\"4b9ac6e\" data-element_type=\"column\" data-e-type=\"column\">\n\t\t\t<div class=\"elementor-widget-wrap\">\n\t\t\t\t\t\t\t<\/div>\n\t\t<\/div>\n\t\t\t\t\t<\/div>\n\t\t<\/section>\n\t\t\t\t<\/div>\n\t\t","protected":false},"excerpt":{"rendered":"<p>Le Projet OBJECTIFS SP\u00c9CIFIQUES Soutenir la cr\u00e9ation d&#8217;emplois verts tourn\u00e9s vers l&rsquo;avenir dans l&rsquo;\u00e9cosyst\u00e8me de la s\u00e9curit\u00e9 alimentaire durable tout en augmentant les possibilit\u00e9s d&rsquo;inclusion professionnelle. Promouvoir la conception et l&rsquo;exp\u00e9rimentation d&rsquo;un programme commun innovant de recherche et de formation \u00e0 l&rsquo;EFP destin\u00e9 aux initiatives travaillant avec des personnes menac\u00e9es d&rsquo;exclusion sociale dans le secteur [&hellip;]<\/p>\n","protected":false},"author":3,"featured_media":0,"parent":0,"menu_order":0,"comment_status":"closed","ping_status":"closed","template":"elementor_header_footer","meta":{"footnotes":""},"class_list":["post-827","page","type-page","status-publish","hentry"],"_links":{"self":[{"href":"https:\/\/eufoodsecurityhub.org\/fr\/wp-json\/wp\/v2\/pages\/827","targetHints":{"allow":["GET"]}}],"collection":[{"href":"https:\/\/eufoodsecurityhub.org\/fr\/wp-json\/wp\/v2\/pages"}],"about":[{"href":"https:\/\/eufoodsecurityhub.org\/fr\/wp-json\/wp\/v2\/types\/page"}],"author":[{"embeddable":true,"href":"https:\/\/eufoodsecurityhub.org\/fr\/wp-json\/wp\/v2\/users\/3"}],"replies":[{"embeddable":true,"href":"https:\/\/eufoodsecurityhub.org\/fr\/wp-json\/wp\/v2\/comments?post=827"}],"version-history":[{"count":0,"href":"https:\/\/eufoodsecurityhub.org\/fr\/wp-json\/wp\/v2\/pages\/827\/revisions"}],"wp:attachment":[{"href":"https:\/\/eufoodsecurityhub.org\/fr\/wp-json\/wp\/v2\/media?parent=827"}],"curies":[{"name":"wp","href":"https:\/\/api.w.org\/{rel}","templated":true}]}}