{"id":801,"date":"2023-05-05T15:03:19","date_gmt":"2023-05-05T14:03:19","guid":{"rendered":"http:\/\/eufoodsecurityhub.org\/migliori-pratiche\/"},"modified":"2023-06-07T13:41:56","modified_gmt":"2023-06-07T12:41:56","slug":"migliori-pratiche","status":"publish","type":"page","link":"https:\/\/eufoodsecurityhub.org\/it\/migliori-pratiche\/","title":{"rendered":"Migliori pratiche"},"content":{"rendered":"\t\t<div data-elementor-type=\"wp-page\" data-elementor-id=\"801\" class=\"elementor elementor-801 elementor-345\" data-elementor-post-type=\"page\">\n\t\t\t\t\t\t<section class=\"elementor-section elementor-top-section elementor-element elementor-element-b24e560 elementor-section-boxed elementor-section-height-default elementor-section-height-default\" data-id=\"b24e560\" data-element_type=\"section\" data-e-type=\"section\">\n\t\t\t\t\t\t<div class=\"elementor-container elementor-column-gap-default\">\n\t\t\t\t\t<div class=\"elementor-column elementor-col-33 elementor-top-column elementor-element elementor-element-9563708\" data-id=\"9563708\" data-element_type=\"column\" data-e-type=\"column\">\n\t\t\t<div class=\"elementor-widget-wrap elementor-element-populated\">\n\t\t\t\t\t\t<div class=\"elementor-element elementor-element-22796c0 elementor-widget__width-inherit elementor-widget elementor-widget-image\" data-id=\"22796c0\" data-element_type=\"widget\" data-e-type=\"widget\" data-widget_type=\"image.default\">\n\t\t\t\t<div class=\"elementor-widget-container\">\n\t\t\t\t\t\t\t\t\t\t\t\t\t\t\t<img decoding=\"async\" src=\"https:\/\/eufoodsecurityhub.org\/wp-content\/uploads\/2023\/05\/puntos-cortos.png\" title=\"puntos cortos\" alt=\"puntos cortos\" loading=\"lazy\" \/>\t\t\t\t\t\t\t\t\t\t\t\t\t\t\t<\/div>\n\t\t\t\t<\/div>\n\t\t\t\t\t<\/div>\n\t\t<\/div>\n\t\t\t\t<div class=\"elementor-column elementor-col-33 elementor-top-column elementor-element elementor-element-7a2d879\" data-id=\"7a2d879\" data-element_type=\"column\" data-e-type=\"column\">\n\t\t\t<div class=\"elementor-widget-wrap elementor-element-populated\">\n\t\t\t\t\t\t<div class=\"elementor-element elementor-element-a53ac7f elementor-widget elementor-widget-heading\" data-id=\"a53ac7f\" data-element_type=\"widget\" data-e-type=\"widget\" data-widget_type=\"heading.default\">\n\t\t\t\t<div class=\"elementor-widget-container\">\n\t\t\t\t\t<h2 class=\"elementor-heading-title elementor-size-default\">Migliori pratiche<\/h2>\t\t\t\t<\/div>\n\t\t\t\t<\/div>\n\t\t\t\t\t<\/div>\n\t\t<\/div>\n\t\t\t\t<div class=\"elementor-column elementor-col-33 elementor-top-column elementor-element elementor-element-6e3c876\" data-id=\"6e3c876\" data-element_type=\"column\" data-e-type=\"column\">\n\t\t\t<div class=\"elementor-widget-wrap elementor-element-populated\">\n\t\t\t\t\t\t<div class=\"elementor-element elementor-element-40911d1 elementor-widget__width-inherit elementor-widget elementor-widget-image\" data-id=\"40911d1\" data-element_type=\"widget\" data-e-type=\"widget\" data-widget_type=\"image.default\">\n\t\t\t\t<div class=\"elementor-widget-container\">\n\t\t\t\t\t\t\t\t\t\t\t\t\t\t\t<img decoding=\"async\" src=\"https:\/\/eufoodsecurityhub.org\/wp-content\/uploads\/2023\/05\/puntos-cortos.png\" title=\"puntos cortos\" alt=\"puntos cortos\" loading=\"lazy\" \/>\t\t\t\t\t\t\t\t\t\t\t\t\t\t\t<\/div>\n\t\t\t\t<\/div>\n\t\t\t\t\t<\/div>\n\t\t<\/div>\n\t\t\t\t\t<\/div>\n\t\t<\/section>\n\t\t\t\t<section class=\"elementor-section elementor-top-section elementor-element elementor-element-4766b3a elementor-section-boxed elementor-section-height-default elementor-section-height-default\" data-id=\"4766b3a\" data-element_type=\"section\" data-e-type=\"section\" data-settings=\"{&quot;background_background&quot;:&quot;classic&quot;}\">\n\t\t\t\t\t\t<div class=\"elementor-container elementor-column-gap-default\">\n\t\t\t\t\t<div class=\"elementor-column elementor-col-100 elementor-top-column elementor-element elementor-element-de77598\" data-id=\"de77598\" data-element_type=\"column\" data-e-type=\"column\">\n\t\t\t<div class=\"elementor-widget-wrap elementor-element-populated\">\n\t\t\t\t\t\t<div class=\"elementor-element elementor-element-a550ae2 elementor-widget elementor-widget-heading\" data-id=\"a550ae2\" data-element_type=\"widget\" data-e-type=\"widget\" data-widget_type=\"heading.default\">\n\t\t\t\t<div class=\"elementor-widget-container\">\n\t\t\t\t\t<h2 class=\"elementor-heading-title elementor-size-default\">Il progetto EU Food Security HUB \u00e8 complementare alle seguenti iniziative realizzate dalle organizzazioni del Consorzio: <\/h2>\t\t\t\t<\/div>\n\t\t\t\t<\/div>\n\t\t\t\t\t<\/div>\n\t\t<\/div>\n\t\t\t\t\t<\/div>\n\t\t<\/section>\n\t\t\t\t<section class=\"elementor-section elementor-top-section elementor-element elementor-element-6740546 elementor-section-boxed elementor-section-height-default elementor-section-height-default\" data-id=\"6740546\" data-element_type=\"section\" data-e-type=\"section\">\n\t\t\t\t\t\t<div class=\"elementor-container elementor-column-gap-no\">\n\t\t\t\t\t<div class=\"elementor-column elementor-col-50 elementor-top-column elementor-element elementor-element-bd12cee\" data-id=\"bd12cee\" data-element_type=\"column\" data-e-type=\"column\">\n\t\t\t<div class=\"elementor-widget-wrap elementor-element-populated\">\n\t\t\t\t\t\t<div class=\"elementor-element elementor-element-6ed72f9 elementor-widget elementor-widget-image\" data-id=\"6ed72f9\" data-element_type=\"widget\" data-e-type=\"widget\" data-widget_type=\"image.default\">\n\t\t\t\t<div class=\"elementor-widget-container\">\n\t\t\t\t\t\t\t\t\t\t\t\t\t\t\t<img fetchpriority=\"high\" decoding=\"async\" width=\"1169\" height=\"927\" src=\"https:\/\/eufoodsecurityhub.org\/wp-content\/uploads\/2023\/05\/PRAC-1.png\" class=\"attachment-full size-full wp-image-351\" alt=\"\" srcset=\"https:\/\/eufoodsecurityhub.org\/wp-content\/uploads\/2023\/05\/PRAC-1.png 1169w, https:\/\/eufoodsecurityhub.org\/wp-content\/uploads\/2023\/05\/PRAC-1-300x238.png 300w, https:\/\/eufoodsecurityhub.org\/wp-content\/uploads\/2023\/05\/PRAC-1-1024x812.png 1024w, https:\/\/eufoodsecurityhub.org\/wp-content\/uploads\/2023\/05\/PRAC-1-768x609.png 768w\" sizes=\"(max-width: 1169px) 100vw, 1169px\" \/>\t\t\t\t\t\t\t\t\t\t\t\t\t\t\t<\/div>\n\t\t\t\t<\/div>\n\t\t\t\t<div class=\"elementor-element elementor-element-c459d2e elementor-align-center elementor-widget elementor-widget-button\" data-id=\"c459d2e\" data-element_type=\"widget\" data-e-type=\"widget\" data-widget_type=\"button.default\">\n\t\t\t\t<div class=\"elementor-widget-container\">\n\t\t\t\t\t\t\t\t\t<div class=\"elementor-button-wrapper\">\n\t\t\t\t\t<a class=\"elementor-button elementor-button-link elementor-size-md\" href=\"https:\/\/abd.ong\/programas\/la-botiga\/%20\" target=\"_blank\">\n\t\t\t\t\t\t<span class=\"elementor-button-content-wrapper\">\n\t\t\t\t\t\t\t\t\t<span class=\"elementor-button-text\">VISITARE IL WEB<\/span>\n\t\t\t\t\t<\/span>\n\t\t\t\t\t<\/a>\n\t\t\t\t<\/div>\n\t\t\t\t\t\t\t\t<\/div>\n\t\t\t\t<\/div>\n\t\t\t\t<div class=\"elementor-element elementor-element-83455b2 elementor-widget__width-initial elementor-widget elementor-widget-text-editor\" data-id=\"83455b2\" data-element_type=\"widget\" data-e-type=\"widget\" data-widget_type=\"text-editor.default\">\n\t\t\t\t<div class=\"elementor-widget-container\">\n\t\t\t\t\t\t\t\t\t<p class=\"p1\"><b>La Botiga,<\/b> progetto gestito da ABD, \u00e8 una cooperativa pubblica del Comune di El Prat de Llobregat che mira a superare l&#8217;insicurezza alimentare, attraverso l&#8217;empowerment della comunit\u00e0 e l&#8217;inclusione socio-lavorativa dei gruppi vulnerabili. La Botiga nasce in risposta alle tradizionali strategie di distribuzione alimentare, creando uno spazio innovativo aperto a tutti i cittadini. Alcuni dei valori promossi sono l&#8217;attivazione comunitaria, le buone abitudini, il consumo di prodotti locali e socialmente responsabili, la coesione sociale e la lotta allo spreco alimentare.<span class=\"Apple-converted-space\"> <\/span><\/p>\n\t\t\t\t\t\t\t\t<\/div>\n\t\t\t\t<\/div>\n\t\t\t\t\t<\/div>\n\t\t<\/div>\n\t\t\t\t<div class=\"elementor-column elementor-col-50 elementor-top-column elementor-element elementor-element-0c8202c\" data-id=\"0c8202c\" data-element_type=\"column\" data-e-type=\"column\">\n\t\t\t<div class=\"elementor-widget-wrap elementor-element-populated\">\n\t\t\t\t\t\t<div class=\"elementor-element elementor-element-722f5e6 elementor-widget elementor-widget-image\" data-id=\"722f5e6\" data-element_type=\"widget\" data-e-type=\"widget\" data-widget_type=\"image.default\">\n\t\t\t\t<div class=\"elementor-widget-container\">\n\t\t\t\t\t\t\t\t\t\t\t\t\t\t\t<img decoding=\"async\" width=\"1169\" height=\"927\" src=\"https:\/\/eufoodsecurityhub.org\/wp-content\/uploads\/2023\/05\/PRac-2.png\" class=\"attachment-full size-full wp-image-357\" alt=\"\" srcset=\"https:\/\/eufoodsecurityhub.org\/wp-content\/uploads\/2023\/05\/PRac-2.png 1169w, https:\/\/eufoodsecurityhub.org\/wp-content\/uploads\/2023\/05\/PRac-2-300x238.png 300w, https:\/\/eufoodsecurityhub.org\/wp-content\/uploads\/2023\/05\/PRac-2-1024x812.png 1024w, https:\/\/eufoodsecurityhub.org\/wp-content\/uploads\/2023\/05\/PRac-2-768x609.png 768w\" sizes=\"(max-width: 1169px) 100vw, 1169px\" \/>\t\t\t\t\t\t\t\t\t\t\t\t\t\t\t<\/div>\n\t\t\t\t<\/div>\n\t\t\t\t<div class=\"elementor-element elementor-element-85bfd27 elementor-widget__width-initial elementor-widget elementor-widget-text-editor\" data-id=\"85bfd27\" data-element_type=\"widget\" data-e-type=\"widget\" data-widget_type=\"text-editor.default\">\n\t\t\t\t<div class=\"elementor-widget-container\">\n\t\t\t\t\t\t\t\t\t<p class=\"p1\"><b>The Social Kitchen<\/b> by IASIS \u00e8 un&#8217;iniziativa che offre servizi di ristorazione ai cittadini vulnerabili del Comune di New Philadelphia a Chalkidona (Atene) ed \u00e8 rivolta a persone che affrontano problemi sociali. Il suo obiettivo principale \u00e8 coprire i bisogni primari delle persone che si trovano in uno stato di povert\u00e0 o senzatetto.&nbsp;<span style=\"letter-spacing: 0px;\">Alcuni dei servizi forniti da The Social Kitchen sono: diagnosi e mobilitazione per i cittadini vulnerabili per soddisfare i loro bisogni e ridefinire le loro vite; collegamento delle persone con i servizi sociali per informazioni e supporto; empowerment psicosociale; accesso a cibo e indumenti puliti.<\/span><\/p>\n\t\t\t\t\t\t\t\t<\/div>\n\t\t\t\t<\/div>\n\t\t\t\t\t<\/div>\n\t\t<\/div>\n\t\t\t\t\t<\/div>\n\t\t<\/section>\n\t\t\t\t<section class=\"elementor-section elementor-top-section elementor-element elementor-element-306b9ac elementor-section-boxed elementor-section-height-default elementor-section-height-default\" data-id=\"306b9ac\" data-element_type=\"section\" data-e-type=\"section\">\n\t\t\t\t\t\t<div class=\"elementor-container elementor-column-gap-no\">\n\t\t\t\t\t<div class=\"elementor-column elementor-col-50 elementor-top-column elementor-element elementor-element-262ab93\" data-id=\"262ab93\" data-element_type=\"column\" data-e-type=\"column\">\n\t\t\t<div class=\"elementor-widget-wrap elementor-element-populated\">\n\t\t\t\t\t\t<div class=\"elementor-element elementor-element-aa87537 elementor-widget elementor-widget-image\" data-id=\"aa87537\" data-element_type=\"widget\" data-e-type=\"widget\" data-widget_type=\"image.default\">\n\t\t\t\t<div class=\"elementor-widget-container\">\n\t\t\t\t\t\t\t\t\t\t\t\t\t\t\t<img decoding=\"async\" width=\"1169\" height=\"927\" src=\"https:\/\/eufoodsecurityhub.org\/wp-content\/uploads\/2023\/05\/Prac-3.png\" class=\"attachment-full size-full wp-image-363\" alt=\"\" srcset=\"https:\/\/eufoodsecurityhub.org\/wp-content\/uploads\/2023\/05\/Prac-3.png 1169w, https:\/\/eufoodsecurityhub.org\/wp-content\/uploads\/2023\/05\/Prac-3-300x238.png 300w, https:\/\/eufoodsecurityhub.org\/wp-content\/uploads\/2023\/05\/Prac-3-1024x812.png 1024w, https:\/\/eufoodsecurityhub.org\/wp-content\/uploads\/2023\/05\/Prac-3-768x609.png 768w\" sizes=\"(max-width: 1169px) 100vw, 1169px\" \/>\t\t\t\t\t\t\t\t\t\t\t\t\t\t\t<\/div>\n\t\t\t\t<\/div>\n\t\t\t\t<div class=\"elementor-element elementor-element-2bd3374 elementor-align-center elementor-widget elementor-widget-button\" data-id=\"2bd3374\" data-element_type=\"widget\" data-e-type=\"widget\" data-widget_type=\"button.default\">\n\t\t\t\t<div class=\"elementor-widget-container\">\n\t\t\t\t\t\t\t\t\t<div class=\"elementor-button-wrapper\">\n\t\t\t\t\t<a class=\"elementor-button elementor-button-link elementor-size-md\" href=\"https:\/\/impresasocialeland.org\/\" target=\"_blank\">\n\t\t\t\t\t\t<span class=\"elementor-button-content-wrapper\">\n\t\t\t\t\t\t\t\t\t<span class=\"elementor-button-text\">VISITARE IL WEB<\/span>\n\t\t\t\t\t<\/span>\n\t\t\t\t\t<\/a>\n\t\t\t\t<\/div>\n\t\t\t\t\t\t\t\t<\/div>\n\t\t\t\t<\/div>\n\t\t\t\t<div class=\"elementor-element elementor-element-24f9474 elementor-widget__width-initial elementor-widget elementor-widget-text-editor\" data-id=\"24f9474\" data-element_type=\"widget\" data-e-type=\"widget\" data-widget_type=\"text-editor.default\">\n\t\t\t\t<div class=\"elementor-widget-container\">\n\t\t\t\t\t\t\t\t\t<p class=\"p1\"><b>Land,<\/b> un sistema agricolo innovativo e sostenibile nato dalla precedente esperienza acquisita dall&#8217;associazione CESIE. Land gestisce un&#8217;azienda agricola situata in provincia di Palermo, che ospita un centro di lavoro agricolo, con spazi verdi e di agriworking per il personale e ampi spazi all&#8217;aperto per l&#8217;agricoltura innovativa e per attivit\u00e0 didattiche e culturali. Land promuove una rivoluzione verde mirando a innovare e incoraggiare progetti imprenditoriali in diversi ambiti, tra cui lo sviluppo rurale, la resilienza delle comunit\u00e0, le energie rinnovabili, la transizione ecologica, il turismo e la mobilit\u00e0 sostenibili e la creazione di un Living Lab in Sicilia.<span class=\"Apple-converted-space\"> <\/span><\/p>\n\t\t\t\t\t\t\t\t<\/div>\n\t\t\t\t<\/div>\n\t\t\t\t\t<\/div>\n\t\t<\/div>\n\t\t\t\t<div class=\"elementor-column elementor-col-50 elementor-top-column elementor-element elementor-element-d2cdc1b\" data-id=\"d2cdc1b\" data-element_type=\"column\" data-e-type=\"column\">\n\t\t\t<div class=\"elementor-widget-wrap elementor-element-populated\">\n\t\t\t\t\t\t<div class=\"elementor-element elementor-element-a081185 elementor-widget elementor-widget-image\" data-id=\"a081185\" data-element_type=\"widget\" data-e-type=\"widget\" data-widget_type=\"image.default\">\n\t\t\t\t<div class=\"elementor-widget-container\">\n\t\t\t\t\t\t\t\t\t\t\t\t\t\t\t<img loading=\"lazy\" decoding=\"async\" width=\"1169\" height=\"927\" src=\"https:\/\/eufoodsecurityhub.org\/wp-content\/uploads\/2023\/05\/Prac-4.png\" class=\"attachment-full size-full wp-image-369\" alt=\"\" srcset=\"https:\/\/eufoodsecurityhub.org\/wp-content\/uploads\/2023\/05\/Prac-4.png 1169w, https:\/\/eufoodsecurityhub.org\/wp-content\/uploads\/2023\/05\/Prac-4-300x238.png 300w, https:\/\/eufoodsecurityhub.org\/wp-content\/uploads\/2023\/05\/Prac-4-1024x812.png 1024w, https:\/\/eufoodsecurityhub.org\/wp-content\/uploads\/2023\/05\/Prac-4-768x609.png 768w\" sizes=\"(max-width: 1169px) 100vw, 1169px\" \/>\t\t\t\t\t\t\t\t\t\t\t\t\t\t\t<\/div>\n\t\t\t\t<\/div>\n\t\t\t\t<div class=\"elementor-element elementor-element-5dd6e23 elementor-align-center elementor-widget elementor-widget-button\" data-id=\"5dd6e23\" data-element_type=\"widget\" data-e-type=\"widget\" data-widget_type=\"button.default\">\n\t\t\t\t<div class=\"elementor-widget-container\">\n\t\t\t\t\t\t\t\t\t<div class=\"elementor-button-wrapper\">\n\t\t\t\t\t<a class=\"elementor-button elementor-button-link elementor-size-md\" href=\"https:\/\/mail.acra.it\/cosa-facciamo\/aree-di-intervento\/italia-ed-europa\/cascina-santalberto%20\" target=\"_blank\">\n\t\t\t\t\t\t<span class=\"elementor-button-content-wrapper\">\n\t\t\t\t\t\t\t\t\t<span class=\"elementor-button-text\">VISITARE IL WEB<\/span>\n\t\t\t\t\t<\/span>\n\t\t\t\t\t<\/a>\n\t\t\t\t<\/div>\n\t\t\t\t\t\t\t\t<\/div>\n\t\t\t\t<\/div>\n\t\t\t\t<div class=\"elementor-element elementor-element-bc6f6eb elementor-widget__width-initial elementor-widget elementor-widget-text-editor\" data-id=\"bc6f6eb\" data-element_type=\"widget\" data-e-type=\"widget\" data-widget_type=\"text-editor.default\">\n\t\t\t\t<div class=\"elementor-widget-container\">\n\t\t\t\t\t\t\t\t\t<p class=\"p1\"><b>Cascina Sant\u2019Alberto,<\/b> progetto gestito da ACRA in coordinamento con il Comune di Milano, mira a sostenere la produzione agricola sostenibile; promuovere la formazione professionale e l&#8217;occupazione per i giovani vulnerabili; promuovere la commercializzazione dei prodotti agricoli, coinvolgendo la societ\u00e0 civile, la comunit\u00e0 locale e promuovendo la consapevolezza dell&#8217;economia sociale e de l&#8217;agroecologia. L&#8217;agricoltura \u00e8 lo strumento per fornire opportunit\u00e0 di lavoro, promuovere la sostenibilit\u00e0 e l&#8217;ambiente, aumentare la consapevolezza e mobilitare le comunit\u00e0 locali.<\/p>\n\t\t\t\t\t\t\t\t<\/div>\n\t\t\t\t<\/div>\n\t\t\t\t\t<\/div>\n\t\t<\/div>\n\t\t\t\t\t<\/div>\n\t\t<\/section>\n\t\t\t\t<section class=\"elementor-section elementor-top-section elementor-element elementor-element-83c834e elementor-section-boxed elementor-section-height-default elementor-section-height-default\" data-id=\"83c834e\" data-element_type=\"section\" data-e-type=\"section\">\n\t\t\t\t\t\t<div class=\"elementor-container elementor-column-gap-no\">\n\t\t\t\t\t<div class=\"elementor-column elementor-col-50 elementor-top-column elementor-element elementor-element-d6d0b24\" data-id=\"d6d0b24\" data-element_type=\"column\" data-e-type=\"column\">\n\t\t\t<div class=\"elementor-widget-wrap elementor-element-populated\">\n\t\t\t\t\t\t<div class=\"elementor-element elementor-element-f6e83b4 elementor-widget elementor-widget-image\" data-id=\"f6e83b4\" data-element_type=\"widget\" data-e-type=\"widget\" data-widget_type=\"image.default\">\n\t\t\t\t<div class=\"elementor-widget-container\">\n\t\t\t\t\t\t\t\t\t\t\t\t\t\t\t<img loading=\"lazy\" decoding=\"async\" width=\"1169\" height=\"927\" src=\"https:\/\/eufoodsecurityhub.org\/wp-content\/uploads\/2023\/05\/Prac-5.png\" class=\"attachment-full size-full wp-image-375\" alt=\"\" srcset=\"https:\/\/eufoodsecurityhub.org\/wp-content\/uploads\/2023\/05\/Prac-5.png 1169w, https:\/\/eufoodsecurityhub.org\/wp-content\/uploads\/2023\/05\/Prac-5-300x238.png 300w, https:\/\/eufoodsecurityhub.org\/wp-content\/uploads\/2023\/05\/Prac-5-1024x812.png 1024w, https:\/\/eufoodsecurityhub.org\/wp-content\/uploads\/2023\/05\/Prac-5-768x609.png 768w\" sizes=\"(max-width: 1169px) 100vw, 1169px\" \/>\t\t\t\t\t\t\t\t\t\t\t\t\t\t\t<\/div>\n\t\t\t\t<\/div>\n\t\t\t\t<div class=\"elementor-element elementor-element-d21d43e elementor-align-center elementor-widget elementor-widget-button\" data-id=\"d21d43e\" data-element_type=\"widget\" data-e-type=\"widget\" data-widget_type=\"button.default\">\n\t\t\t\t<div class=\"elementor-widget-container\">\n\t\t\t\t\t\t\t\t\t<div class=\"elementor-button-wrapper\">\n\t\t\t\t\t<a class=\"elementor-button elementor-button-link elementor-size-md\" href=\"https:\/\/hub.urgenci.net\/%20\" target=\"_blank\">\n\t\t\t\t\t\t<span class=\"elementor-button-content-wrapper\">\n\t\t\t\t\t\t\t\t\t<span class=\"elementor-button-text\">VISITARE IL WEB<\/span>\n\t\t\t\t\t<\/span>\n\t\t\t\t\t<\/a>\n\t\t\t\t<\/div>\n\t\t\t\t\t\t\t\t<\/div>\n\t\t\t\t<\/div>\n\t\t\t\t<div class=\"elementor-element elementor-element-151df46 elementor-widget__width-initial elementor-widget elementor-widget-text-editor\" data-id=\"151df46\" data-element_type=\"widget\" data-e-type=\"widget\" data-widget_type=\"text-editor.default\">\n\t\t\t\t<div class=\"elementor-widget-container\">\n\t\t\t\t\t\t\t\t\t<p class=\"p1\"><b>Local Solidarity-based Partnerships for Agroecology<\/b> (LSPA), promosse da URGENCI, si concentrano su iniziative collaborative agroecologiche-alimentari ancorate ai sistemi alimentari territoriali, con l&#8217;obiettivo di facilitare la collaborazione tra agricoltori, consumatori, governi locali e altri attori per costruire sistemi alimentari locali sostenibili basati su valori condivisi di solidariet\u00e0, equit\u00e0 e trasparenza. Una risorsa di LSPA \u00e8 il <b>Villaggio Urgenci,<\/b> un centro di e-learning per la comunit\u00e0 LSPA, un villaggio virtuale in cui ogni casa offre una vasta gamma di risorse sull&#8217;agroecologia, l&#8217;advocacy, i sistemi alimentari territoriali, LSPA e la pesca sostenuta dalla comunit\u00e0<\/p>\n\t\t\t\t\t\t\t\t<\/div>\n\t\t\t\t<\/div>\n\t\t\t\t\t<\/div>\n\t\t<\/div>\n\t\t\t\t<div class=\"elementor-column elementor-col-50 elementor-top-column elementor-element elementor-element-f0b2ee6\" data-id=\"f0b2ee6\" data-element_type=\"column\" data-e-type=\"column\">\n\t\t\t<div class=\"elementor-widget-wrap\">\n\t\t\t\t\t\t\t<\/div>\n\t\t<\/div>\n\t\t\t\t\t<\/div>\n\t\t<\/section>\n\t\t\t\t<\/div>\n\t\t","protected":false},"excerpt":{"rendered":"<p>Migliori pratiche Il progetto EU Food Security HUB \u00e8 complementare alle seguenti iniziative realizzate dalle organizzazioni del Consorzio: VISITARE IL WEB La Botiga, progetto gestito da ABD, \u00e8 una cooperativa pubblica del Comune di El Prat de Llobregat che mira a superare l&#8217;insicurezza alimentare, attraverso l&#8217;empowerment della comunit\u00e0 e l&#8217;inclusione socio-lavorativa dei gruppi vulnerabili. La [&hellip;]<\/p>\n","protected":false},"author":3,"featured_media":0,"parent":0,"menu_order":0,"comment_status":"closed","ping_status":"closed","template":"elementor_header_footer","meta":{"footnotes":""},"class_list":["post-801","page","type-page","status-publish","hentry"],"_links":{"self":[{"href":"https:\/\/eufoodsecurityhub.org\/it\/wp-json\/wp\/v2\/pages\/801","targetHints":{"allow":["GET"]}}],"collection":[{"href":"https:\/\/eufoodsecurityhub.org\/it\/wp-json\/wp\/v2\/pages"}],"about":[{"href":"https:\/\/eufoodsecurityhub.org\/it\/wp-json\/wp\/v2\/types\/page"}],"author":[{"embeddable":true,"href":"https:\/\/eufoodsecurityhub.org\/it\/wp-json\/wp\/v2\/users\/3"}],"replies":[{"embeddable":true,"href":"https:\/\/eufoodsecurityhub.org\/it\/wp-json\/wp\/v2\/comments?post=801"}],"version-history":[{"count":0,"href":"https:\/\/eufoodsecurityhub.org\/it\/wp-json\/wp\/v2\/pages\/801\/revisions"}],"wp:attachment":[{"href":"https:\/\/eufoodsecurityhub.org\/it\/wp-json\/wp\/v2\/media?parent=801"}],"curies":[{"name":"wp","href":"https:\/\/api.w.org\/{rel}","templated":true}]}}